{"id":7319,"date":"2023-02-13T12:56:04","date_gmt":"2023-02-13T15:56:04","guid":{"rendered":"https:\/\/wp.ufpel.edu.br\/computacao\/?page_id=7319"},"modified":"2023-03-06T23:12:29","modified_gmt":"2023-03-07T02:12:29","slug":"selecao-suplementar-aluno-regular-2023-1-e-2023-2","status":"publish","type":"page","link":"https:\/\/wp.ufpel.edu.br\/computacao\/ppgc\/selecao-suplementar-aluno-regular-2023-1-e-2023-2\/","title":{"rendered":"Sele\u00e7\u00e3o suplementar aluno regular 2023\/1 e 2023\/2"},"content":{"rendered":"\n<p><strong>Edital<\/strong><\/p>\n\n\n\n<ul class=\"wp-block-list\">\n<li><a href=\"https:\/\/wp.ufpel.edu.br\/computacao\/files\/2023\/02\/SEI_UFPel-2044997-Edital-Suplementar-de-selecao-PRPPG.pdf\">Edital N\u00ba 038\/2023 &#8211; Sele\u00e7\u00e3o Suplementar de Aluno Regular de Mestrado 2023<\/a><\/li>\n<\/ul>\n\n\n\n<p><strong>Formul\u00e1rio de inscri\u00e7\u00e3o<\/strong><\/p>\n\n\n\n<ul class=\"wp-block-list\">\n<li><a href=\"http:\/\/ia.ufpel.edu.br\/inscricao-no-processo-seletivo-ppgc-ufpel-2023-1\/\">Inscri\u00e7\u00f5es de 15 a 21 de fevereiro de 2023<\/a><\/li>\n<\/ul>\n\n\n\n<p><strong>Lista de inscri\u00e7\u00f5es homologadas<\/strong><\/p>\n\n\n\n<ul class=\"wp-block-list\">\n<li><a href=\"https:\/\/wp.ufpel.edu.br\/computacao\/files\/2023\/02\/SEI_UFPel-2057218-Despacho-Homologados.pdf\">Inscri\u00e7\u00f5es homologadas<\/a><\/li>\n<\/ul>\n\n\n\n<p><strong>Lista dos selecionados<\/strong><\/p>\n\n\n\n<ul class=\"wp-block-list\">\n<li><a href=\"https:\/\/wp.ufpel.edu.br\/computacao\/files\/2023\/02\/SEI_UFPel-2059634-Despacho-Resultado-Suplementar.pdf\">Resultado preliminar<\/a><\/li>\n\n\n\n<li><a href=\"https:\/\/wp.ufpel.edu.br\/computacao\/files\/2023\/03\/SEI_UFPel-2074096-Despacho-ES-Final.pdf\">Resultado final<\/a><\/li>\n<\/ul>\n","protected":false},"excerpt":{"rendered":"<p>Edital Formul\u00e1rio de inscri\u00e7\u00e3o Lista de inscri\u00e7\u00f5es homologadas Lista dos selecionados<\/p>\n","protected":false},"author":881,"featured_media":0,"parent":118,"menu_order":0,"comment_status":"closed","ping_status":"closed","template":"","meta":{"jetpack_post_was_ever_published":false,"footnotes":""},"class_list":["post-7319","page","type-page","status-publish","hentry"],"jetpack_sharing_enabled":true,"jetpack_shortlink":"https:\/\/wp.me\/PaGhNl-1U3","_links":{"self":[{"href":"https:\/\/wp.ufpel.edu.br\/computacao\/wp-json\/wp\/v2\/pages\/7319","targetHints":{"allow":["GET"]}}],"collection":[{"href":"https:\/\/wp.ufpel.edu.br\/computacao\/wp-json\/wp\/v2\/pages"}],"about":[{"href":"https:\/\/wp.ufpel.edu.br\/computacao\/wp-json\/wp\/v2\/types\/page"}],"author":[{"embeddable":true,"href":"https:\/\/wp.ufpel.edu.br\/computacao\/wp-json\/wp\/v2\/users\/881"}],"replies":[{"embeddable":true,"href":"https:\/\/wp.ufpel.edu.br\/computacao\/wp-json\/wp\/v2\/comments?post=7319"}],"version-history":[{"count":8,"href":"https:\/\/wp.ufpel.edu.br\/computacao\/wp-json\/wp\/v2\/pages\/7319\/revisions"}],"predecessor-version":[{"id":7370,"href":"https:\/\/wp.ufpel.edu.br\/computacao\/wp-json\/wp\/v2\/pages\/7319\/revisions\/7370"}],"up":[{"embeddable":true,"href":"https:\/\/wp.ufpel.edu.br\/computacao\/wp-json\/wp\/v2\/pages\/118"}],"wp:attachment":[{"href":"https:\/\/wp.ufpel.edu.br\/computacao\/wp-json\/wp\/v2\/media?parent=7319"}],"curies":[{"name":"wp","href":"https:\/\/api.w.org\/{rel}","templated":true}]}}