{"id":7300,"date":"2023-02-10T12:06:27","date_gmt":"2023-02-10T15:06:27","guid":{"rendered":"https:\/\/wp.ufpel.edu.br\/computacao\/?page_id=7300"},"modified":"2023-03-09T16:16:40","modified_gmt":"2023-03-09T19:16:40","slug":"edital-classificacao-bolsas-2023-1","status":"publish","type":"page","link":"https:\/\/wp.ufpel.edu.br\/computacao\/edital-classificacao-bolsas-2023-1\/","title":{"rendered":"Edital de Classifica\u00e7\u00e3o para Aloca\u00e7\u00e3o de Bolsas 2023\/1"},"content":{"rendered":"\n<p><strong>Edital<\/strong><\/p>\n\n\n\n<ul class=\"wp-block-list\">\n<li><a href=\"https:\/\/wp.ufpel.edu.br\/computacao\/files\/2023\/02\/SEI_UFPel-2044039-Edital-de-Bolsas-2023-1.pdf\">Edital Interno PPGC N\u00ba 01\/2023 &#8211; Classifica\u00e7\u00e3o para Aloca\u00e7\u00e3o de Bolsas 2023\/1<\/a><\/li>\n<\/ul>\n\n\n\n<p><strong>Formul\u00e1rio de inscri\u00e7\u00e3o<\/strong><\/p>\n\n\n\n<ul class=\"wp-block-list\">\n<li><a href=\"https:\/\/forms.gle\/6z68K5KUtfKyjs1C9\">Inscri\u00e7\u00f5es entre 13\/02\/2023 e 03\/03\/2023<\/a><\/li>\n<\/ul>\n\n\n\n<p><strong>Homologa\u00e7\u00e3o<\/strong><\/p>\n\n\n\n<ul class=\"wp-block-list\">\n<li><a href=\"https:\/\/wp.ufpel.edu.br\/computacao\/files\/2023\/03\/SEI_UFPel-2074103-Despacho-DS-Homologadas.pdf\">Inscri\u00e7\u00f5es homologadas<\/a><\/li>\n<\/ul>\n\n\n\n<p><strong>Resultado<\/strong><\/p>\n\n\n\n<ul class=\"wp-block-list\">\n<li><a href=\"https:\/\/wp.ufpel.edu.br\/computacao\/files\/2023\/03\/SEI_UFPel-2079078-Despacho-Bolsas-Resultados.pdf\">Resultado do ranking de bolsas 2023\/1<\/a><\/li>\n<\/ul>\n\n\n\n<p><strong>Regulamenta\u00e7\u00e3o das bolsas<\/strong><\/p>\n\n\n\n<ul class=\"wp-block-list\">\n<li><a rel=\"noreferrer noopener\" href=\"https:\/\/wp.ufpel.edu.br\/computacao\/files\/2022\/02\/SEI_UFPel-1579567-Resolucao-01-2022.pdf\" target=\"_blank\">Resolu\u00e7\u00e3o PPGC n\u00ba 01\/2022<\/a><\/li>\n\n\n\n<li><a href=\"http:\/\/cad.capes.gov.br\/ato-administrativo-detalhar?idAtoAdmElastic=741\">Portaria CAPES n\u00ba 76\/2010<\/a><\/li>\n<\/ul>\n\n\n\n<p><\/p>\n","protected":false},"excerpt":{"rendered":"<p>Edital Formul\u00e1rio de inscri\u00e7\u00e3o Homologa\u00e7\u00e3o Resultado Regulamenta\u00e7\u00e3o das bolsas<\/p>\n","protected":false},"author":881,"featured_media":0,"parent":0,"menu_order":0,"comment_status":"closed","ping_status":"closed","template":"","meta":{"jetpack_post_was_ever_published":false,"footnotes":""},"class_list":["post-7300","page","type-page","status-publish","hentry"],"jetpack_sharing_enabled":true,"jetpack_shortlink":"https:\/\/wp.me\/PaGhNl-1TK","_links":{"self":[{"href":"https:\/\/wp.ufpel.edu.br\/computacao\/wp-json\/wp\/v2\/pages\/7300","targetHints":{"allow":["GET"]}}],"collection":[{"href":"https:\/\/wp.ufpel.edu.br\/computacao\/wp-json\/wp\/v2\/pages"}],"about":[{"href":"https:\/\/wp.ufpel.edu.br\/computacao\/wp-json\/wp\/v2\/types\/page"}],"author":[{"embeddable":true,"href":"https:\/\/wp.ufpel.edu.br\/computacao\/wp-json\/wp\/v2\/users\/881"}],"replies":[{"embeddable":true,"href":"https:\/\/wp.ufpel.edu.br\/computacao\/wp-json\/wp\/v2\/comments?post=7300"}],"version-history":[{"count":8,"href":"https:\/\/wp.ufpel.edu.br\/computacao\/wp-json\/wp\/v2\/pages\/7300\/revisions"}],"predecessor-version":[{"id":7394,"href":"https:\/\/wp.ufpel.edu.br\/computacao\/wp-json\/wp\/v2\/pages\/7300\/revisions\/7394"}],"wp:attachment":[{"href":"https:\/\/wp.ufpel.edu.br\/computacao\/wp-json\/wp\/v2\/media?parent=7300"}],"curies":[{"name":"wp","href":"https:\/\/api.w.org\/{rel}","templated":true}]}}