{"id":7147,"date":"2022-11-22T10:05:09","date_gmt":"2022-11-22T13:05:09","guid":{"rendered":"https:\/\/wp.ufpel.edu.br\/computacao\/?page_id=7147"},"modified":"2023-02-13T20:07:39","modified_gmt":"2023-02-13T23:07:39","slug":"selecao-aluno-regular-2023-1","status":"publish","type":"page","link":"https:\/\/wp.ufpel.edu.br\/computacao\/ppgc\/selecao-aluno-regular-2023-1\/","title":{"rendered":"Sele\u00e7\u00e3o aluno regular 2023\/1 e 2023\/2"},"content":{"rendered":"\n<p><strong>Edital<\/strong><\/p>\n\n\n\n<ul class=\"wp-block-list\">\n<li><a rel=\"noreferrer noopener\" href=\"https:\/\/wp.ufpel.edu.br\/computacao\/files\/2022\/12\/Edital-de-selecao-PPGC-2023.pdf\" target=\"_blank\">Edital N\u00ba 248\/2022 &#8211; Sele\u00e7\u00e3o de Aluno Regular 2023<\/a> <strong><mark style=\"background-color:rgba(0, 0, 0, 0)\" class=\"has-inline-color has-vivid-red-color\">[ENCERRADO]<\/mark><\/strong><\/li>\n\n\n\n<li><a rel=\"noreferrer noopener\" href=\"https:\/\/wp.ufpel.edu.br\/computacao\/files\/2022\/12\/SEI_UFPel-2004405-Edital-de-Retificacao-PRPPG.pdf\" target=\"_blank\">Retifica\u00e7\u00e3o do Edital N\u00ba 248\/2022<\/a> <strong><mark style=\"background-color:rgba(0, 0, 0, 0)\" class=\"has-inline-color has-vivid-red-color\">[ENCERRADO]<\/mark><\/strong><\/li>\n<\/ul>\n\n\n\n<p><strong>Formul\u00e1rio de inscri\u00e7\u00e3o<\/strong><\/p>\n\n\n\n<ul class=\"wp-block-list\">\n<li><a rel=\"noreferrer noopener\" href=\"http:\/\/ia.ufpel.edu.br\/inscricao-no-processo-seletivo-ppgc-ufpel-2023-1\/\" target=\"_blank\">Formul\u00e1rio de inscri\u00e7\u00f5es<\/a> <strong><mark style=\"background-color:rgba(0, 0, 0, 0)\" class=\"has-inline-color has-vivid-red-color\">[ENCERRADO]<\/mark><\/strong><\/li>\n\n\n\n<li><a rel=\"noreferrer noopener\" href=\"https:\/\/wp.ufpel.edu.br\/computacao\/files\/2022\/12\/PPG-AUTODECLARACAO-ETNICO-RACIAL-1.pdf\" target=\"_blank\">Formul\u00e1rio de Autodeclara\u00e7\u00e3o \u00c9tnico-Racial<\/a> (para candidatas\/os que se autodeclaram negras\/os)<\/li>\n\n\n\n<li><a rel=\"noreferrer noopener\" href=\"https:\/\/wp.ufpel.edu.br\/computacao\/files\/2022\/12\/Autodeclaracao_de_Identidade_de_Genero.pdf\" target=\"_blank\">Formul\u00e1rio de Autodeclara\u00e7\u00e3o de Identidade de G\u00eanero<\/a> (para pessoas que se autodeclaram travestis e transexuais)<\/li>\n<\/ul>\n\n\n\n<p><strong>Lista de inscri\u00e7\u00f5es homologadas<\/strong><\/p>\n\n\n\n<ul class=\"wp-block-list\">\n<li><a href=\"https:\/\/wp.ufpel.edu.br\/computacao\/files\/2023\/01\/SEI_UFPel-2026535-Homologa-2023.pdf\">Inscri\u00e7\u00f5es homologadas<\/a><\/li>\n\n\n\n<li><a href=\"https:\/\/wp.ufpel.edu.br\/computacao\/files\/2023\/01\/SEI_UFPel-2029837-Homologa-Recursos-Regular-2023.pdf\">Inscri\u00e7\u00f5es homologadas (ap\u00f3s recursos)<\/a><\/li>\n<\/ul>\n\n\n\n<p><strong>Datas e hor\u00e1rios das entrevistas para candidatos ao doutorado<\/strong><\/p>\n\n\n\n<ul class=\"wp-block-list\">\n<li><a href=\"https:\/\/wp.ufpel.edu.br\/computacao\/files\/2023\/01\/AgendaEntrevistasPPGC20231.pdf\">Agenda de entrevistas<\/a><\/li>\n<\/ul>\n\n\n\n<p><strong>Lista dos selecionados<\/strong><\/p>\n\n\n\n<ul class=\"wp-block-list\">\n<li><a href=\"https:\/\/wp.ufpel.edu.br\/computacao\/files\/2023\/02\/SEI_UFPel-2038924-Despacho-Mestrado.pdf\">Resultado do Mestrado e instru\u00e7\u00f5es de matr\u00edcula<\/a><\/li>\n\n\n\n<li><a href=\"https:\/\/wp.ufpel.edu.br\/computacao\/files\/2023\/02\/SEI_UFPel-2038947-Despacho-Doutorado.pdf\">Resultado do Doutorado e instru\u00e7\u00f5es de matr\u00edcula<\/a><\/li>\n\n\n\n<li><a href=\"https:\/\/wp.ufpel.edu.br\/computacao\/files\/2023\/02\/SEI_UFPel-2048677-Despacho-Resultado-Final-Mestrado.pdf\">Resultado Final (ap\u00f3s recursos) do Mestrado e instru\u00e7\u00f5es de matr\u00edcula<\/a><\/li>\n\n\n\n<li><a href=\"https:\/\/wp.ufpel.edu.br\/computacao\/files\/2023\/02\/SEI_UFPel-2048679-Despacho-Resultado-Final-Doutorado.pdf\">Resultado Final (ap\u00f3s recursos) do Doutorado e instru\u00e7\u00f5es de matr\u00edcula<\/a><\/li>\n<\/ul>\n\n\n\n<p><strong>Recomenda\u00e7\u00f5es para o projeto e memorial acad\u00eamico para inscri\u00e7\u00f5es ao doutorado<\/strong><\/p>\n\n\n\n<p>Projeto de doutorado: O projeto de doutorado deve apresentar de maneira clara um problema de pesquisa, as contribui\u00e7\u00f5es j\u00e1 existentes na literatura para resolver este problema e as hip\u00f3teses inovadoras que o candidato pretende testar para resolver o problema durante o seu curso de doutorado. O objetivo geral e espec\u00edficos tamb\u00e9m devem ser apresentados e devem refletir os resultados que s\u00e3o pretendidos com o desenvolvimento do trabalho. A metodologia deve descrever os materiais e m\u00e9todos que s\u00e3o necess\u00e1rios para testar as hip\u00f3teses.<\/p>\n\n\n\n<p>Memorial acad\u00eamico: O memorial acad\u00eamico deve apresentar a hist\u00f3ria acad\u00eamica do candidato, destacando a sua forma\u00e7\u00e3o de n\u00edvel superior e suas principais atividades de pesquisa e inova\u00e7\u00e3o.<\/p>\n","protected":false},"excerpt":{"rendered":"<p>Edital Formul\u00e1rio de inscri\u00e7\u00e3o Lista de inscri\u00e7\u00f5es homologadas Datas e hor\u00e1rios das entrevistas para candidatos ao doutorado Lista dos selecionados Recomenda\u00e7\u00f5es para o projeto e memorial acad\u00eamico para inscri\u00e7\u00f5es ao doutorado Projeto de doutorado:&#46;&#46;&#46;<\/p>\n","protected":false},"author":881,"featured_media":0,"parent":118,"menu_order":0,"comment_status":"closed","ping_status":"closed","template":"","meta":{"jetpack_post_was_ever_published":false,"footnotes":""},"class_list":["post-7147","page","type-page","status-publish","hentry"],"jetpack_sharing_enabled":true,"jetpack_shortlink":"https:\/\/wp.me\/PaGhNl-1Rh","_links":{"self":[{"href":"https:\/\/wp.ufpel.edu.br\/computacao\/wp-json\/wp\/v2\/pages\/7147","targetHints":{"allow":["GET"]}}],"collection":[{"href":"https:\/\/wp.ufpel.edu.br\/computacao\/wp-json\/wp\/v2\/pages"}],"about":[{"href":"https:\/\/wp.ufpel.edu.br\/computacao\/wp-json\/wp\/v2\/types\/page"}],"author":[{"embeddable":true,"href":"https:\/\/wp.ufpel.edu.br\/computacao\/wp-json\/wp\/v2\/users\/881"}],"replies":[{"embeddable":true,"href":"https:\/\/wp.ufpel.edu.br\/computacao\/wp-json\/wp\/v2\/comments?post=7147"}],"version-history":[{"count":34,"href":"https:\/\/wp.ufpel.edu.br\/computacao\/wp-json\/wp\/v2\/pages\/7147\/revisions"}],"predecessor-version":[{"id":7335,"href":"https:\/\/wp.ufpel.edu.br\/computacao\/wp-json\/wp\/v2\/pages\/7147\/revisions\/7335"}],"up":[{"embeddable":true,"href":"https:\/\/wp.ufpel.edu.br\/computacao\/wp-json\/wp\/v2\/pages\/118"}],"wp:attachment":[{"href":"https:\/\/wp.ufpel.edu.br\/computacao\/wp-json\/wp\/v2\/media?parent=7147"}],"curies":[{"name":"wp","href":"https:\/\/api.w.org\/{rel}","templated":true}]}}