{"id":7073,"date":"2022-06-13T15:14:54","date_gmt":"2022-06-13T18:14:54","guid":{"rendered":"https:\/\/wp.ufpel.edu.br\/computacao\/?page_id=7073"},"modified":"2022-08-01T21:26:16","modified_gmt":"2022-08-02T00:26:16","slug":"edital-classificacao-bolsas-2022-2","status":"publish","type":"page","link":"https:\/\/wp.ufpel.edu.br\/computacao\/ppgc\/edital-classificacao-bolsas-2022-2\/","title":{"rendered":"Edital classifica\u00e7\u00e3o bolsas 2022\/2"},"content":{"rendered":"\n<p><strong>Edital<\/strong><\/p>\n\n\n\n<ul class=\"wp-block-list\"><li><a href=\"https:\/\/wp.ufpel.edu.br\/computacao\/files\/2022\/07\/Edital_Bolsas_PPGC_2022_2.pdf\" target=\"_blank\" rel=\"noreferrer noopener\">Edital completo<\/a><\/li><\/ul>\n\n\n\n<p><strong>Formul\u00e1rio de inscri\u00e7\u00e3o<\/strong><\/p>\n\n\n\n<ul class=\"wp-block-list\"><li>Inscri\u00e7\u00f5es encerradas!<\/li><\/ul>\n\n\n\n<p><strong>Homologa\u00e7\u00e3o<\/strong><\/p>\n\n\n\n<ul class=\"wp-block-list\"><li><a href=\"https:\/\/wp.ufpel.edu.br\/computacao\/files\/2022\/08\/SEI_UFPel-1802750-Despacho-Homologacoes.pdf\" target=\"_blank\" rel=\"noreferrer noopener\">Inscri\u00e7\u00f5es homologadas<\/a><\/li><\/ul>\n\n\n\n<p><strong>Resultado<\/strong><\/p>\n\n\n\n<ul class=\"wp-block-list\"><li><a href=\"https:\/\/wp.ufpel.edu.br\/computacao\/files\/2022\/08\/SEI_UFPel-1802752-Despacho-Resultados.pdf\" target=\"_blank\" rel=\"noreferrer noopener\">Ranking de bolsas<\/a><\/li><\/ul>\n\n\n\n<p><strong>Resolu\u00e7\u00e3o de bolsas<\/strong><\/p>\n\n\n\n<ul class=\"wp-block-list\"><li><a href=\"https:\/\/wp.ufpel.edu.br\/computacao\/files\/2022\/02\/SEI_UFPel-1579567-Resolucao-01-2022.pdf\" target=\"_blank\" rel=\"noreferrer noopener\">Resolu\u00e7\u00e3o 01\/2022<\/a><\/li><\/ul>\n\n\n\n<p><\/p>\n","protected":false},"excerpt":{"rendered":"<p>Edital Edital completo Formul\u00e1rio de inscri\u00e7\u00e3o Inscri\u00e7\u00f5es encerradas! Homologa\u00e7\u00e3o Inscri\u00e7\u00f5es homologadas Resultado Ranking de bolsas Resolu\u00e7\u00e3o de bolsas Resolu\u00e7\u00e3o 01\/2022<\/p>\n","protected":false},"author":881,"featured_media":0,"parent":118,"menu_order":0,"comment_status":"closed","ping_status":"closed","template":"","meta":{"jetpack_post_was_ever_published":false,"footnotes":""},"class_list":["post-7073","page","type-page","status-publish","hentry"],"jetpack_sharing_enabled":true,"jetpack_shortlink":"https:\/\/wp.me\/PaGhNl-1Q5","_links":{"self":[{"href":"https:\/\/wp.ufpel.edu.br\/computacao\/wp-json\/wp\/v2\/pages\/7073","targetHints":{"allow":["GET"]}}],"collection":[{"href":"https:\/\/wp.ufpel.edu.br\/computacao\/wp-json\/wp\/v2\/pages"}],"about":[{"href":"https:\/\/wp.ufpel.edu.br\/computacao\/wp-json\/wp\/v2\/types\/page"}],"author":[{"embeddable":true,"href":"https:\/\/wp.ufpel.edu.br\/computacao\/wp-json\/wp\/v2\/users\/881"}],"replies":[{"embeddable":true,"href":"https:\/\/wp.ufpel.edu.br\/computacao\/wp-json\/wp\/v2\/comments?post=7073"}],"version-history":[{"count":4,"href":"https:\/\/wp.ufpel.edu.br\/computacao\/wp-json\/wp\/v2\/pages\/7073\/revisions"}],"predecessor-version":[{"id":7135,"href":"https:\/\/wp.ufpel.edu.br\/computacao\/wp-json\/wp\/v2\/pages\/7073\/revisions\/7135"}],"up":[{"embeddable":true,"href":"https:\/\/wp.ufpel.edu.br\/computacao\/wp-json\/wp\/v2\/pages\/118"}],"wp:attachment":[{"href":"https:\/\/wp.ufpel.edu.br\/computacao\/wp-json\/wp\/v2\/media?parent=7073"}],"curies":[{"name":"wp","href":"https:\/\/api.w.org\/{rel}","templated":true}]}}