{"id":7050,"date":"2022-05-25T13:36:50","date_gmt":"2022-05-25T16:36:50","guid":{"rendered":"https:\/\/wp.ufpel.edu.br\/computacao\/?page_id=7050"},"modified":"2025-02-14T18:31:37","modified_gmt":"2025-02-14T21:31:37","slug":"editais-de-professor-visitante","status":"publish","type":"page","link":"https:\/\/wp.ufpel.edu.br\/computacao\/ppgc\/editais-de-professor-visitante\/","title":{"rendered":"Editais de professor visitante"},"content":{"rendered":"\n<p>Eventualmente a UFPel abre editais para que os programas de p\u00f3s-gradua\u00e7\u00e3o possam realizar a contrata\u00e7\u00e3o tempor\u00e1ria de Professores Visitantes (Nacional ou Estrangeiro), conforme regulamentos internos.<\/p>\n\n\n\n<ul class=\"wp-block-list\">\n<li><a href=\"https:\/\/wp.ufpel.edu.br\/computacao\/ppgc\/edital-de-selecao-para-professor-visitante-2025\/\" data-type=\"page\" data-id=\"8316\">Edital de sele\u00e7\u00e3o para professor visitante 2025<\/a><\/li>\n\n\n\n<li><a href=\"https:\/\/wp.ufpel.edu.br\/computacao\/ppgc\/edital-de-selecao-para-professor-visitante-2022\/\">Edital de sele\u00e7\u00e3o para professor visitante 2022<\/a><\/li>\n<\/ul>\n\n\n\n<p><\/p>\n","protected":false},"excerpt":{"rendered":"<p>Eventualmente a UFPel abre editais para que os programas de p\u00f3s-gradua\u00e7\u00e3o possam realizar a contrata\u00e7\u00e3o tempor\u00e1ria de Professores Visitantes (Nacional ou Estrangeiro), conforme regulamentos internos.<\/p>\n","protected":false},"author":881,"featured_media":0,"parent":118,"menu_order":0,"comment_status":"closed","ping_status":"closed","template":"","meta":{"jetpack_post_was_ever_published":false,"footnotes":""},"class_list":["post-7050","page","type-page","status-publish","hentry"],"jetpack_sharing_enabled":true,"jetpack_shortlink":"https:\/\/wp.me\/PaGhNl-1PI","_links":{"self":[{"href":"https:\/\/wp.ufpel.edu.br\/computacao\/wp-json\/wp\/v2\/pages\/7050","targetHints":{"allow":["GET"]}}],"collection":[{"href":"https:\/\/wp.ufpel.edu.br\/computacao\/wp-json\/wp\/v2\/pages"}],"about":[{"href":"https:\/\/wp.ufpel.edu.br\/computacao\/wp-json\/wp\/v2\/types\/page"}],"author":[{"embeddable":true,"href":"https:\/\/wp.ufpel.edu.br\/computacao\/wp-json\/wp\/v2\/users\/881"}],"replies":[{"embeddable":true,"href":"https:\/\/wp.ufpel.edu.br\/computacao\/wp-json\/wp\/v2\/comments?post=7050"}],"version-history":[{"count":8,"href":"https:\/\/wp.ufpel.edu.br\/computacao\/wp-json\/wp\/v2\/pages\/7050\/revisions"}],"predecessor-version":[{"id":8350,"href":"https:\/\/wp.ufpel.edu.br\/computacao\/wp-json\/wp\/v2\/pages\/7050\/revisions\/8350"}],"up":[{"embeddable":true,"href":"https:\/\/wp.ufpel.edu.br\/computacao\/wp-json\/wp\/v2\/pages\/118"}],"wp:attachment":[{"href":"https:\/\/wp.ufpel.edu.br\/computacao\/wp-json\/wp\/v2\/media?parent=7050"}],"curies":[{"name":"wp","href":"https:\/\/api.w.org\/{rel}","templated":true}]}}