{"id":7036,"date":"2022-04-07T15:06:53","date_gmt":"2022-04-07T18:06:53","guid":{"rendered":"https:\/\/wp.ufpel.edu.br\/computacao\/?page_id=7036"},"modified":"2022-04-07T15:23:17","modified_gmt":"2022-04-07T18:23:17","slug":"teses-e-dissertacoes","status":"publish","type":"page","link":"https:\/\/wp.ufpel.edu.br\/computacao\/ppgc\/teses-e-dissertacoes\/","title":{"rendered":"Teses e Disserta\u00e7\u00f5es"},"content":{"rendered":"\n<p><\/p>\n\n\n\n<p><\/p>\n\n\n\n<p><a href=\"http:\/\/guaiaca.ufpel.edu.br\/browse?type=program&amp;value=Programa+de+P%C3%B3s-Gradua%C3%A7%C3%A3o+em+Computa%C3%A7%C3%A3o&amp;sort_by=2&amp;order=DESC&amp;rpp=20&amp;etal=0&amp;submit_browse=Update\">Teses e Disserta\u00e7\u00f5es conclu\u00eddas no PPGC<\/a><\/p>\n","protected":false},"excerpt":{"rendered":"<p>Teses e Disserta\u00e7\u00f5es conclu\u00eddas no PPGC<\/p>\n","protected":false},"author":881,"featured_media":0,"parent":118,"menu_order":1,"comment_status":"closed","ping_status":"closed","template":"","meta":{"jetpack_post_was_ever_published":false,"footnotes":""},"class_list":["post-7036","page","type-page","status-publish","hentry"],"jetpack_sharing_enabled":true,"jetpack_shortlink":"https:\/\/wp.me\/PaGhNl-1Pu","_links":{"self":[{"href":"https:\/\/wp.ufpel.edu.br\/computacao\/wp-json\/wp\/v2\/pages\/7036","targetHints":{"allow":["GET"]}}],"collection":[{"href":"https:\/\/wp.ufpel.edu.br\/computacao\/wp-json\/wp\/v2\/pages"}],"about":[{"href":"https:\/\/wp.ufpel.edu.br\/computacao\/wp-json\/wp\/v2\/types\/page"}],"author":[{"embeddable":true,"href":"https:\/\/wp.ufpel.edu.br\/computacao\/wp-json\/wp\/v2\/users\/881"}],"replies":[{"embeddable":true,"href":"https:\/\/wp.ufpel.edu.br\/computacao\/wp-json\/wp\/v2\/comments?post=7036"}],"version-history":[{"count":3,"href":"https:\/\/wp.ufpel.edu.br\/computacao\/wp-json\/wp\/v2\/pages\/7036\/revisions"}],"predecessor-version":[{"id":7044,"href":"https:\/\/wp.ufpel.edu.br\/computacao\/wp-json\/wp\/v2\/pages\/7036\/revisions\/7044"}],"up":[{"embeddable":true,"href":"https:\/\/wp.ufpel.edu.br\/computacao\/wp-json\/wp\/v2\/pages\/118"}],"wp:attachment":[{"href":"https:\/\/wp.ufpel.edu.br\/computacao\/wp-json\/wp\/v2\/media?parent=7036"}],"curies":[{"name":"wp","href":"https:\/\/api.w.org\/{rel}","templated":true}]}}