{"id":6740,"date":"2021-06-15T17:00:23","date_gmt":"2021-06-15T20:00:23","guid":{"rendered":"https:\/\/wp.ufpel.edu.br\/computacao\/?page_id=6740"},"modified":"2021-08-02T21:40:28","modified_gmt":"2021-08-03T00:40:28","slug":"edital-classificacao-bolsas-2021-2","status":"publish","type":"page","link":"https:\/\/wp.ufpel.edu.br\/computacao\/ppgc\/edital-classificacao-bolsas-2021-2\/","title":{"rendered":"Edital classifica\u00e7\u00e3o bolsas 2021\/2"},"content":{"rendered":"\n<p><strong>Edital<\/strong><\/p>\n\n\n\n<ul class=\"wp-block-list\"><li><a href=\"https:\/\/wp.ufpel.edu.br\/computacao\/files\/2021\/07\/SEI_UFPel-1354896-PRPPGI-Edital-de-Bolsas-2021-2.pdf\" target=\"_blank\" rel=\"noreferrer noopener\">Edital completo<\/a><\/li><\/ul>\n\n\n\n<p><strong>Formul\u00e1rio de inscri\u00e7\u00e3o<\/strong><\/p>\n\n\n\n<ul class=\"wp-block-list\"><li>Inscri\u00e7\u00f5es encerradas!<\/li><\/ul>\n\n\n\n<p><strong>Resultado<\/strong><\/p>\n\n\n\n<ul class=\"wp-block-list\"><li><a href=\"https:\/\/wp.ufpel.edu.br\/computacao\/files\/2021\/08\/SEI_UFPel-1383506-Resultado-Bolsas-2021_2.pdf\">Ranking de bolsas<\/a><\/li><\/ul>\n\n\n\n<p><strong>Resolu\u00e7\u00e3o de bolsas<\/strong><\/p>\n\n\n\n<ul class=\"wp-block-list\"><li><a rel=\"noreferrer noopener\" href=\"https:\/\/wp.ufpel.edu.br\/computacao\/files\/2020\/12\/SEI_UFPel-1117386-Resolucao-bolsas-1.pdf\" target=\"_blank\">Resolu\u00e7\u00e3o 01\/2020<\/a><\/li><\/ul>\n","protected":false},"excerpt":{"rendered":"<p>Edital Edital completo Formul\u00e1rio de inscri\u00e7\u00e3o Inscri\u00e7\u00f5es encerradas! Resultado Ranking de bolsas Resolu\u00e7\u00e3o de bolsas Resolu\u00e7\u00e3o 01\/2020<\/p>\n","protected":false},"author":881,"featured_media":0,"parent":118,"menu_order":0,"comment_status":"closed","ping_status":"closed","template":"","meta":{"jetpack_post_was_ever_published":false,"footnotes":""},"class_list":["post-6740","page","type-page","status-publish","hentry"],"jetpack_sharing_enabled":true,"jetpack_shortlink":"https:\/\/wp.me\/PaGhNl-1KI","_links":{"self":[{"href":"https:\/\/wp.ufpel.edu.br\/computacao\/wp-json\/wp\/v2\/pages\/6740","targetHints":{"allow":["GET"]}}],"collection":[{"href":"https:\/\/wp.ufpel.edu.br\/computacao\/wp-json\/wp\/v2\/pages"}],"about":[{"href":"https:\/\/wp.ufpel.edu.br\/computacao\/wp-json\/wp\/v2\/types\/page"}],"author":[{"embeddable":true,"href":"https:\/\/wp.ufpel.edu.br\/computacao\/wp-json\/wp\/v2\/users\/881"}],"replies":[{"embeddable":true,"href":"https:\/\/wp.ufpel.edu.br\/computacao\/wp-json\/wp\/v2\/comments?post=6740"}],"version-history":[{"count":9,"href":"https:\/\/wp.ufpel.edu.br\/computacao\/wp-json\/wp\/v2\/pages\/6740\/revisions"}],"predecessor-version":[{"id":6852,"href":"https:\/\/wp.ufpel.edu.br\/computacao\/wp-json\/wp\/v2\/pages\/6740\/revisions\/6852"}],"up":[{"embeddable":true,"href":"https:\/\/wp.ufpel.edu.br\/computacao\/wp-json\/wp\/v2\/pages\/118"}],"wp:attachment":[{"href":"https:\/\/wp.ufpel.edu.br\/computacao\/wp-json\/wp\/v2\/media?parent=6740"}],"curies":[{"name":"wp","href":"https:\/\/api.w.org\/{rel}","templated":true}]}}