{"id":6513,"date":"2021-01-07T09:31:42","date_gmt":"2021-01-07T12:31:42","guid":{"rendered":"https:\/\/wp.ufpel.edu.br\/computacao\/?page_id=6513"},"modified":"2021-07-10T13:45:53","modified_gmt":"2021-07-10T16:45:53","slug":"selecao-aluno-especial-2021-1","status":"publish","type":"page","link":"https:\/\/wp.ufpel.edu.br\/computacao\/ppgc\/selecao-aluno-especial-2021-1\/","title":{"rendered":"Sele\u00e7\u00e3o aluno especial 2021\/1"},"content":{"rendered":"\n<p class=\"wp-block-paragraph\">Edital encerrado!<\/p>\n\n\n\n<p class=\"wp-block-paragraph\"><strong>Edital<\/strong><\/p>\n\n\n\n<ul class=\"wp-block-list\"><li><a href=\"https:\/\/wp.ufpel.edu.br\/computacao\/files\/2021\/01\/SEI_UFPel-1191117-Edital-de-selecao-PRPPGI.pdf\" target=\"_blank\" rel=\"noreferrer noopener\">Edital completo<\/a><\/li><\/ul>\n\n\n\n<p class=\"wp-block-paragraph\"><strong>Formul\u00e1rio de inscri\u00e7\u00e3o<\/strong> <\/p>\n\n\n\n<ul class=\"wp-block-list\"><li>Inscri\u00e7\u00f5es encerradas!<\/li><\/ul>\n\n\n\n<p class=\"wp-block-paragraph\"><strong>Lista de inscri\u00e7\u00f5es homologadas<\/strong><\/p>\n\n\n\n<ul class=\"wp-block-list\"><li><a href=\"https:\/\/wp.ufpel.edu.br\/computacao\/files\/2021\/02\/SEI_UFPel-1206982-Homologadas-Aluno-Especial.pdf\">Inscri\u00e7\u00f5es Homol<\/a><a href=\"http:\/\/www\">o<\/a><a href=\"https:\/\/wp.ufpel.edu.br\/computacao\/files\/2021\/02\/SEI_UFPel-1206982-Homologadas-Aluno-Especial.pdf\">gadas<\/a><\/li><li><a href=\"https:\/\/wp.ufpel.edu.br\/computacao\/files\/2021\/02\/SEI_UFPel-1211857-Homolagadas-Aluno-Especial-Recursos.pdf\">Inscri\u00e7\u00f5es Homologadas (ap\u00f3s recursos)<\/a><\/li><\/ul>\n\n\n\n<p class=\"wp-block-paragraph\"><strong>Lista dos selecionados<\/strong><\/p>\n\n\n\n<ul class=\"wp-block-list\"><li><a href=\"https:\/\/wp.ufpel.edu.br\/computacao\/files\/2021\/02\/SEI_UFPel-1211860-Resultado-Aluno-Especial.pdf\">Resultado final<\/a><\/li><\/ul>\n\n\n\n<p class=\"wp-block-paragraph\"><\/p>\n","protected":false},"excerpt":{"rendered":"<p>Edital encerrado! Edital Edital completo Formul\u00e1rio de inscri\u00e7\u00e3o Inscri\u00e7\u00f5es encerradas! Lista de inscri\u00e7\u00f5es homologadas Inscri\u00e7\u00f5es Homologadas Inscri\u00e7\u00f5es Homologadas (ap\u00f3s recursos) Lista dos selecionados Resultado final<\/p>\n","protected":false},"author":881,"featured_media":0,"parent":118,"menu_order":0,"comment_status":"closed","ping_status":"closed","template":"","meta":{"_crdt_document":"","footnotes":""},"class_list":["post-6513","page","type-page","status-publish","hentry"],"jetpack_sharing_enabled":true,"jetpack_shortlink":"https:\/\/wp.me\/PaGhNl-1H3","_links":{"self":[{"href":"https:\/\/wp.ufpel.edu.br\/computacao\/wp-json\/wp\/v2\/pages\/6513","targetHints":{"allow":["GET"]}}],"collection":[{"href":"https:\/\/wp.ufpel.edu.br\/computacao\/wp-json\/wp\/v2\/pages"}],"about":[{"href":"https:\/\/wp.ufpel.edu.br\/computacao\/wp-json\/wp\/v2\/types\/page"}],"author":[{"embeddable":true,"href":"https:\/\/wp.ufpel.edu.br\/computacao\/wp-json\/wp\/v2\/users\/881"}],"replies":[{"embeddable":true,"href":"https:\/\/wp.ufpel.edu.br\/computacao\/wp-json\/wp\/v2\/comments?post=6513"}],"version-history":[{"count":13,"href":"https:\/\/wp.ufpel.edu.br\/computacao\/wp-json\/wp\/v2\/pages\/6513\/revisions"}],"predecessor-version":[{"id":6789,"href":"https:\/\/wp.ufpel.edu.br\/computacao\/wp-json\/wp\/v2\/pages\/6513\/revisions\/6789"}],"up":[{"embeddable":true,"href":"https:\/\/wp.ufpel.edu.br\/computacao\/wp-json\/wp\/v2\/pages\/118"}],"wp:attachment":[{"href":"https:\/\/wp.ufpel.edu.br\/computacao\/wp-json\/wp\/v2\/media?parent=6513"}],"curies":[{"name":"wp","href":"https:\/\/api.w.org\/{rel}","templated":true}]}}