{"id":6457,"date":"2020-12-14T14:26:05","date_gmt":"2020-12-14T17:26:05","guid":{"rendered":"https:\/\/wp.ufpel.edu.br\/computacao\/?page_id=6457"},"modified":"2026-03-09T11:16:25","modified_gmt":"2026-03-09T14:16:25","slug":"editais-de-bolsas","status":"publish","type":"page","link":"https:\/\/wp.ufpel.edu.br\/computacao\/ppgc\/editais-de-bolsas\/","title":{"rendered":"Editais de bolsas"},"content":{"rendered":"\n<p><strong>Bolsas de mestrado e doutorado<\/strong><\/p>\n\n\n\n<p>O PPGC classifica candidatos a bolsas de mestrado e doutorado com o lan\u00e7amento de editais internos tipicamente a cada seis meses. Os editais tem o objetivo de ranquear os candidatos para estabelecer a ordem de prioridade para aloca\u00e7\u00e3o das bolsas dispon\u00edveis de acordo com a resolu\u00e7\u00e3o de bolsas vigente.<\/p>\n\n\n\n<ul class=\"wp-block-list\">\n<li><a href=\"https:\/\/wp.ufpel.edu.br\/computacao\/edital-de-classificacao-para-bolsas-de-mestrado-e-doutorado-2026-1\/\">Edital de classifica\u00e7\u00e3o para bolsas de mestrado e doutorado 2026\/1<\/a><\/li>\n\n\n\n<li><a href=\"https:\/\/wp.ufpel.edu.br\/computacao\/edital-de-classificacao-para-alocacao-de-bolsas-2025-2\/\" data-type=\"page\" data-id=\"8621\">Edital de classifica\u00e7\u00e3o para bolsas de mestrado e doutorado 2025\/2<\/a><\/li>\n\n\n\n<li><a href=\"https:\/\/wp.ufpel.edu.br\/computacao\/edital-de-classificacao-para-alocacao-de-bolsas-2025-1\/\">Edital de classifica\u00e7\u00e3o para bolsas de mestrado e doutorado 2025\/1<\/a><\/li>\n\n\n\n<li><a href=\"https:\/\/wp.ufpel.edu.br\/computacao\/ppgc\/edital-de-classificacao-para-alocacao-de-bolsas-2024-2\/\">Edital de classifica\u00e7\u00e3o para bolsas de mestrado e doutorado 2024\/2<\/a><\/li>\n\n\n\n<li><a href=\"https:\/\/wp.ufpel.edu.br\/computacao\/ppgc\/edital-de-classificacao-para-alocacao-de-bolsas-2024-1\/\">Edital de classifica\u00e7\u00e3o para bolsas de mestrado e doutorado 2024\/1<\/a><\/li>\n\n\n\n<li><a href=\"https:\/\/wp.ufpel.edu.br\/computacao\/ppgc\/edital-classificacao-bolsas-2023-2\/\">Edital de classifica\u00e7\u00e3o para bolsas de mestrado e doutorado 2023\/2<\/a><\/li>\n\n\n\n<li><a href=\"https:\/\/wp.ufpel.edu.br\/computacao\/edital-classificacao-bolsas-2023-1\/\">Edital de classifica\u00e7\u00e3o para bolsas de mestrado e doutorado 2023\/1<\/a><\/li>\n\n\n\n<li><a href=\"https:\/\/wp.ufpel.edu.br\/computacao\/ppgc\/edital-classificacao-bolsas-2022-2\/\">Edital de classifica\u00e7\u00e3o para bolsas de mestrado e doutorado 2022\/2<\/a><\/li>\n\n\n\n<li><a href=\"https:\/\/wp.ufpel.edu.br\/computacao\/ppgc\/edital-classificacao-bolsas-2022-1\/\">Edital de classifica\u00e7\u00e3o para bolsas de mestrado e doutorado 2022\/1<\/a><\/li>\n\n\n\n<li><a href=\"https:\/\/wp.ufpel.edu.br\/computacao\/ppgc\/edital-classificacao-bolsas-2021-2\/\">Edital de classifica\u00e7\u00e3o para bolsas de mestrado e doutorado 2021\/2<\/a><\/li>\n\n\n\n<li><a href=\"https:\/\/wp.ufpel.edu.br\/computacao\/ppgc\/edital-classificacao-bolsas-2021-1\/\">Edital de classifica\u00e7\u00e3o para bolsas de mestrado e doutorado 2021\/1<\/a><\/li>\n\n\n\n<li>Edital de classifica\u00e7\u00e3o para bolsas de mestrado e doutorado 2020\/2<\/li>\n\n\n\n<li>Edital de classifica\u00e7\u00e3o para bolsas de mestrado e doutorado 2020\/1<\/li>\n<\/ul>\n\n\n\n<p><strong>Bolsas de doutorado sandu\u00edche no exterior<\/strong><\/p>\n\n\n\n<p>O PPGC lan\u00e7a editais internos para bolsas de doutorado sandu\u00edche no exterior conforme a disponibilidade de bolsas. Os editais tem o objetivo de ranquear os candidatos para estabelecer a ordem de prioridade para aloca\u00e7\u00e3o das bolsas dispon\u00edveis.<\/p>\n\n\n\n<ul class=\"wp-block-list\">\n<li><a href=\"https:\/\/wp.ufpel.edu.br\/computacao\/edital-de-bolsa-de-doutorado-sanduiche-pdse-capes-2026-1\/\" data-type=\"link\" data-id=\"https:\/\/wp.ufpel.edu.br\/computacao\/edital-de-bolsa-de-doutorado-sanduiche-pdse-capes-2026-1\/\">Edital de bolsa de doutorado sandu\u00edche PDSE-CAPES 2026\/1<\/a><\/li>\n\n\n\n<li><a href=\"https:\/\/wp.ufpel.edu.br\/computacao\/edital-de-bolsa-de-doutorado-sanduiche-pdse-capes-2025-2\/\" data-type=\"link\" data-id=\"https:\/\/wp.ufpel.edu.br\/computacao\/edital-de-bolsa-de-doutorado-sanduiche-pdse-capes-2025-2\/\">Edital de bolsa de doutorado sandu\u00edche <\/a><a href=\"https:\/\/wp.ufpel.edu.br\/computacao\/edital-de-bolsa-de-doutorado-sanduiche-pdse-capes-2025-2\/\">PDSE<\/a><a href=\"http:\/\/edital 2025 2\">-CAPES 2025\/2<\/a><\/li>\n\n\n\n<li><a href=\"https:\/\/wp.ufpel.edu.br\/computacao\/ppgc\/edital-de-bolsa-de-doutorado-sanduiche-pdse-capes-2024-2\/\">Edital de bolsa de doutorado sandu\u00edche PDSE-CAPES 2024\/2<\/a><\/li>\n\n\n\n<li><a href=\"https:\/\/wp.ufpel.edu.br\/computacao\/edital-de-bolsa-de-doutorado-sanduiche-pdse-capes-2024-1\/\">Edital de bolsa de doutorado sandu\u00edche PDSE-CAPES 2024\/1<\/a><\/li>\n\n\n\n<li><a href=\"https:\/\/wp.ufpel.edu.br\/computacao\/ppgc\/editais-de-bolsas\/edital-de-bolsa-de-doutorado-sanduiche-pdse-capes-2023-2\/\">Edital de bolsa de doutorado sandu\u00edche PDSE-CAPES 2023\/2<\/a><\/li>\n\n\n\n<li><a href=\"https:\/\/wp.ufpel.edu.br\/computacao\/ppgc\/edital-de-bolsa-de-doutorado-sanduiche-pdse-capes-2023\/\">Edital de bolsa de doutorado sandu\u00edche PDSE-CAPES 2023\/1<\/a><\/li>\n\n\n\n<li><a href=\"https:\/\/wp.ufpel.edu.br\/computacao\/edital-de-bolsa-de-doutorado-sanduiche-pdse-capes-2020\/\">E<\/a><a href=\"https:\/\/wp.ufpel.edu.br\/computacao\/ppgc\/edital-de-bolsa-de-doutorado-sanduiche-pdse-capes-2020\/\">dital de bolsa de doutorado sandu\u00edche PDSE-CAPES 2020<\/a><\/li>\n<\/ul>\n\n\n\n<p><strong>Bolsas de p\u00f3s-doutorado<\/strong><\/p>\n\n\n\n<ul class=\"wp-block-list\">\n<li><a href=\"https:\/\/wp.ufpel.edu.br\/computacao\/ppgc\/edital-de-bolsa-de-pos-doutorado-pipd-capes-2024\/\">Edital de bolsa de p\u00f3s-doutorado PIPD-CAPES 2024<\/a><\/li>\n<\/ul>\n","protected":false},"excerpt":{"rendered":"<p>Bolsas de mestrado e doutorado O PPGC classifica candidatos a bolsas de mestrado e doutorado com o lan\u00e7amento de editais internos tipicamente a cada seis meses. Os editais tem o objetivo de ranquear os&#46;&#46;&#46;<\/p>\n","protected":false},"author":881,"featured_media":0,"parent":118,"menu_order":0,"comment_status":"closed","ping_status":"closed","template":"","meta":{"jetpack_post_was_ever_published":false,"footnotes":""},"class_list":["post-6457","page","type-page","status-publish","hentry"],"jetpack_sharing_enabled":true,"jetpack_shortlink":"https:\/\/wp.me\/PaGhNl-1G9","_links":{"self":[{"href":"https:\/\/wp.ufpel.edu.br\/computacao\/wp-json\/wp\/v2\/pages\/6457","targetHints":{"allow":["GET"]}}],"collection":[{"href":"https:\/\/wp.ufpel.edu.br\/computacao\/wp-json\/wp\/v2\/pages"}],"about":[{"href":"https:\/\/wp.ufpel.edu.br\/computacao\/wp-json\/wp\/v2\/types\/page"}],"author":[{"embeddable":true,"href":"https:\/\/wp.ufpel.edu.br\/computacao\/wp-json\/wp\/v2\/users\/881"}],"replies":[{"embeddable":true,"href":"https:\/\/wp.ufpel.edu.br\/computacao\/wp-json\/wp\/v2\/comments?post=6457"}],"version-history":[{"count":3,"href":"https:\/\/wp.ufpel.edu.br\/computacao\/wp-json\/wp\/v2\/pages\/6457\/revisions"}],"predecessor-version":[{"id":8909,"href":"https:\/\/wp.ufpel.edu.br\/computacao\/wp-json\/wp\/v2\/pages\/6457\/revisions\/8909"}],"up":[{"embeddable":true,"href":"https:\/\/wp.ufpel.edu.br\/computacao\/wp-json\/wp\/v2\/pages\/118"}],"wp:attachment":[{"href":"https:\/\/wp.ufpel.edu.br\/computacao\/wp-json\/wp\/v2\/media?parent=6457"}],"curies":[{"name":"wp","href":"https:\/\/api.w.org\/{rel}","templated":true}]}}