{"id":64,"date":"2019-02-03T10:42:40","date_gmt":"2019-02-03T12:42:40","guid":{"rendered":"https:\/\/wp.ufpel.edu.br\/computacao\/?page_id=64"},"modified":"2019-02-04T21:12:32","modified_gmt":"2019-02-04T23:12:32","slug":"graduacao","status":"publish","type":"page","link":"https:\/\/wp.ufpel.edu.br\/computacao\/graduacao\/","title":{"rendered":"Gradua\u00e7\u00e3o"},"content":{"rendered":"<p>A Computa\u00e7\u00e3o-UFPel oferece dois cursos no n\u00edvel de gradua\u00e7\u00e3o. O curso de\u00a0Ci\u00eancia da Computa\u00e7\u00e3o, o mais antigo, tem um foco no estudo da Computa\u00e7\u00e3o como atividade fim e no desenvolvimento de software. J\u00e1 o curso de\u00a0Engenharia de Computa\u00e7\u00e3o, mais recente, foca aplica\u00e7\u00f5es em hardware.<\/p>\n","protected":false},"excerpt":{"rendered":"<p>A Computa\u00e7\u00e3o-UFPel oferece dois cursos no n\u00edvel de gradua\u00e7\u00e3o. O curso de\u00a0Ci\u00eancia da Computa\u00e7\u00e3o, o mais antigo, tem um foco no estudo da Computa\u00e7\u00e3o como atividade fim e no desenvolvimento de software. J\u00e1 o&#46;&#46;&#46;<\/p>\n","protected":false},"author":881,"featured_media":0,"parent":0,"menu_order":0,"comment_status":"closed","ping_status":"closed","template":"","meta":{"jetpack_post_was_ever_published":false,"footnotes":""},"class_list":["post-64","page","type-page","status-publish","hentry"],"jetpack_sharing_enabled":true,"jetpack_shortlink":"https:\/\/wp.me\/PaGhNl-12","_links":{"self":[{"href":"https:\/\/wp.ufpel.edu.br\/computacao\/wp-json\/wp\/v2\/pages\/64","targetHints":{"allow":["GET"]}}],"collection":[{"href":"https:\/\/wp.ufpel.edu.br\/computacao\/wp-json\/wp\/v2\/pages"}],"about":[{"href":"https:\/\/wp.ufpel.edu.br\/computacao\/wp-json\/wp\/v2\/types\/page"}],"author":[{"embeddable":true,"href":"https:\/\/wp.ufpel.edu.br\/computacao\/wp-json\/wp\/v2\/users\/881"}],"replies":[{"embeddable":true,"href":"https:\/\/wp.ufpel.edu.br\/computacao\/wp-json\/wp\/v2\/comments?post=64"}],"version-history":[{"count":2,"href":"https:\/\/wp.ufpel.edu.br\/computacao\/wp-json\/wp\/v2\/pages\/64\/revisions"}],"predecessor-version":[{"id":84,"href":"https:\/\/wp.ufpel.edu.br\/computacao\/wp-json\/wp\/v2\/pages\/64\/revisions\/84"}],"wp:attachment":[{"href":"https:\/\/wp.ufpel.edu.br\/computacao\/wp-json\/wp\/v2\/media?parent=64"}],"curies":[{"name":"wp","href":"https:\/\/api.w.org\/{rel}","templated":true}]}}