{"id":6384,"date":"2020-12-05T10:44:06","date_gmt":"2020-12-05T13:44:06","guid":{"rendered":"https:\/\/wp.ufpel.edu.br\/computacao\/?page_id=6384"},"modified":"2022-12-27T11:16:08","modified_gmt":"2022-12-27T14:16:08","slug":"selecao-aluno-regular-2021-1","status":"publish","type":"page","link":"https:\/\/wp.ufpel.edu.br\/computacao\/ppgc\/selecao-aluno-regular-2021-1\/","title":{"rendered":"Sele\u00e7\u00e3o aluno regular 2021\/1 e 2021\/2"},"content":{"rendered":"\n<p>Edital encerrado!<\/p>\n\n\n\n<p><strong>Edital<\/strong><\/p>\n\n\n\n<ul class=\"wp-block-list\">\n<li><a rel=\"noreferrer noopener\" href=\"https:\/\/wp.ufpel.edu.br\/computacao\/files\/2020\/12\/EDITAL-115-2020-SELECAO-DE-ALUNO-REGULAR-2021-1.pdf\" target=\"_blank\">Edital completo<\/a><\/li>\n\n\n\n<li><a rel=\"noreferrer noopener\" href=\"https:\/\/wp.ufpel.edu.br\/computacao\/files\/2020\/12\/SEI_UFPel-1149930-Edital-de-Retificacao-PRPPGI.pdf\" target=\"_blank\">Retifica\u00e7\u00e3o &#8211; POSCOMP<\/a><\/li>\n\n\n\n<li><a href=\"https:\/\/wp.ufpel.edu.br\/computacao\/files\/2021\/01\/SEI_UFPel-1190653-Edital-de-Retificacao-PRPPGI.pdf\" target=\"_blank\" rel=\"noreferrer noopener\">Retifica\u00e7\u00e3o &#8211; Prorroga\u00e7\u00e3o das inscri\u00e7\u00f5es<\/a><\/li>\n<\/ul>\n\n\n\n<p><strong>Formul\u00e1rio de inscri\u00e7\u00e3o<\/strong><\/p>\n\n\n\n<ul class=\"wp-block-list\">\n<li>Inscri\u00e7\u00f5es encerradas!<\/li>\n<\/ul>\n\n\n\n<p><strong>Lista de inscri\u00e7\u00f5es homologadas<\/strong><\/p>\n\n\n\n<ul class=\"wp-block-list\">\n<li><a href=\"https:\/\/wp.ufpel.edu.br\/computacao\/files\/2021\/02\/SEI_UFPel-1199081-Inscricoes-Homologadas.pdf\" target=\"_blank\" rel=\"noreferrer noopener\">Inscri\u00e7\u00f5es Homologadas<\/a><\/li>\n<\/ul>\n\n\n\n<p><strong>Datas e hor\u00e1rios das entrevistas para candidatos ao doutorado<\/strong><\/p>\n\n\n\n<ul class=\"wp-block-list\">\n<li><a href=\"https:\/\/wp.ufpel.edu.br\/computacao\/files\/2021\/02\/SEI_UFPel-1202967-Agenda-de-Entrevistas-de-Doutorado.pdf\" target=\"_blank\" rel=\"noreferrer noopener\">Agenda de Entrevistas<\/a><\/li>\n<\/ul>\n\n\n\n<p><strong>Lista dos selecionados<\/strong><\/p>\n\n\n\n<ul class=\"wp-block-list\">\n<li><a href=\"https:\/\/wp.ufpel.edu.br\/computacao\/files\/2021\/02\/SEI_UFPel-1213675-Despacho_SelecionadosEditalRegular-1.pdf\">Lista de Selecionados e Instru\u00e7\u00f5es de Matr\u00edcula<\/a><\/li>\n<\/ul>\n\n\n\n<p><strong>Recomenda\u00e7\u00f5es para o projeto e memorial acad\u00eamico para inscri\u00e7\u00f5es ao doutorado<\/strong><\/p>\n\n\n\n<p><span style=\"text-decoration: underline\">Projeto de doutorado<\/span>: O projeto de doutorado deve apresentar de maneira clara um problema de pesquisa, as contribui\u00e7\u00f5es j\u00e1 existentes na literatura para resolver este problema e as hip\u00f3teses inovadoras que o candidato pretende testar para resolver o problema durante o seu curso de doutorado. O objetivo geral e espec\u00edficos tamb\u00e9m devem ser apresentados e devem refletir os resultados que s\u00e3o pretendidos com o desenvolvimento do trabalho. A metodologia deve descrever os materiais e m\u00e9todos que s\u00e3o necess\u00e1rios para testar as hip\u00f3teses.<\/p>\n\n\n\n<p><span style=\"text-decoration: underline\">Memorial acad\u00eamico:<\/span> O memorial acad\u00eamico deve apresentar a hist\u00f3ria acad\u00eamica do candidato, destacando a sua forma\u00e7\u00e3o de n\u00edvel superior e suas principais atividades de pesquisa e inova\u00e7\u00e3o.<\/p>\n","protected":false},"excerpt":{"rendered":"<p>Edital encerrado! Edital Formul\u00e1rio de inscri\u00e7\u00e3o Lista de inscri\u00e7\u00f5es homologadas Datas e hor\u00e1rios das entrevistas para candidatos ao doutorado Lista dos selecionados Recomenda\u00e7\u00f5es para o projeto e memorial acad\u00eamico para inscri\u00e7\u00f5es ao doutorado Projeto&#46;&#46;&#46;<\/p>\n","protected":false},"author":881,"featured_media":0,"parent":118,"menu_order":0,"comment_status":"closed","ping_status":"closed","template":"","meta":{"jetpack_post_was_ever_published":false,"footnotes":""},"class_list":["post-6384","page","type-page","status-publish","hentry"],"jetpack_sharing_enabled":true,"jetpack_shortlink":"https:\/\/wp.me\/PaGhNl-1EY","_links":{"self":[{"href":"https:\/\/wp.ufpel.edu.br\/computacao\/wp-json\/wp\/v2\/pages\/6384","targetHints":{"allow":["GET"]}}],"collection":[{"href":"https:\/\/wp.ufpel.edu.br\/computacao\/wp-json\/wp\/v2\/pages"}],"about":[{"href":"https:\/\/wp.ufpel.edu.br\/computacao\/wp-json\/wp\/v2\/types\/page"}],"author":[{"embeddable":true,"href":"https:\/\/wp.ufpel.edu.br\/computacao\/wp-json\/wp\/v2\/users\/881"}],"replies":[{"embeddable":true,"href":"https:\/\/wp.ufpel.edu.br\/computacao\/wp-json\/wp\/v2\/comments?post=6384"}],"version-history":[{"count":35,"href":"https:\/\/wp.ufpel.edu.br\/computacao\/wp-json\/wp\/v2\/pages\/6384\/revisions"}],"predecessor-version":[{"id":7211,"href":"https:\/\/wp.ufpel.edu.br\/computacao\/wp-json\/wp\/v2\/pages\/6384\/revisions\/7211"}],"up":[{"embeddable":true,"href":"https:\/\/wp.ufpel.edu.br\/computacao\/wp-json\/wp\/v2\/pages\/118"}],"wp:attachment":[{"href":"https:\/\/wp.ufpel.edu.br\/computacao\/wp-json\/wp\/v2\/media?parent=6384"}],"curies":[{"name":"wp","href":"https:\/\/api.w.org\/{rel}","templated":true}]}}