{"id":6345,"date":"2020-10-31T10:57:06","date_gmt":"2020-10-31T13:57:06","guid":{"rendered":"https:\/\/wp.ufpel.edu.br\/computacao\/?page_id=6345"},"modified":"2024-11-13T10:43:58","modified_gmt":"2024-11-13T13:43:58","slug":"qualis","status":"publish","type":"page","link":"https:\/\/wp.ufpel.edu.br\/computacao\/ppgc\/qualis\/","title":{"rendered":"Qualis"},"content":{"rendered":"\n<p>Em todas as avalia\u00e7\u00f5es realizadas pelo PPGC, as seguintes refer\u00eancias ser\u00e3o consideradas para consulta ao <a href=\"https:\/\/sucupira.capes.gov.br\/sobre-o-qualis\">Qualis de confer\u00eancias e peri\u00f3dicos na \u00e1rea de Ci\u00eancia da Computa\u00e7\u00e3o<\/a>:<\/p>\n\n\n\n<p><strong>Peri\u00f3dicos: <\/strong><\/p>\n\n\n\n<ul class=\"wp-block-list\">\n<li>Link 1: <a href=\"https:\/\/sucupira-legado.capes.gov.br\/sucupira\/public\/consultas\/coleta\/veiculoPublicacaoQualis\/listaConsultaGeralPeriodicos.jsf\">Qualis Peri\u00f3dicos (Quadri\u00eanio 2017-2020) &#8211; Plataforma Sucupira<\/a><\/li>\n\n\n\n<li>Link 2: <a href=\"https:\/\/www.gov.br\/capes\/pt-br\/centrais-de-conteudo\/documentos\/avaliacao\/copy_of_qualis_periodico_eventos_cientifico_Ciencia_Computacao.pdf\/@@download\/file\/copy_of_qualis_periodico_eventos_cientifico_Ciencia_Computacao.pdf\" target=\"_blank\" rel=\"noreferrer noopener\">Metodologia para classifica\u00e7\u00e3o do Qualis de peri\u00f3dicos n\u00e3o indexados<\/a><\/li>\n<\/ul>\n\n\n\n<p><strong>Confer\u00eancias: <\/strong><\/p>\n\n\n\n<ul class=\"wp-block-list\">\n<li>Link 1: <a href=\"https:\/\/sucupira-legado.capes.gov.br\/sucupira\/public\/consultas\/coleta\/qualisEventos\/listaQualisEventos.xhtml\">Qualis Eventos (Quadri\u00eanio 2017-2020) &#8211; Plataforma Sucupira<\/a><\/li>\n\n\n\n<li>Link 2: <a href=\"https:\/\/www.gov.br\/capes\/pt-br\/centrais-de-conteudo\/documentos\/avaliacao\/09012022_RELATORIOQUALISEVENTOS20172020COMPUTACAO.PDF\" target=\"_blank\" rel=\"noreferrer noopener\">Relat\u00f3rio da Comiss\u00e3o de Qualis Eventos 2017-2020 (CA-CC)<\/a><\/li>\n\n\n\n<li>Link 3: <a href=\"https:\/\/wp.ufpel.edu.br\/computacao\/files\/2024\/10\/09012022_RELATORIOQUALISEVENTOS20172020COMPUTACAO.pdf\">Relat\u00f3rio da Comiss\u00e3o de Qualis Eventos 2017-2020 (CA-CC)<\/a><\/li>\n<\/ul>\n\n\n\n<p><\/p>\n","protected":false},"excerpt":{"rendered":"<p>Em todas as avalia\u00e7\u00f5es realizadas pelo PPGC, as seguintes refer\u00eancias ser\u00e3o consideradas para consulta ao Qualis de confer\u00eancias e peri\u00f3dicos na \u00e1rea de Ci\u00eancia da Computa\u00e7\u00e3o: Peri\u00f3dicos: Confer\u00eancias:<\/p>\n","protected":false},"author":881,"featured_media":0,"parent":118,"menu_order":0,"comment_status":"closed","ping_status":"closed","template":"","meta":{"jetpack_post_was_ever_published":false,"footnotes":""},"class_list":["post-6345","page","type-page","status-publish","hentry"],"jetpack_sharing_enabled":true,"jetpack_shortlink":"https:\/\/wp.me\/PaGhNl-1El","_links":{"self":[{"href":"https:\/\/wp.ufpel.edu.br\/computacao\/wp-json\/wp\/v2\/pages\/6345","targetHints":{"allow":["GET"]}}],"collection":[{"href":"https:\/\/wp.ufpel.edu.br\/computacao\/wp-json\/wp\/v2\/pages"}],"about":[{"href":"https:\/\/wp.ufpel.edu.br\/computacao\/wp-json\/wp\/v2\/types\/page"}],"author":[{"embeddable":true,"href":"https:\/\/wp.ufpel.edu.br\/computacao\/wp-json\/wp\/v2\/users\/881"}],"replies":[{"embeddable":true,"href":"https:\/\/wp.ufpel.edu.br\/computacao\/wp-json\/wp\/v2\/comments?post=6345"}],"version-history":[{"count":19,"href":"https:\/\/wp.ufpel.edu.br\/computacao\/wp-json\/wp\/v2\/pages\/6345\/revisions"}],"predecessor-version":[{"id":8227,"href":"https:\/\/wp.ufpel.edu.br\/computacao\/wp-json\/wp\/v2\/pages\/6345\/revisions\/8227"}],"up":[{"embeddable":true,"href":"https:\/\/wp.ufpel.edu.br\/computacao\/wp-json\/wp\/v2\/pages\/118"}],"wp:attachment":[{"href":"https:\/\/wp.ufpel.edu.br\/computacao\/wp-json\/wp\/v2\/media?parent=6345"}],"curies":[{"name":"wp","href":"https:\/\/api.w.org\/{rel}","templated":true}]}}