{"id":629,"date":"2019-04-06T09:18:23","date_gmt":"2019-04-06T12:18:23","guid":{"rendered":"https:\/\/wp.ufpel.edu.br\/computacao\/?page_id=629"},"modified":"2019-04-06T09:19:11","modified_gmt":"2019-04-06T12:19:11","slug":"tecnologias-de-robotica-movel","status":"publish","type":"page","link":"https:\/\/wp.ufpel.edu.br\/computacao\/extensao\/tecnologias-de-robotica-movel\/","title":{"rendered":"Desenvolvimento de Tecnologias de Rob\u00f3tica M\u00f3vel para Ve\u00edculos El\u00e9tricos Aut\u00f4nomos e Rob\u00f4s de Servi\u00e7o"},"content":{"rendered":"\n<p>As atividades de ensino e pesquisa realizadas na \u00e1rea de Rob\u00f3tica M\u00f3vel na UFPel envolvem conhecimentos aplic\u00e1veis no desenvolvimento de rob\u00f4s de servi\u00e7o com funcionalidades de navega\u00e7\u00e3o, mapeamento de um ambiente conhecido ou desconhecido, reconhecimento e rastreamento de pessoas, reconhecimento de objetos, manipula\u00e7\u00e3o de objetos, reconhecimento de fala, reconhecimento de gestos, cogni\u00e7\u00e3o para entender as situa\u00e7\u00f5es do mundo real. Este projeto pretende aplicar os conhecimentos mencionados no emprego destas funcionalidades nos ve\u00edculos el\u00e9tricos produzidos pela empresa parceira. Pretende-se tamb\u00e9m compor uma equipe que se capacite para construir um rob\u00f4 para participar da Competi\u00e7\u00e3o Brasileira de Rob\u00f3tica e da ROBOCUP mundial na liga @home, onde rob\u00f4s de servi\u00e7o de uso geral dom\u00e9sticos s\u00e3o constru\u00eddos e testados por meio de uma competi\u00e7\u00e3o.<\/p>\n\n\n\n<div class=\"wp-block-button\"><a class=\"wp-block-button__link has-background has-vivid-cyan-blue-background-color\" href=\"https:\/\/institucional.ufpel.edu.br\/projetos\/id\/u860\">Mais informa\u00e7\u00f5es<\/a><\/div>\n","protected":false},"excerpt":{"rendered":"<p>As atividades de ensino e pesquisa realizadas na \u00e1rea de Rob\u00f3tica M\u00f3vel na UFPel envolvem conhecimentos aplic\u00e1veis no desenvolvimento de rob\u00f4s de servi\u00e7o com funcionalidades de navega\u00e7\u00e3o, mapeamento de um ambiente conhecido ou desconhecido,&#46;&#46;&#46;<\/p>\n","protected":false},"author":881,"featured_media":0,"parent":167,"menu_order":0,"comment_status":"closed","ping_status":"closed","template":"","meta":{"jetpack_post_was_ever_published":false,"footnotes":""},"class_list":["post-629","page","type-page","status-publish","hentry"],"jetpack_sharing_enabled":true,"jetpack_shortlink":"https:\/\/wp.me\/PaGhNl-a9","_links":{"self":[{"href":"https:\/\/wp.ufpel.edu.br\/computacao\/wp-json\/wp\/v2\/pages\/629","targetHints":{"allow":["GET"]}}],"collection":[{"href":"https:\/\/wp.ufpel.edu.br\/computacao\/wp-json\/wp\/v2\/pages"}],"about":[{"href":"https:\/\/wp.ufpel.edu.br\/computacao\/wp-json\/wp\/v2\/types\/page"}],"author":[{"embeddable":true,"href":"https:\/\/wp.ufpel.edu.br\/computacao\/wp-json\/wp\/v2\/users\/881"}],"replies":[{"embeddable":true,"href":"https:\/\/wp.ufpel.edu.br\/computacao\/wp-json\/wp\/v2\/comments?post=629"}],"version-history":[{"count":2,"href":"https:\/\/wp.ufpel.edu.br\/computacao\/wp-json\/wp\/v2\/pages\/629\/revisions"}],"predecessor-version":[{"id":632,"href":"https:\/\/wp.ufpel.edu.br\/computacao\/wp-json\/wp\/v2\/pages\/629\/revisions\/632"}],"up":[{"embeddable":true,"href":"https:\/\/wp.ufpel.edu.br\/computacao\/wp-json\/wp\/v2\/pages\/167"}],"wp:attachment":[{"href":"https:\/\/wp.ufpel.edu.br\/computacao\/wp-json\/wp\/v2\/media?parent=629"}],"curies":[{"name":"wp","href":"https:\/\/api.w.org\/{rel}","templated":true}]}}