{"id":5986,"date":"2020-03-03T11:38:17","date_gmt":"2020-03-03T14:38:17","guid":{"rendered":"https:\/\/wp.ufpel.edu.br\/computacao\/?page_id=5986"},"modified":"2020-09-30T09:03:58","modified_gmt":"2020-09-30T12:03:58","slug":"dinter-sistemas-de-apoio-a-gestao-academica","status":"publish","type":"page","link":"https:\/\/wp.ufpel.edu.br\/computacao\/dinter-sistemas-de-apoio-a-gestao-academica\/","title":{"rendered":"DInter: Sistemas de Apoio \u00e0 Gest\u00e3o Acad\u00eamica"},"content":{"rendered":"\n<p>Al\u00e9m do sistema oficial da UFPel para gest\u00e3o acad\u00eamica, o Cobalto, o PPGC se apoia em alguns servi\u00e7os disponibilizados na web, com vistas a agilizar o fluxo de informa\u00e7\u00e3o entre os alunos e secretaria. Conhe\u00e7a estes sistema:<\/p>\n\n\n\n<ul class=\"wp-block-list\"><li><strong>Cobalto<\/strong> &#8211; Sistema de Gest\u00e3o Integrada<ul><li><a href=\"https:\/\/cobalto.ufpel.edu.br\/\">https:\/\/cobalto.ufpel.edu.br\/<\/a><\/li><li>Sistema oficial da UFPel que mant\u00e9m o registro oficial do hist\u00f3rico do aluno. Neste sistema, o aluno tem acesso a alguns servi\u00e7os oficiais, como obter hist\u00f3rico escolar e comprovante de matr\u00edcula.<\/li><li>Todo membro da comunidade da UFPel est\u00e1 habilitado a criar uma conta no Cobalto a partir de seu CPF.<\/li><\/ul><\/li><li><strong>PPGC &#8211; Controle de Requisitos<\/strong><ul><li><a href=\"https:\/\/ppgc.ufpel.edu.br\/ppgadmin\/login\/\">https:\/\/ppgc.ufpel.edu.br\/ppgadmin\/login\/<\/a><\/li><\/ul><ul><li>Sistema que oferece visualiza\u00e7\u00e3o do cumprimento dos requisitos.<\/li><li>Este sistema n\u00e3o \u00e9 oficial e \u00e9 de uso interno.<\/li><li>Todo membro da comunidade da Computa\u00e7\u00e3o da UFPel est\u00e1 habilitado a criar uma conta no Cobalto a partir de seu CPF.<\/li><li>Nesta interface, o orientador tem a possibilidade de realizar o acompanhamento das diferentes etapas de trabalho do aluno.<\/li><li>Cabe ao aluno alimentar este sistema com documentos comprobat\u00f3rios das etapas cumpridas (exemplos: profici\u00eancia em l\u00edngua inglesa e aprova\u00e7\u00e3o em banca de andamento)<\/li><li>\u00c9 importante observar uma caracter\u00edstica do fluxo de informa\u00e7\u00f5es entre o Cobalto e o sistema PPGC: as notas de disciplinas s\u00e3o buscadas a partir do Cobalto, os requisitos s\u00e3o inseridos manualmente tanto no PPGC quanto no Cobalto. \u00c9 poss\u00edvel que as atualiza\u00e7\u00f5es se deem em tempos distintos (semanas de diferen\u00e7a). Portanto, use-os de forma complementar.<\/li><\/ul><\/li><li><strong>Email da Computa\u00e7\u00e3o<\/strong><ul><li>Todo aluno da Computa\u00e7\u00e3o da UFPel pode solicitar um email no dom\u00ednio @inf.ufpel.edu.br.<\/li><li>Importante: ap\u00f3s preencher o formul\u00e1rio, a solicita\u00e7\u00e3o ser\u00e1 processada de forma manual e o aluno receber\u00e1 um email para confirmar a cria\u00e7\u00e3o da conta e introduzir uma senha. <\/li><\/ul><ul><li>As listas de discuss\u00f5es internas ao programa utilizam este email para divulgar avisos de professores, eventos, bolsas de pesquisas, vagas de est\u00e1gio e emprego etc.<\/li><li>Diversos documentos e formul\u00e1rios s\u00e3o acess\u00edveis apenas quando logado neste dom\u00ednio.<\/li><\/ul><\/li><li><strong>Documentos Institucionais<\/strong><ul><li>O portal institucional (<a href=\"https:\/\/institucional.ufpel.edu.br\/\">https:\/\/institucional.ufpel.edu.br\/<\/a>) da UFPel oferece acesso a alguns documentos sobre os cursos e disciplinas<\/li><\/ul><ul><li>Informa\u00e7\u00f5es sobre o doutorado (como Matriz Curricular e Reconhecimento do MEC) podem ser acessadas diretamente em <a href=\"https:\/\/institucional.ufpel.edu.br\/cursos\/cod\/8102\">https:\/\/institucional.ufpel.edu.br\/cursos\/cod\/8102<\/a>.<\/li><\/ul><\/li><li><strong>P\u00e1gina da Computa\u00e7\u00e3o<\/strong><ul><li><a href=\"https:\/\/wp.ufpel.edu.br\/computacao\/\">https:\/\/wp.ufpel.edu.br\/computacao\/<\/a><\/li><li>Canal oficial de divulga\u00e7\u00e3o de not\u00edcias<\/li><li>Na entrada <a href=\"https:\/\/wp.ufpel.edu.br\/computacao\/pos-graduacao\/\">P\u00f3s-Gradua\u00e7\u00e3o<\/a> existem links para documentos e formul\u00e1rios \u00fateis aos alunos e professores.<\/li><li>Na mesma entrada P\u00f3s-Gradua\u00e7\u00e3o existe o link para a p\u00e1gina <a href=\"https:\/\/wp.ufpel.edu.br\/computacao\/ppgc\/dinter\/\">DInter<\/a>, que cont\u00e9m informa\u00e7\u00f5es espec\u00edficas desta turma.<\/li><\/ul><\/li><li><strong>Submiss\u00e3o de Trabalhos Individuais e Propostas<\/strong><ul><li>Neste sistema devem ser submetidos os textos completos dos trabalhos individuais (I e II) e as propostas, na forma de um PDF.<\/li><li>Este sistema permite executar a avalia\u00e7\u00e3o pela banca institu\u00edda.<\/li><li>Trabalhos Individuais: <a href=\"http:\/\/ojs.computacao.cc\/ojs\/index.php\/trabalhosindividuais\">http:\/\/ojs.computacao.cc\/ojs\/index.php\/trabalhosindividuais<\/a><\/li><li>Propostas: <a href=\"http:\/\/ojs.computacao.cc\/ojs\/index.php\/propostas\">http:\/\/ojs.computacao.cc\/ojs\/index.php\/propostas<\/a><\/li><\/ul><\/li><li><strong>Webmail\/UFPel<\/strong><ul><li>Acess\u00edvel via Cobalto, dispon\u00edvel a toda comunidade da UFPel.<\/li><\/ul><ul><li>Para a comunidade de Computa\u00e7\u00e3o\/UFPel este sistema n\u00e3o \u00e9 utilizado.<\/li><\/ul><\/li><li><strong>Sistema de Inscri\u00e7\u00e3o<\/strong><a href=\"http:\/\/computacao.cc\/\">http:\/\/computacao.cc\/<\/a><ul><li>Sistema de apoio \u00e0s incri\u00e7\u00f5es aos processos seletivos do PPGC.<\/li><li>Possui informa\u00e7\u00f5es espec\u00edficas sobre estes processos seletivos.<\/li><\/ul><\/li><\/ul>\n\n\n\n<p><\/p>\n","protected":false},"excerpt":{"rendered":"<p>Al\u00e9m do sistema oficial da UFPel para gest\u00e3o acad\u00eamica, o Cobalto, o PPGC se apoia em alguns servi\u00e7os disponibilizados na web, com vistas a agilizar o fluxo de informa\u00e7\u00e3o entre os alunos e secretaria.&#46;&#46;&#46;<\/p>\n","protected":false},"author":881,"featured_media":0,"parent":0,"menu_order":0,"comment_status":"closed","ping_status":"closed","template":"","meta":{"jetpack_post_was_ever_published":false,"footnotes":""},"class_list":["post-5986","page","type-page","status-publish","hentry"],"jetpack_sharing_enabled":true,"jetpack_shortlink":"https:\/\/wp.me\/PaGhNl-1yy","_links":{"self":[{"href":"https:\/\/wp.ufpel.edu.br\/computacao\/wp-json\/wp\/v2\/pages\/5986","targetHints":{"allow":["GET"]}}],"collection":[{"href":"https:\/\/wp.ufpel.edu.br\/computacao\/wp-json\/wp\/v2\/pages"}],"about":[{"href":"https:\/\/wp.ufpel.edu.br\/computacao\/wp-json\/wp\/v2\/types\/page"}],"author":[{"embeddable":true,"href":"https:\/\/wp.ufpel.edu.br\/computacao\/wp-json\/wp\/v2\/users\/881"}],"replies":[{"embeddable":true,"href":"https:\/\/wp.ufpel.edu.br\/computacao\/wp-json\/wp\/v2\/comments?post=5986"}],"version-history":[{"count":6,"href":"https:\/\/wp.ufpel.edu.br\/computacao\/wp-json\/wp\/v2\/pages\/5986\/revisions"}],"predecessor-version":[{"id":6330,"href":"https:\/\/wp.ufpel.edu.br\/computacao\/wp-json\/wp\/v2\/pages\/5986\/revisions\/6330"}],"wp:attachment":[{"href":"https:\/\/wp.ufpel.edu.br\/computacao\/wp-json\/wp\/v2\/media?parent=5986"}],"curies":[{"name":"wp","href":"https:\/\/api.w.org\/{rel}","templated":true}]}}