{"id":5957,"date":"2020-03-02T16:30:55","date_gmt":"2020-03-02T19:30:55","guid":{"rendered":"https:\/\/wp.ufpel.edu.br\/computacao\/?page_id=5957"},"modified":"2020-03-02T16:30:57","modified_gmt":"2020-03-02T19:30:57","slug":"dinter-informacoes-gerais","status":"publish","type":"page","link":"https:\/\/wp.ufpel.edu.br\/computacao\/dinter-informacoes-gerais\/","title":{"rendered":"DInter: Informa\u00e7\u00f5es Gerais"},"content":{"rendered":"\n<p><strong>Apresenta\u00e7\u00e3o<\/strong><\/p>\n\n\n\n<p>Em um Projeto de Coopera\u00e7\u00e3o com o Instituto Federal Farroupilha, a Universidade Federal de Pelotas lan\u00e7a o Edital de Sele\u00e7\u00e3o para Doutorado Interinstitucional no Programa de P\u00f3s-Gradua\u00e7\u00e3o em Computa\u00e7\u00e3o. Confira o <a href=\"http:\/\/l.ufpel.edu.br\/DInterPPGC-IFFar\">edital na integra<\/a>.<\/p>\n\n\n\n<p><strong>O Curso<\/strong><\/p>\n\n\n\n<p>O curso oferecido \u00e9 o mesmo ofertado regularmente pelo PPGC, diferindo apenas por possuir uma chamada para um processo seletivo voltado exclusivamente aos servidores do IFFar. Os alunos est\u00e3o, portanto, sujeitos ao Regimento Interno do Programa, devendo cumprir o mesmo conjunto de requisitos, nos mesmos prazos j\u00e1 conveniados. <strong>O aluno, para estar habilitado a obter seu t\u00edtulo, dever\u00e1 cumprir os seguintes requisitos <\/strong>(complementa\u00e7\u00e3o das informa\u00e7\u00f5es no <a href=\"https:\/\/wp.ufpel.edu.br\/computacao\/files\/2019\/02\/Regimento-PPGC-2015.pdf\">Regimento Interno do Programa<\/a>)<strong>:<\/strong><\/p>\n\n\n\n<ul class=\"wp-block-list\"><li>Obter 40 cr\u00e9ditos ao longo do Curso;<\/li><li>Os cr\u00e9ditos podem ser obtidos em <a href=\"https:\/\/institucional.ufpel.edu.br\/cursos\/cod\/8102\">Disciplinas<\/a> ou em <a href=\"https:\/\/wp.ufpel.edu.br\/computacao\/ppgc\/resolucoes\/resolucao-02-2016\/\">Atividades Complementares<\/a>:<ul><li>\u00c9 sugerido cumprir os cr\u00e9ditos nos dois primeiros anos;<\/li><li>Atividades Complementares permitem que o aluno valide suas experi\u00eancias como pesquisador (como publicar artigos, participar de eventos cient\u00edficos, orientar trabalhos de conclus\u00e3o de curso e participar ativamente da concep\u00e7\u00e3o de projetos de pesquisa) na forma de cr\u00e9ditos aproveit\u00e1veis para conclus\u00e3o do curso. O limite \u00e9 de 8 cr\u00e9ditos em Atividades Complementares);<\/li><li>As disciplinas Trabalho Individual I e II e Projeto de Pesquisa em Computa\u00e7\u00e3o I e II n\u00e3o requerem encontros sistem\u00e1ticos.<\/li><\/ul><\/li><li>Apresentar comprovante de aprova\u00e7\u00e3o em teste de profici\u00eancia em l\u00edngua inglesa;<\/li><li>Ser aprovado em um Exame de Qualifica\u00e7\u00e3o (durante o 4o semestre);<\/li><li>Ter sua Proposta de Tese aprovada (at\u00e9 a 6a matr\u00edcula);<ul><li>Uma vez aprovada a Proposta de Tese, o aluno contabiliza a obten\u00e7\u00e3o de 2 cr\u00e9ditos.<\/li><\/ul><\/li><li>Realizar um Semin\u00e1rio de Andamento (entre a Proposta de Tese e a Defesa de Tese);<\/li><li>Ser aprovado em uma Banca de Defesa de Tese<ul><li>O t\u00edtulo ser\u00e1 outorgado caso o aluno possua produ\u00e7\u00e3o cient\u00edfica (artigos publicados) conforme resolu\u00e7\u00e3o pr\u00f3pria (<a href=\"https:\/\/wp.ufpel.edu.br\/computacao\/files\/2019\/06\/SEI_UFPel-0562401-Resolu%C3%A7%C3%A3o.pdf\">Resolu\u00e7\u00e3o PPGC 01\/2019<\/a>).<\/li><\/ul><\/li><li>O aluno do DInter IFFar tamb\u00e9m deve programar, em acordo com seu Orientador e com sua Chefia Imediata junto ao IFFar, pelo menos um semestre, entre o 3o e o 8o semestre do curso, em que dever\u00e1 desenvolver suas atividades junto a sede em, pelo menos, 3 dias da semana.<\/li><\/ul>\n\n\n\n<p><strong> Oferta de disciplinas <\/strong><\/p>\n\n\n\n<p>O projeto de coopera\u00e7\u00e3o PPGC \/ IFFar para este DInter prev\u00ea a execu\u00e7\u00e3o de disciplinas no Santa Maria Tecnoparque, em Santa Maria, na sede do Programa, no Campus Anglo da UFPel, em Pelotas e por videoconfer\u00eancia.<\/p>\n\n\n\n<ul class=\"wp-block-list\"><li>Ofertas no Santa Maria Tecnoparque:<ul><li>As disciplinas quando ofertadas em Santa Maria ocorrer\u00e3o de forma concentrada, nas sextas (tarde e noite) e s\u00e1bados (manh\u00e3 e tarde), em cronograma de encontros a ser divulgado. De modo geral, pode-se assumir que disciplinas mais abrangentes e\/ou com maior p\u00fablico ser\u00e3o ofertadas em Santa Maria.<\/li><li><a href=\"https:\/\/wp.ufpel.edu.br\/computacao\/programacao-de-ofertas-dinter\/\">Acesse aqui a previs\u00e3o de ofertas para Santa Maria<\/a>.<\/li><\/ul><\/li><li>Ofertas em Pelotas:<ul><li>As disciplinas ofertadas em Pelotas seguir\u00e3o o calend\u00e1rio de ofertas normais do Programa.<\/li><li><a href=\"https:\/\/wp.ufpel.edu.br\/computacao\/noticia\/oferta-de-disciplinas-ppgc-2020-1\/\">Acesse aqui a oferta para 2020\/1<\/a>. O aluno que tiver interesse em disciplinas mais espec\u00edficas deve assumir a necessidade de realiz\u00e1-las em Pelotas.<\/li><\/ul><\/li><li>Ofertas em Videoconfer\u00eancia:<ul><li>Foram previstas a execu\u00e7\u00e3o de tr\u00eas disciplinas em videoconfer\u00eancia: Semin\u00e1rios de Pesquisa em Computa\u00e7\u00e3o I e II e Metodologia para Pesquisa e Desenvolvimento em Computa\u00e7\u00e3o.<\/li><\/ul><\/li><\/ul>\n\n\n\n<figure class=\"wp-block-pullquote\"><blockquote><p>Ainda com d\u00favidas?<\/p><p><a href=\"https:\/\/wp.ufpel.edu.br\/computacao\/ppgc\/dinter\/faq-dinter-iffar\/\">Consulte nosso FAQ<\/a> e, n\u00e3o encontrando a resposta, envie sua consulta para<\/p><p><em>dinter-coord@inf.ufpel.edu.br<\/em><\/p><\/blockquote><\/figure>\n","protected":false},"excerpt":{"rendered":"<p>Apresenta\u00e7\u00e3o Em um Projeto de Coopera\u00e7\u00e3o com o Instituto Federal Farroupilha, a Universidade Federal de Pelotas lan\u00e7a o Edital de Sele\u00e7\u00e3o para Doutorado Interinstitucional no Programa de P\u00f3s-Gradua\u00e7\u00e3o em Computa\u00e7\u00e3o. Confira o edital na&#46;&#46;&#46;<\/p>\n","protected":false},"author":881,"featured_media":0,"parent":0,"menu_order":0,"comment_status":"closed","ping_status":"closed","template":"","meta":{"jetpack_post_was_ever_published":false,"footnotes":""},"class_list":["post-5957","page","type-page","status-publish","hentry"],"jetpack_sharing_enabled":true,"jetpack_shortlink":"https:\/\/wp.me\/PaGhNl-1y5","_links":{"self":[{"href":"https:\/\/wp.ufpel.edu.br\/computacao\/wp-json\/wp\/v2\/pages\/5957","targetHints":{"allow":["GET"]}}],"collection":[{"href":"https:\/\/wp.ufpel.edu.br\/computacao\/wp-json\/wp\/v2\/pages"}],"about":[{"href":"https:\/\/wp.ufpel.edu.br\/computacao\/wp-json\/wp\/v2\/types\/page"}],"author":[{"embeddable":true,"href":"https:\/\/wp.ufpel.edu.br\/computacao\/wp-json\/wp\/v2\/users\/881"}],"replies":[{"embeddable":true,"href":"https:\/\/wp.ufpel.edu.br\/computacao\/wp-json\/wp\/v2\/comments?post=5957"}],"version-history":[{"count":1,"href":"https:\/\/wp.ufpel.edu.br\/computacao\/wp-json\/wp\/v2\/pages\/5957\/revisions"}],"predecessor-version":[{"id":5960,"href":"https:\/\/wp.ufpel.edu.br\/computacao\/wp-json\/wp\/v2\/pages\/5957\/revisions\/5960"}],"wp:attachment":[{"href":"https:\/\/wp.ufpel.edu.br\/computacao\/wp-json\/wp\/v2\/media?parent=5957"}],"curies":[{"name":"wp","href":"https:\/\/api.w.org\/{rel}","templated":true}]}}