{"id":5788,"date":"2019-12-27T11:12:14","date_gmt":"2019-12-27T14:12:14","guid":{"rendered":"https:\/\/wp.ufpel.edu.br\/computacao\/?page_id=5788"},"modified":"2019-12-27T11:13:50","modified_gmt":"2019-12-27T14:13:50","slug":"programacao-de-ofertas-dinter","status":"publish","type":"page","link":"https:\/\/wp.ufpel.edu.br\/computacao\/programacao-de-ofertas-dinter\/","title":{"rendered":"Programa\u00e7\u00e3o de Ofertas DInter"},"content":{"rendered":"\n<p>A seguir \u00e9 apresentada a previs\u00e3o das ofertas de disciplinas para a turma DInter no Parque Tecnol\u00f3gico de Santa Maria. Importante observar que esta \u00e9 uma previs\u00e3o, que ser\u00e1 concretizada, ou n\u00e3o, em fun\u00e7\u00e3o dos Planos de Estudo apresentados pelos alunos.<\/p>\n\n\n\n<figure class=\"wp-block-table\"><table class=\"\"><tbody><tr><td><\/td><td>Semestre<\/td><td>Cr\u00e9d.<\/td><td>Local<\/td><td>Docentes<\/td><\/tr><tr><td>Algoritmos e Estruturas de Dados<\/td><td>2020\/1<\/td><td>4<\/td><td>Santa Maria<\/td><td>Felipe Marques<\/td><td>Tiago Primo<\/td><\/tr><tr><td>Arquitetura de Computadores<\/td><td>2020\/1<\/td><td>4<\/td><td>Santa Maria<\/td><td>Marcelo Porto<\/td><td>Luciano Agostini<\/td><\/tr><tr><td>Fundamentos de Intelig\u00eancia Artificial<\/td><td>2020\/2<\/td><td>4<\/td><td>Santa Maria<\/td><td>Paulo Ferreira<\/td><td>Guilherme Corr\u00eaa<\/td><\/tr><tr><td>Introdu\u00e7\u00e3o ao Processamento Paralelo e Distribu\u00eddo<\/td><td>2020\/2<\/td><td>4<\/td><td>Santa Maria<\/td><td>Gerson Cavalheiro<\/td><td>Fabio Rossi<\/td><\/tr><tr><td>Metodologia para Pesquisa e Desenvolvimento em Computa\u00e7\u00e3o<\/td><td>2020\/2<\/td><td>2<\/td><td>Videoconfer\u00eancia<\/td><td>Tatiana Tavares<\/td><td>Paulo Ferreira<\/td><\/tr><tr><td>Princ\u00edpios de Codifica\u00e7\u00e3o de V\u00eddeo<\/td><td>2020\/2<\/td><td>4<\/td><td>Santa Maria<\/td><td>Luciano Agostini<\/td><td>Daniel Palomino<\/td><\/tr><tr><td>Processamento de Alto Desempenho<\/td><td>2021\/2<\/td><td>4<\/td><td>Santa Maria<\/td><td>Gerson Cavalheiro<\/td><td>Fabio Rossi<\/td><\/tr><tr><td>Processamento Digital de Imagens<\/td><td>2021\/1<\/td><td>4<\/td><td>Santa Maria<\/td><td>Guilherme Corr\u00eaa<\/td><td>Bruno Zatt<\/td><\/tr><tr><td>Projeto Avan\u00e7ado de Sistemas Digitais<\/td><td>2020\/2<\/td><td>4<\/td><td>Santa Maria<\/td><td>Bruno Zatt<\/td><td>Marcelo Porto<\/td><\/tr><tr><td>Semin\u00e1rios de Pesquisa em Computa\u00e7\u00e3o I<\/td><td>2020\/2<\/td><td>2<\/td><td>Videoconfer\u00eancia<\/td><td>Tatiana Tavares<\/td><td>Andr\u00e9 Du Bois<\/td><\/tr><tr><td>Semin\u00e1rios de Pesquisa em Computa\u00e7\u00e3o II<\/td><td>2022\/2<\/td><td>2<\/td><td>Videoconfer\u00eancia<\/td><td>Tatiana Tavares<\/td><td>Andr\u00e9 Du Bois<\/td><\/tr><\/tbody><\/table><\/figure>\n\n\n\n<p><\/p>\n","protected":false},"excerpt":{"rendered":"<p>A seguir \u00e9 apresentada a previs\u00e3o das ofertas de disciplinas para a turma DInter no Parque Tecnol\u00f3gico de Santa Maria. Importante observar que esta \u00e9 uma previs\u00e3o, que ser\u00e1 concretizada, ou n\u00e3o, em fun\u00e7\u00e3o&#46;&#46;&#46;<\/p>\n","protected":false},"author":881,"featured_media":0,"parent":0,"menu_order":0,"comment_status":"closed","ping_status":"closed","template":"","meta":{"jetpack_post_was_ever_published":false,"footnotes":""},"class_list":["post-5788","page","type-page","status-publish","hentry"],"jetpack_sharing_enabled":true,"jetpack_shortlink":"https:\/\/wp.me\/PaGhNl-1vm","_links":{"self":[{"href":"https:\/\/wp.ufpel.edu.br\/computacao\/wp-json\/wp\/v2\/pages\/5788","targetHints":{"allow":["GET"]}}],"collection":[{"href":"https:\/\/wp.ufpel.edu.br\/computacao\/wp-json\/wp\/v2\/pages"}],"about":[{"href":"https:\/\/wp.ufpel.edu.br\/computacao\/wp-json\/wp\/v2\/types\/page"}],"author":[{"embeddable":true,"href":"https:\/\/wp.ufpel.edu.br\/computacao\/wp-json\/wp\/v2\/users\/881"}],"replies":[{"embeddable":true,"href":"https:\/\/wp.ufpel.edu.br\/computacao\/wp-json\/wp\/v2\/comments?post=5788"}],"version-history":[{"count":4,"href":"https:\/\/wp.ufpel.edu.br\/computacao\/wp-json\/wp\/v2\/pages\/5788\/revisions"}],"predecessor-version":[{"id":5793,"href":"https:\/\/wp.ufpel.edu.br\/computacao\/wp-json\/wp\/v2\/pages\/5788\/revisions\/5793"}],"wp:attachment":[{"href":"https:\/\/wp.ufpel.edu.br\/computacao\/wp-json\/wp\/v2\/media?parent=5788"}],"curies":[{"name":"wp","href":"https:\/\/api.w.org\/{rel}","templated":true}]}}