{"id":5757,"date":"2019-12-20T16:56:31","date_gmt":"2019-12-20T19:56:31","guid":{"rendered":"https:\/\/wp.ufpel.edu.br\/computacao\/?page_id=5757"},"modified":"2019-12-20T17:26:44","modified_gmt":"2019-12-20T20:26:44","slug":"primeira-matricula-no-dinter-iffar","status":"publish","type":"page","link":"https:\/\/wp.ufpel.edu.br\/computacao\/primeira-matricula-no-dinter-iffar\/","title":{"rendered":"Primeira Matr\u00edcula no DINTER \/ IFFar"},"content":{"rendered":"\n<p>Ao ingressar no Programa de P\u00f3s-Gradua\u00e7\u00e3o em Computa\u00e7\u00e3o da UFPel, o novo aluno \u00e9 alocado a um Professor Orientador e a uma Linha de Pesquisa.  Ambos, Orientador e Linha, s\u00e3o selecionados em fun\u00e7\u00e3o dos interesses manifestos pelos alunos enquanto candidatos pelas Linhas e ent\u00e3o pela disponibilidade de orienta\u00e7\u00e3o de cada docente do Programa. Prioridade na aloca\u00e7\u00e3o dos alunos \u00e0s Linhas de Pesquisa se d\u00e1 conforme a pontua\u00e7\u00e3o obtida no Processo Seletivo. Coorienta\u00e7\u00f5es s\u00e3o poss\u00edveis, e isso depende da evolu\u00e7\u00e3o do trabalho de pesquisa do aluno. \u00c9 importante observar que a parceira aluno\/orientador \u00e9 determinante para tra\u00e7ar o plano de trabalho a ser realizado, bem como especificar o efetivo projeto de doutorado a ser realizado. O aluno ingressante deve, portanto, estar ciente que o projeto apresentado no ato de sua inscri\u00e7\u00e3o ao Processo Seletivo consistiu, unicamente, em uma pe\u00e7a de avalia\u00e7\u00e3o durante esta etapa e projetar a atividade definitiva junto ao seu Orientador.<\/p>\n\n\n\n<p>Ressalta-se que n\u00e3o h\u00e1 nenhuma distin\u00e7\u00e3o entre alunos ingressos no edital DINTER ou nos editais regulares do Programa. Assim, todos o <a href=\"https:\/\/wp.ufpel.edu.br\/computacao\/ppgc\/documentos-e-formularios\/\">Regramento do Programa<\/a> dever\u00e1 ser igualmente atendido.<\/p>\n\n\n\n<p><strong>Efetiva\u00e7\u00e3o da Primeira Matr\u00edcula<\/strong><\/p>\n\n\n\n<p>O aluno, em acordo com seu orientador, deve preencher o <a href=\"https:\/\/wp.ufpel.edu.br\/computacao\/files\/2019\/08\/Formula%CC%81rio-2-MATRI%CC%81CULA_Formula%CC%81rio.doc\">Formul\u00e1rio de Matr\u00edcula<\/a>. Ap\u00f3s preenchido, o formul\u00e1rio deve ser encaminhado por email para <a href=\"mailto:secretaria-ppgc@inf.ufpel.edu.br\">secretaria-ppgc@inf.ufpel.edu.br<\/a> com o assunto: Matr\u00edcula DINTER.<\/p>\n\n\n\n<p> Toda a oferta para 2020\/1 estar\u00e1 dispon\u00edvel aos alunos da turma DInter (<a href=\"https:\/\/wp.ufpel.edu.br\/computacao\/disciplinas-do-ppgc\/\">lista das disciplinas do PPGC<\/a>). No entanto, salienta-se que as disciplinas <strong>Algoritmos e Estruturas de Dados<\/strong> e <strong>Arquitetura de Computadores<\/strong> ser\u00e3o executadas em Santa Maria, junto a sede da Reitoria do Instituto Federal Farroupilha. A execu\u00e7\u00e3o destas disciplinas implicar\u00e1 em 10 encontros, distribu\u00eddos ao longo do semestre 2020\/1, sendo 12 horas de aula por final de semana, 6 horas cada disciplina. Endere\u00e7o, hor\u00e1rios completos e calend\u00e1rio de encontros a ser divulgado oportunamente.<\/p>\n\n\n\n<p><span style=\"text-decoration: underline\">Notas importantes<\/span>:<\/p>\n\n\n\n<ol class=\"wp-block-list\"><li>N\u00e3o s\u00e3o aceitos formul\u00e1rios de matr\u00edcula sem o acordo do orientador. Este acordo pode ser documentado por assinatura no formul\u00e1rio ou por email, enviado pelo pr\u00f3prio orientador \u00e0 secretaria ratificando a matr\u00edcula.<\/li><li> C\u00f3pias de todos os documentos apresentados para o Processo Seletivo devem ser entregues junto \u00e0 Coordenadoria de P\u00f3s Gradua\u00e7\u00e3o do IFFar (endere\u00e7o abaixo), devendo ser apresentado original para confer\u00eancia. A lista de documentos \u00e9 a seguinte: <ul><li>Diploma de Gradua\u00e7\u00e3o;<\/li><li>Diploma de Mestrado;<\/li><li>Hist\u00f3rico(s) Escolar(es) do(s) curso(s) de Mestrado;<\/li><li>Carteira de Identidade;<\/li><li>CPF, se n\u00e3o dispon\u00edvel na Carteira de Identidade; <\/li><li>T\u00edtulo de Eleitor; <\/li><li>Certificado de quita\u00e7\u00e3o com servi\u00e7o militar, ou equivalente, se aplic\u00e1vel; <\/li><li>Certid\u00e3o de Casamento, no caso de mudan\u00e7a do nome; <\/li><li>Comprovante de v\u00ednculo como servidor do IFFar. <\/li><\/ul><\/li><li>Em fun\u00e7\u00e3o das caracter\u00edsticas da turma, os alunos tem at\u00e9 a data do primeiro encontro para apresentar a documenta\u00e7\u00e3o acima listada.<\/li><\/ol>\n\n\n\n<p><strong>Plano de Trabalho<\/strong><\/p>\n\n\n\n<p>Todo aluno do PPGC deve ter um<a href=\"https:\/\/wp.ufpel.edu.br\/computacao\/files\/2019\/02\/PPGC-PlanoDeEstudos.doc\"> Plano de Trabalho<\/a> aprovado pelo Colegiado. Este plano reflete a perspectiva de desenvolvimento do projeto de doutorado do aluno. Ele dever\u00e1 ser entregue passados 60 dias do in\u00edcio das aulas. Al\u00e9m de apresentar o direcionamento das pesquisas a serem realizadas, este plano tamb\u00e9m permite que o aluno, e seu orientador, definam como os cr\u00e9ditos necess\u00e1rios \u00e0 conclus\u00e3o do curso podem ser obtidos.<\/p>\n\n\n\n<p><strong>Contato com o Orientador<\/strong><\/p>\n\n\n\n<p>Considerando o per\u00edodo de festas e as iminentes f\u00e9rias que os docentes do PPGC poder\u00e3o tirar a partir do final do semestre 2019\/2, recomenda-se que os candidatos selecionados iniciem o contato com os orientadores o quanto antes. Os endere\u00e7os de email podem ser obtidos nas suas p\u00e1ginas pessoais e, havendo dificuldades em efetivar o contato, busquem aux\u00edlio com dinter-coord@inf.ufpel.edu.br<\/p>\n\n\n\n<p><strong>Endere\u00e7o para entrega da documenta\u00e7\u00e3o<\/strong><\/p>\n\n\n\n<p>Os documentos comprobat\u00f3rios dever\u00e3o ser entregue, at\u00e9 o primeiro dia do primeiro encontro presencial, no seguinte endere\u00e7o:<\/p>\n\n\n\n<p>Coordena\u00e7\u00e3o Geral de P\u00f3s-gradua\u00e7\u00e3o<br>\nPr\u00f3-Reitoria de Pesquisa, P\u00f3s-gradua\u00e7\u00e3o e Inova\u00e7\u00e3o<br>\nInstituto Federal Farroupilha<br>\nAlameda Santiago do Chile, 195, 5\u00ba andar<br>\nBairro Nossa Senhora das Dores, CEP 97050-685, Santa Maria, RS<br>\nTelefone: (55) 32189850<\/p>\n\n\n\n<p><\/p>\n\n\n\n<p><\/p>\n","protected":false},"excerpt":{"rendered":"<p>Ao ingressar no Programa de P\u00f3s-Gradua\u00e7\u00e3o em Computa\u00e7\u00e3o da UFPel, o novo aluno \u00e9 alocado a um Professor Orientador e a uma Linha de Pesquisa. Ambos, Orientador e Linha, s\u00e3o selecionados em fun\u00e7\u00e3o dos&#46;&#46;&#46;<\/p>\n","protected":false},"author":881,"featured_media":0,"parent":0,"menu_order":0,"comment_status":"closed","ping_status":"closed","template":"","meta":{"jetpack_post_was_ever_published":false,"footnotes":""},"class_list":["post-5757","page","type-page","status-publish","hentry"],"jetpack_sharing_enabled":true,"jetpack_shortlink":"https:\/\/wp.me\/PaGhNl-1uR","_links":{"self":[{"href":"https:\/\/wp.ufpel.edu.br\/computacao\/wp-json\/wp\/v2\/pages\/5757","targetHints":{"allow":["GET"]}}],"collection":[{"href":"https:\/\/wp.ufpel.edu.br\/computacao\/wp-json\/wp\/v2\/pages"}],"about":[{"href":"https:\/\/wp.ufpel.edu.br\/computacao\/wp-json\/wp\/v2\/types\/page"}],"author":[{"embeddable":true,"href":"https:\/\/wp.ufpel.edu.br\/computacao\/wp-json\/wp\/v2\/users\/881"}],"replies":[{"embeddable":true,"href":"https:\/\/wp.ufpel.edu.br\/computacao\/wp-json\/wp\/v2\/comments?post=5757"}],"version-history":[{"count":4,"href":"https:\/\/wp.ufpel.edu.br\/computacao\/wp-json\/wp\/v2\/pages\/5757\/revisions"}],"predecessor-version":[{"id":5774,"href":"https:\/\/wp.ufpel.edu.br\/computacao\/wp-json\/wp\/v2\/pages\/5757\/revisions\/5774"}],"wp:attachment":[{"href":"https:\/\/wp.ufpel.edu.br\/computacao\/wp-json\/wp\/v2\/media?parent=5757"}],"curies":[{"name":"wp","href":"https:\/\/api.w.org\/{rel}","templated":true}]}}