{"id":5717,"date":"2019-12-06T15:10:40","date_gmt":"2019-12-06T18:10:40","guid":{"rendered":"https:\/\/wp.ufpel.edu.br\/computacao\/?page_id=5717"},"modified":"2019-12-06T15:11:55","modified_gmt":"2019-12-06T18:11:55","slug":"resultado-homologacao","status":"publish","type":"page","link":"https:\/\/wp.ufpel.edu.br\/computacao\/resultado-homologacao\/","title":{"rendered":"Resultado: Homologa\u00e7\u00e3o"},"content":{"rendered":"\n<p>Em conformidade com o <a href=\"https:\/\/wp.ufpel.edu.br\/computacao\/files\/2019\/10\/EditalDInterUFPelIFFar.pdf\">Edital 143\/2019<\/a>, segue a lista de candidaturas homologadas (em ordem alfab\u00e9tica) e n\u00e3o homologadas para o Processo Seletivo de Sele\u00e7\u00e3o de Aluno Regular ao PPGC na Modalidade DInter com Instituto Federal Farroupilha, com ingresso em 2020\/1.<\/p>\n\n\n\n<p><strong>Candidaturas homologadas<\/strong><\/p>\n\n\n\n<ul class=\"wp-block-list\"><li>Anderson Monteiro da Rocha<\/li><li>Bruno Siqueira da Silva<\/li><li>Carlos Alexandre Silva dos Santos<\/li><li>Daniele Fernandes e Silva<\/li><li>Eliana Zen<\/li><li>\u00c9ric Tadiello Beltr\u00e3o<\/li><li>Garibaldi da Silveira J\u00fanior<\/li><li>Giovani Felipe Jahn<\/li><li>Gl\u00e1ucio Ricardo Vivian<\/li><li>Jhonathan Alberto dos Santos Silveira<\/li><li>Karlise Soares Nascimento<\/li><li>Leonardo Gabriel Cassani Aramburu<\/li><li>Marcos Antonio de Oliveira Junior<\/li><li>Marcos Paulo Konzen<\/li><li>Marta Breunig Loose<\/li><li>Miriam Pizzatto Colpo<\/li><li>Paulo Ricardo Barbieri Dutra Lima<\/li><li>Roger Herpich<\/li><li>Rogerio Cassanta Rosado<\/li><li>Tiago Perlin<\/li><\/ul>\n\n\n\n<p><strong>Agendamento de Entrevistas<\/strong><\/p>\n\n\n\n<p>As entrevistas ir\u00e3o ocorrer entre os dias 10 e 20 de dezembro. Os hor\u00e1rios das entrevistas ser\u00e3o divulgados nesta mesma p\u00e1gina, oportunamente. As entrevistas se dar\u00e3o utilizando recursos de videoconfer\u00eancia. Caso um candidato, com candidatura homologada, deseje realizar sua entrevista na sede do PPGC, no campus Porto da UFPel, entrar em contato pelo email dinter-coord@inf.ufpel.edu.br.<\/p>\n\n\n\n<p><strong>Candidaturas n\u00e3o homologadas<\/strong><\/p>\n\n\n\n<ul class=\"wp-block-list\"><li>Lidiane Kasper*<\/li><li>Mirian Rosani Crivelaro Kovhautt*<\/li><li>Paula Terezinha Oliveira da Silva*<\/li><li>Renira Carla Soares**<\/li><li>Rolando Ruben Chaves Zegarra*<\/li><li>Sandra Cristina Franchikoski*<\/li><\/ul>\n\n\n\n<p>* N\u00e3o atende ao item I.4 do Edital, relativo \u00e0 forma\u00e7\u00e3o exigida dos candidatos.<br>** N\u00e3o apresentou hist\u00f3rico de mestrado, conforme indicado no item<br>I.5.d do Edital.<\/p>\n\n\n\n<p><strong>Recursos<\/strong><\/p>\n\n\n\n<p>Recursos \u00e0s candidaturas n\u00e3o homologadas devem ser encaminhados por email para dinter-coord@inf.ufpel.edu.br at\u00e9 as 18h de quarta-feira, dia 11 de dezembro. O pedido de recurso deve ser acompanhado de documenta\u00e7\u00e3o complementar, comprovando a solicita\u00e7\u00e3o.<\/p>\n","protected":false},"excerpt":{"rendered":"<p>Em conformidade com o Edital 143\/2019, segue a lista de candidaturas homologadas (em ordem alfab\u00e9tica) e n\u00e3o homologadas para o Processo Seletivo de Sele\u00e7\u00e3o de Aluno Regular ao PPGC na Modalidade DInter com Instituto&#46;&#46;&#46;<\/p>\n","protected":false},"author":881,"featured_media":0,"parent":0,"menu_order":0,"comment_status":"closed","ping_status":"closed","template":"","meta":{"jetpack_post_was_ever_published":false,"footnotes":""},"class_list":["post-5717","page","type-page","status-publish","hentry"],"jetpack_sharing_enabled":true,"jetpack_shortlink":"https:\/\/wp.me\/PaGhNl-1ud","_links":{"self":[{"href":"https:\/\/wp.ufpel.edu.br\/computacao\/wp-json\/wp\/v2\/pages\/5717","targetHints":{"allow":["GET"]}}],"collection":[{"href":"https:\/\/wp.ufpel.edu.br\/computacao\/wp-json\/wp\/v2\/pages"}],"about":[{"href":"https:\/\/wp.ufpel.edu.br\/computacao\/wp-json\/wp\/v2\/types\/page"}],"author":[{"embeddable":true,"href":"https:\/\/wp.ufpel.edu.br\/computacao\/wp-json\/wp\/v2\/users\/881"}],"replies":[{"embeddable":true,"href":"https:\/\/wp.ufpel.edu.br\/computacao\/wp-json\/wp\/v2\/comments?post=5717"}],"version-history":[{"count":4,"href":"https:\/\/wp.ufpel.edu.br\/computacao\/wp-json\/wp\/v2\/pages\/5717\/revisions"}],"predecessor-version":[{"id":5724,"href":"https:\/\/wp.ufpel.edu.br\/computacao\/wp-json\/wp\/v2\/pages\/5717\/revisions\/5724"}],"wp:attachment":[{"href":"https:\/\/wp.ufpel.edu.br\/computacao\/wp-json\/wp\/v2\/media?parent=5717"}],"curies":[{"name":"wp","href":"https:\/\/api.w.org\/{rel}","templated":true}]}}