{"id":5485,"date":"2019-10-22T17:25:57","date_gmt":"2019-10-22T20:25:57","guid":{"rendered":"https:\/\/wp.ufpel.edu.br\/computacao\/?page_id=5485"},"modified":"2019-11-01T15:49:20","modified_gmt":"2019-11-01T18:49:20","slug":"faq-dinter-iffar","status":"publish","type":"page","link":"https:\/\/wp.ufpel.edu.br\/computacao\/ppgc\/dinter\/faq-dinter-iffar\/","title":{"rendered":"FAQ DInter IFFar"},"content":{"rendered":"\n<ol class=\"wp-block-list\"><li><strong>Tenho que pagar algo para fazer minha inscri\u00e7\u00e3o?<\/strong><ul><li><em>N\u00e3o. A inscri\u00e7\u00e3o neste edital n\u00e3o tem custo<\/em>.<\/li><\/ul><\/li><li><strong>A nota do POSCOMP solicitada no ato da inscri\u00e7\u00e3o \u00e9 obrigat\u00f3ria?<\/strong><ul><li><em>A nota do POSCOMP n\u00e3o \u00e9 obrigat\u00f3ria.<\/em><\/li><\/ul><\/li><li><strong>\u00c9 obrigat\u00f3rio informar artigos para avalia\u00e7\u00e3o? E se n\u00e3o tenho artigos publicados?<\/strong><ul><li><em>N\u00e3o \u00e9 obrigat\u00f3rio, os campos podem ser deixados em branco no formul\u00e1rio. O candidato apenas n\u00e3o receber\u00e1 os pontos neste quesito no processo de avalia\u00e7\u00e3o.<\/em><\/li><\/ul><\/li><li><strong>Ap\u00f3s submeter o formul\u00e1rio de inscri\u00e7\u00e3o, observei um engano. Posso corrigir?<\/strong><ul><li><em>Sim. No email de confirma\u00e7\u00e3o de recebimento do formul\u00e1rio preenchido h\u00e1 um link para altera\u00e7\u00e3o das respostas. No entanto, toda corre\u00e7\u00e3o, se houver, dever\u00e1 ser realizada antes do prazo final das inscri\u00e7\u00f5es.<\/em><\/li><\/ul><\/li><li><strong>Posso me inscrever no doutorado sem ter o t\u00edtulo de mestre?<\/strong><ul><li><em>Sim, o t\u00edtulo de mestre n\u00e3o \u00e9 obrigat\u00f3rio. No entanto, o candidato deve possuir curr\u00edculo que ateste sua habilita\u00e7\u00e3o para requerer o ingresso direto no doutorado. Notadamente, o candidato deve ter publica\u00e7\u00f5es (artigos cient\u00edficos) em n\u00famero e qualidades suficientes para ser considerado apto ao ingresso ao doutorado sem o t\u00edtulo de mestre.<\/em><\/li><\/ul><\/li><li><strong>N\u00e3o terminei o mestrado ainda, mas defenderei antes da matr\u00edcula. Como\u00a0devo fazer a inscri\u00e7\u00e3o?<\/strong><ul><li><em>No lugar do diploma de mestrado, encaminhe carta do seu PPG indicando a data prov\u00e1vel de defesa e que todos os demais requisitos para concluir o curso de mestrado foram conclu\u00eddos. A ata de defesa dever\u00e1 ser entregue no momento da matr\u00edcula, no caso de aprova\u00e7\u00e3o no processo seletivo.<\/em><\/li><\/ul><\/li><li><strong>Posso pedir aproveitamento de disciplinas que j\u00e1 cursei no mestrado?<\/strong><ul><li><em>Sim, embora todo o pedido de aproveitamento deva ser avaliado para ser aceito. Considere, no entanto, que somente disciplinas cursadas at\u00e9 5 anos no ingresso do curso poder\u00e3o ser aproveitadas, no limite de 40% do total de cr\u00e9ditos a serem obtidos.<\/em><\/li><\/ul><\/li><li><strong>Devo contatar\u00a0algum potencial orientador antes de me candidatar?<\/strong><ul><li><em>N\u00e3o \u00e9 obrigat\u00f3rio. No entanto, encoraja-se que o candidato conhe\u00e7a os trabalhos sendo feitos no Programa, de forma a verificar se h\u00e1 orientadores habilitados a orientar no tema desejado. A candidatura com projeto ou perfil que n\u00e3o tenham afinidade com orientadores e linhas no Programa pode\u00a0impedir a sele\u00e7\u00e3o do candidato.<\/em><\/li><\/ul><\/li><li><strong>Qualquer docente do Programa estar\u00e1 apto a orientar alunos do DInter IFFar?<\/strong><ul><li><em>N\u00e3o, apenas os habilitados a tal, pois os encargos dos docentes n\u00e3o permitem que todos os docentes atuem em todas as frentes de trabalho.<\/em><\/li><\/ul><\/li><li><strong>Quero atuar na Linha de Pesquisa em Fundamentos da Computa\u00e7\u00e3o, mas n\u00e3o h\u00e1 nenhum orientador desta \u00e1rea atuando no DInter IFFar. O que devo fazer?<\/strong><ul><li><em>As Linhas de Pesquisa informadas para cada docente s\u00e3o aquelas em que estes possuem suas principais atividades. Existem diversas colabora\u00e7\u00f5es entre as Linhas de Pesquisa e o ideal \u00e9 buscar, em acordo com o orientador, adequar o trabalho de forma a atender as necessidades do aluno.<\/em><\/li><\/ul><\/li><li><strong>O que deve constar no Projeto de Pesquisa e Memorial?<\/strong><ul><li><em>Confira\u00a0<\/em><a href=\"http:\/\/computacao.cc\/projeto-de-pesquisa-e-memorial-academico\/\"><em>instru\u00e7\u00f5es gerais para escrita do Projeto e Memorial<\/em><\/a><em>.<\/em><\/li><\/ul><\/li><li><strong>No que consiste a defesa do projeto e memorial?<\/strong><ul><li><em>No dia e hor\u00e1rio alocados ao candidato ao curso de Doutorado, este se reunir\u00e1 com uma banca de avalia\u00e7\u00e3o e brevemente far\u00e1 a exposi\u00e7\u00e3o do seu projeto e do memorial, sendo questionado pelos membros da banca de forma a permitir a avalia\u00e7\u00e3o de aspectos como\u00a0conhecimento e experi\u00eancia do candidato no tema do projeto, possibilidade de dedica\u00e7\u00e3o ao curso pretendido e motiva\u00e7\u00e3o. O encontro tem dura\u00e7\u00e3o entre 20 e 30 minutos tipicamente.<\/em><\/li><\/ul><\/li><li><strong>\u00c9 poss\u00edvel fazer a defesa do projeto e memorial a dist\u00e2ncia?<\/strong><ul><li><em>Sim, em fun\u00e7\u00e3o das caracter\u00edsticas deste Processo Seletivo, as defesas ser\u00e3o realizadas por meio de\u00a0aplicativos de videoconfer\u00eancia (e.g. Whereby). Caso prefira, o candidato pode indicar preferir comparecer presencialmente a sede do curso para realizar a defesa.<\/em><\/li><\/ul><\/li><li><strong>Deverei executar como trabalho de doutoramento o Projeto de Pesquisa submetido no ato da inscri\u00e7\u00e3o?<\/strong><ul><li><em>N\u00e3o. O Projeto de Pesquisa submetido no ato da inscri\u00e7\u00e3o \u00e9 um item do processo seletivo n\u00e3o havendo nenhuma obriga\u00e7\u00e3o do aluno em execut\u00e1-lo. Da mesma forma, o Programa n\u00e3o est\u00e1 obrigado a orientar o aluno no projeto apresentado.<\/em><\/li><\/ul><\/li><li><strong>Onde encontro a lista de disciplinas do Curso?<\/strong><ul><li><em>Acesse a <a href=\"https:\/\/institucional.ufpel.edu.br\/cursos\/cod\/8102\">Lista de Disciplinas do PPGC<\/a>.<\/em><\/li><\/ul><\/li><li><strong>Existe alguma disciplina obrigat\u00f3ria?<\/strong><ul><li><em>N\u00e3o. No entanto, tr\u00eas disciplinas desenvolvem conhecimentos de <\/em><a href=\"https:\/\/wp.ufpel.edu.br\/computacao\/files\/2019\/02\/Resolucao-5-2018.pdf\"><em>forma\u00e7\u00e3o b\u00e1sica<\/em><\/a><em>: Algoritmos e Estrutura de Dados, Arquitetura de Computadores e Teoria da Computa\u00e7\u00e3o. A <\/em><a href=\"https:\/\/wp.ufpel.edu.br\/computacao\/files\/2019\/02\/Resolucao-3-2018.pdf\"><em>Resolu\u00e7\u00e3o 03\/2018<\/em><\/a><em> trata o assunto. De forma geral, se o aluno de doutorado for egresso de um curso de mestrado em Computa\u00e7\u00e3o a menos de 5 anos ou de um curso de gradua\u00e7\u00e3o em Computa\u00e7\u00e3o tamb\u00e9m a menos de 5 anos, os cr\u00e9ditos obtidos nestas disciplinas n\u00e3o ser\u00e3o contabilizados entre os 40 cr\u00e9ditos m\u00ednimos necess\u00e1rios para conclus\u00e3o do curso.<\/em><\/li><\/ul><\/li><li><strong>Posso cursar uma disciplina de um professor que n\u00e3o \u00e9 orientador junto ao DInter IFFar?<\/strong><ul><li>Sim. O aluno DInter IFFar pode cursar qualquer disciplina oferecida pelo Programa.<\/li><\/ul><\/li><\/ol>\n\n\n\n<p><\/p>\n","protected":false},"excerpt":{"rendered":"<p>Tenho que pagar algo para fazer minha inscri\u00e7\u00e3o? N\u00e3o. A inscri\u00e7\u00e3o neste edital n\u00e3o tem custo. A nota do POSCOMP solicitada no ato da inscri\u00e7\u00e3o \u00e9 obrigat\u00f3ria? A nota do POSCOMP n\u00e3o \u00e9 obrigat\u00f3ria.&#46;&#46;&#46;<\/p>\n","protected":false},"author":881,"featured_media":0,"parent":5469,"menu_order":0,"comment_status":"closed","ping_status":"closed","template":"","meta":{"jetpack_post_was_ever_published":false,"footnotes":""},"class_list":["post-5485","page","type-page","status-publish","hentry"],"jetpack_sharing_enabled":true,"jetpack_shortlink":"https:\/\/wp.me\/PaGhNl-1qt","_links":{"self":[{"href":"https:\/\/wp.ufpel.edu.br\/computacao\/wp-json\/wp\/v2\/pages\/5485","targetHints":{"allow":["GET"]}}],"collection":[{"href":"https:\/\/wp.ufpel.edu.br\/computacao\/wp-json\/wp\/v2\/pages"}],"about":[{"href":"https:\/\/wp.ufpel.edu.br\/computacao\/wp-json\/wp\/v2\/types\/page"}],"author":[{"embeddable":true,"href":"https:\/\/wp.ufpel.edu.br\/computacao\/wp-json\/wp\/v2\/users\/881"}],"replies":[{"embeddable":true,"href":"https:\/\/wp.ufpel.edu.br\/computacao\/wp-json\/wp\/v2\/comments?post=5485"}],"version-history":[{"count":7,"href":"https:\/\/wp.ufpel.edu.br\/computacao\/wp-json\/wp\/v2\/pages\/5485\/revisions"}],"predecessor-version":[{"id":5644,"href":"https:\/\/wp.ufpel.edu.br\/computacao\/wp-json\/wp\/v2\/pages\/5485\/revisions\/5644"}],"up":[{"embeddable":true,"href":"https:\/\/wp.ufpel.edu.br\/computacao\/wp-json\/wp\/v2\/pages\/5469"}],"wp:attachment":[{"href":"https:\/\/wp.ufpel.edu.br\/computacao\/wp-json\/wp\/v2\/media?parent=5485"}],"curies":[{"name":"wp","href":"https:\/\/api.w.org\/{rel}","templated":true}]}}