{"id":5469,"date":"2019-10-22T15:49:13","date_gmt":"2019-10-22T18:49:13","guid":{"rendered":"https:\/\/wp.ufpel.edu.br\/computacao\/?page_id=5469"},"modified":"2020-09-30T13:47:47","modified_gmt":"2020-09-30T16:47:47","slug":"dinter","status":"publish","type":"page","link":"https:\/\/wp.ufpel.edu.br\/computacao\/ppgc\/dinter\/","title":{"rendered":"DInter"},"content":{"rendered":"\n<p>A execu\u00e7\u00e3o do DInter IFFar \/ PPGC  est\u00e1 seguindo as orienta\u00e7\u00f5es da Institui\u00e7\u00e3o Promotora, UFPel, no seu <a href=\"http:\/\/ccs2.ufpel.edu.br\/wp\/2020\/09\/17\/cocepe-aprova-calendario-academico-2020-com-ensino-remoto-emergencial\/\">Calend\u00e1rio Alternat\u00edvo<\/a>.<\/p>\n\n\n\n<p><\/p>\n\n\n\n<ul class=\"wp-block-list\"><li><a href=\"https:\/\/wp.ufpel.edu.br\/computacao\/dinter-informacoes-gerais\/\">Informa\u00e7\u00f5es sobre o DInter IFFar \/ PPGC<\/a><\/li><\/ul>\n\n\n\n<ul class=\"wp-block-list\"><li><a href=\"https:\/\/wp.ufpel.edu.br\/computacao\/ppgc\/dinter\/faq-dinter-iffar\/\">FAQ<\/a><em>\u00a0<\/em><\/li><\/ul>\n\n\n\n<ul class=\"wp-block-list\"><li><a href=\"https:\/\/wp.ufpel.edu.br\/computacao\/dinter-sistemas-de-apoio-a-gestao-academica\/\">Sistemas de apoio \u00e0 gest\u00e3o acad\u00eamica<\/a><\/li><\/ul>\n\n\n\n<p><\/p>\n","protected":false},"excerpt":{"rendered":"<p>A execu\u00e7\u00e3o do DInter IFFar \/ PPGC est\u00e1 seguindo as orienta\u00e7\u00f5es da Institui\u00e7\u00e3o Promotora, UFPel, no seu Calend\u00e1rio Alternat\u00edvo. Informa\u00e7\u00f5es sobre o DInter IFFar \/ PPGC FAQ\u00a0 Sistemas de apoio \u00e0 gest\u00e3o acad\u00eamica<\/p>\n","protected":false},"author":881,"featured_media":0,"parent":118,"menu_order":0,"comment_status":"closed","ping_status":"closed","template":"","meta":{"jetpack_post_was_ever_published":false,"footnotes":""},"class_list":["post-5469","page","type-page","status-publish","hentry"],"jetpack_sharing_enabled":true,"jetpack_shortlink":"https:\/\/wp.me\/PaGhNl-1qd","_links":{"self":[{"href":"https:\/\/wp.ufpel.edu.br\/computacao\/wp-json\/wp\/v2\/pages\/5469","targetHints":{"allow":["GET"]}}],"collection":[{"href":"https:\/\/wp.ufpel.edu.br\/computacao\/wp-json\/wp\/v2\/pages"}],"about":[{"href":"https:\/\/wp.ufpel.edu.br\/computacao\/wp-json\/wp\/v2\/types\/page"}],"author":[{"embeddable":true,"href":"https:\/\/wp.ufpel.edu.br\/computacao\/wp-json\/wp\/v2\/users\/881"}],"replies":[{"embeddable":true,"href":"https:\/\/wp.ufpel.edu.br\/computacao\/wp-json\/wp\/v2\/comments?post=5469"}],"version-history":[{"count":48,"href":"https:\/\/wp.ufpel.edu.br\/computacao\/wp-json\/wp\/v2\/pages\/5469\/revisions"}],"predecessor-version":[{"id":6336,"href":"https:\/\/wp.ufpel.edu.br\/computacao\/wp-json\/wp\/v2\/pages\/5469\/revisions\/6336"}],"up":[{"embeddable":true,"href":"https:\/\/wp.ufpel.edu.br\/computacao\/wp-json\/wp\/v2\/pages\/118"}],"wp:attachment":[{"href":"https:\/\/wp.ufpel.edu.br\/computacao\/wp-json\/wp\/v2\/media?parent=5469"}],"curies":[{"name":"wp","href":"https:\/\/api.w.org\/{rel}","templated":true}]}}