{"id":5308,"date":"2019-06-27T11:42:55","date_gmt":"2019-06-27T14:42:55","guid":{"rendered":"https:\/\/wp.ufpel.edu.br\/computacao\/?page_id=5308"},"modified":"2026-02-12T11:54:34","modified_gmt":"2026-02-12T14:54:34","slug":"laboratorios","status":"publish","type":"page","link":"https:\/\/wp.ufpel.edu.br\/computacao\/sobre-a-computacao-ufpel\/laboratorios\/","title":{"rendered":"Laborat\u00f3rios"},"content":{"rendered":"\n<p>A agenda dos laborat\u00f3rios de ensino est\u00e1 dispon\u00edvel nos links abaixo. Para acess\u00e1-la, \u00e9 necess\u00e1rio estar logado com a conta institucional da Computa\u00e7\u00e3o (@inf.ufpel.edu.br).<\/p>\n\n\n\n<ul class=\"wp-block-list\">\n<li><a href=\"https:\/\/calendar.google.com\/calendar\/u\/1\/embed?src=c_3b55e58b334d15109aa94730a7218f089a254986c7dc7eb72e87b485dd5e7768@group.calendar.google.com&amp;ctz=America\/Sao_Paulo&amp;csspa=1\">Lab1 (Sala 323)<\/a><\/li>\n\n\n\n<li><a href=\"https:\/\/calendar.google.com\/calendar\/u\/1\/embed?src=c_d6a2454fc5dc4ee51ecadaa6acc3d9e0cf4b37676b9e4228ba32c3d321ed4a56@group.calendar.google.com&amp;ctz=America\/Sao_Paulo&amp;csspa=1\">Lab2 (Sala 330)<\/a><\/li>\n\n\n\n<li><a href=\"https:\/\/calendar.google.com\/calendar\/u\/1\/embed?src=c_77d6a1b4422dfdec78662a256825092a16798c47007c23eb166054a647232b70@group.calendar.google.com&amp;ctz=America\/Sao_Paulo&amp;csspa=1\">Lab3 (Sala 332)<\/a><\/li>\n\n\n\n<li><a href=\"https:\/\/calendar.google.com\/calendar\/u\/1\/embed?src=c_1e3d0e7cf4cf14a7f3be040cb8bad6a16d911c9efa3dfc86b9fa755f71dc6665@group.calendar.google.com&amp;ctz=America\/Sao_Paulo&amp;csspa=1\">Lab4 (Sala 334)<\/a><\/li>\n\n\n\n<li><a href=\"https:\/\/calendar.google.com\/calendar\/u\/1\/embed?src=c_f02e79baae515592b80a8af4bf2ed5f46f4f7805a086ff9e54663aae5f35b37a@group.calendar.google.com&amp;ctz=America\/Sao_Paulo&amp;csspa=1\">Lab5 (Sala 336)<\/a><\/li>\n<\/ul>\n","protected":false},"excerpt":{"rendered":"<p>A agenda dos laborat\u00f3rios de ensino est\u00e1 dispon\u00edvel nos links abaixo. Para acess\u00e1-la, \u00e9 necess\u00e1rio estar logado com a conta institucional da Computa\u00e7\u00e3o (@inf.ufpel.edu.br).<\/p>\n","protected":false},"author":881,"featured_media":0,"parent":18,"menu_order":0,"comment_status":"closed","ping_status":"closed","template":"","meta":{"jetpack_post_was_ever_published":false,"footnotes":""},"class_list":["post-5308","page","type-page","status-publish","hentry"],"jetpack_sharing_enabled":true,"jetpack_shortlink":"https:\/\/wp.me\/PaGhNl-1nC","_links":{"self":[{"href":"https:\/\/wp.ufpel.edu.br\/computacao\/wp-json\/wp\/v2\/pages\/5308","targetHints":{"allow":["GET"]}}],"collection":[{"href":"https:\/\/wp.ufpel.edu.br\/computacao\/wp-json\/wp\/v2\/pages"}],"about":[{"href":"https:\/\/wp.ufpel.edu.br\/computacao\/wp-json\/wp\/v2\/types\/page"}],"author":[{"embeddable":true,"href":"https:\/\/wp.ufpel.edu.br\/computacao\/wp-json\/wp\/v2\/users\/881"}],"replies":[{"embeddable":true,"href":"https:\/\/wp.ufpel.edu.br\/computacao\/wp-json\/wp\/v2\/comments?post=5308"}],"version-history":[{"count":3,"href":"https:\/\/wp.ufpel.edu.br\/computacao\/wp-json\/wp\/v2\/pages\/5308\/revisions"}],"predecessor-version":[{"id":8877,"href":"https:\/\/wp.ufpel.edu.br\/computacao\/wp-json\/wp\/v2\/pages\/5308\/revisions\/8877"}],"up":[{"embeddable":true,"href":"https:\/\/wp.ufpel.edu.br\/computacao\/wp-json\/wp\/v2\/pages\/18"}],"wp:attachment":[{"href":"https:\/\/wp.ufpel.edu.br\/computacao\/wp-json\/wp\/v2\/media?parent=5308"}],"curies":[{"name":"wp","href":"https:\/\/api.w.org\/{rel}","templated":true}]}}