{"id":438,"date":"2019-02-24T09:12:43","date_gmt":"2019-02-24T12:12:43","guid":{"rendered":"https:\/\/wp.ufpel.edu.br\/computacao\/?page_id=438"},"modified":"2025-03-08T14:40:02","modified_gmt":"2025-03-08T17:40:02","slug":"sistemas-digitais-e-embarcados","status":"publish","type":"page","link":"https:\/\/wp.ufpel.edu.br\/computacao\/ppgc\/sistemas-digitais-e-embarcados\/","title":{"rendered":"Sistemas Digitais e Embarcados"},"content":{"rendered":"\n<p>A Linha de Pesquisa Sistemas Digitais e Embarcados estuda a concep\u00e7\u00e3o e o projeto de sistemas computacionais complexos. S\u00e3o focos de pesquisa a especifica\u00e7\u00e3o, a valida\u00e7\u00e3o, a verifica\u00e7\u00e3o, o projeto e o teste destes sistemas digitais e embarcados. Um dos objetivos principais desta linha de pesquisa \u00e9 investigar o projeto de sistemas computacionais dedicados para aplica\u00e7\u00f5es espec\u00edficas, que envolvem hardware e software. Neste contexto, \u00e9 de especial interesse para esta linha de pesquisa a explora\u00e7\u00e3o do espa\u00e7o de projeto, envolvendo software e hardware, na busca de solu\u00e7\u00f5es otimizadas considerando diversos compromissos, como taxa de processamento, consumo de energia, consumo de hardware, entre outros.<\/p>\n\n\n\n<p>T\u00f3picos como projeto de sistemas digitais dedicados e explora\u00e7\u00e3o de diferentes modelos arquiteturais, incluindo arquiteturas de hardware reconfigur\u00e1veis, s\u00e3o focos de investiga\u00e7\u00e3o, assim como \u00e9 tamb\u00e9m considerado o projeto de software embarcado (aplicativo, <em>middleware <\/em>e sistema operacional embarcado). A linha tamb\u00e9m foca na investiga\u00e7\u00e3o de novos algoritmos e metodologias de projeto e no desenvolvimento de ferramentas de CAD.<\/p>\n\n\n\n<p>Orientadores na \u00e1rea:<\/p>\n\n\n\n<ul class=\"wp-block-list\">\n<li><a href=\"https:\/\/wp.ufpel.edu.br\/zatt\/\">Bruno Zatt<\/a><\/li>\n\n\n\n<li><a href=\"http:\/\/wp.ufpel.edu.br\/palomino\/\">Daniel Palomino<\/a><\/li>\n\n\n\n<li><a href=\"http:\/\/lattes.cnpq.br\/2054259785006041\">Felipe de Souza Marques<\/a><\/li>\n\n\n\n<li><a href=\"https:\/\/wp.ufpel.edu.br\/gcorrea\/\">Guilherme Ribeiro Corr\u00eaa<\/a><\/li>\n\n\n\n<li><a href=\"http:\/\/lattes.cnpq.br\/5546692436888264\">Julio Carlos Balzano de Mattos<\/a><\/li>\n\n\n\n<li><a href=\"http:\/\/lattes.cnpq.br\/1423810014480514\">Leomar Soares da Rosa Jr.<\/a><\/li>\n\n\n\n<li><a href=\"http:\/\/lattes.cnpq.br\/9175591364526313\">Lisane Brisolara de Brisolara<\/a><\/li>\n\n\n\n<li><a href=\"https:\/\/wp.ufpel.edu.br\/agostini\">Luciano Volcan Agostini<\/a><\/li>\n\n\n\n<li><a href=\"https:\/\/wp.ufpel.edu.br\/porto\/\">Marcelo Schiavon Porto<\/a><\/li>\n\n\n\n<li><a href=\"http:\/\/lattes.cnpq.br\/7939385198461157\">Rafael Iankowski Soares<\/a><\/li>\n<\/ul>\n","protected":false},"excerpt":{"rendered":"<p>A Linha de Pesquisa Sistemas Digitais e Embarcados estuda a concep\u00e7\u00e3o e o projeto de sistemas computacionais complexos. S\u00e3o focos de pesquisa a especifica\u00e7\u00e3o, a valida\u00e7\u00e3o, a verifica\u00e7\u00e3o, o projeto e o teste destes&#46;&#46;&#46;<\/p>\n","protected":false},"author":881,"featured_media":0,"parent":118,"menu_order":0,"comment_status":"closed","ping_status":"closed","template":"","meta":{"jetpack_post_was_ever_published":false,"footnotes":""},"class_list":["post-438","page","type-page","status-publish","hentry"],"jetpack_sharing_enabled":true,"jetpack_shortlink":"https:\/\/wp.me\/PaGhNl-74","_links":{"self":[{"href":"https:\/\/wp.ufpel.edu.br\/computacao\/wp-json\/wp\/v2\/pages\/438","targetHints":{"allow":["GET"]}}],"collection":[{"href":"https:\/\/wp.ufpel.edu.br\/computacao\/wp-json\/wp\/v2\/pages"}],"about":[{"href":"https:\/\/wp.ufpel.edu.br\/computacao\/wp-json\/wp\/v2\/types\/page"}],"author":[{"embeddable":true,"href":"https:\/\/wp.ufpel.edu.br\/computacao\/wp-json\/wp\/v2\/users\/881"}],"replies":[{"embeddable":true,"href":"https:\/\/wp.ufpel.edu.br\/computacao\/wp-json\/wp\/v2\/comments?post=438"}],"version-history":[{"count":7,"href":"https:\/\/wp.ufpel.edu.br\/computacao\/wp-json\/wp\/v2\/pages\/438\/revisions"}],"predecessor-version":[{"id":8393,"href":"https:\/\/wp.ufpel.edu.br\/computacao\/wp-json\/wp\/v2\/pages\/438\/revisions\/8393"}],"up":[{"embeddable":true,"href":"https:\/\/wp.ufpel.edu.br\/computacao\/wp-json\/wp\/v2\/pages\/118"}],"wp:attachment":[{"href":"https:\/\/wp.ufpel.edu.br\/computacao\/wp-json\/wp\/v2\/media?parent=438"}],"curies":[{"name":"wp","href":"https:\/\/api.w.org\/{rel}","templated":true}]}}