{"id":433,"date":"2019-02-24T09:10:46","date_gmt":"2019-02-24T12:10:46","guid":{"rendered":"https:\/\/wp.ufpel.edu.br\/computacao\/?page_id=433"},"modified":"2023-12-07T17:07:04","modified_gmt":"2023-12-07T20:07:04","slug":"processamento-paralelo-e-distribuido","status":"publish","type":"page","link":"https:\/\/wp.ufpel.edu.br\/computacao\/ppgc\/processamento-paralelo-e-distribuido\/","title":{"rendered":"Processamento Paralelo e Distribu\u00eddo"},"content":{"rendered":"\n<p>A Linha de Pesquisa Processamento Paralelo e Distribu\u00eddo tem como objeto de pesquisa os sistemas computacionais projetados para processamento paralelo ou distribu\u00eddo. Os esfor\u00e7os de pesquisa focam no desenvolvimento de ambientes de execu\u00e7\u00e3o e linguagens e interfaces de programa\u00e7\u00e3o para tais ambientes. Neste contexto, os temas tratados encontram-se ligados \u00e0 utiliza\u00e7\u00e3o de arquiteturas especiais, ao processamento de alto desempenho, aos ambientes de execu\u00e7\u00e3o, \u00e0s linguagens de programa\u00e7\u00e3o e \u00e0<br>computa\u00e7\u00e3o m\u00f3vel e ub\u00edqua, considerando a infraestrutura provida pela Internet das Coisas.<\/p>\n\n\n\n<p>A linha tamb\u00e9m desenvolve pesquisa aplicada, tratando problemas reais nas solu\u00e7\u00f5es envolvendo a utiliza\u00e7\u00e3o de sistemas paralelos e\/ou distribu\u00eddos, al\u00e9m de quest\u00f5es ligadas \u00e0 computa\u00e7\u00e3o sustent\u00e1vel pela economia de energia no processamento utilizando hardware paralelo.<\/p>\n\n\n\n<p>Orientadores na \u00e1rea:<\/p>\n\n\n\n<ul class=\"wp-block-list\">\n<li><a href=\"http:\/\/lattes.cnpq.br\/8861113953470000\">Adenauer Correa Yamin<\/a><\/li>\n\n\n\n<li><a href=\"http:\/\/lups.inf.ufpel.edu.br\/~marilza\/\">Ana Marilza Pernas<\/a><\/li>\n\n\n\n<li><a href=\"http:\/\/lattes.cnpq.br\/3277487290886063\">Andr\u00e9 Rauber Du Bois<\/a><\/li>\n\n\n\n<li><a href=\"https:\/\/wp.ufpel.edu.br\/gersonc\/\">Gerson Geraldo Homrich Cavalheiro<\/a><\/li>\n\n\n\n<li><a href=\"https:\/\/rafaeltorchelsen.wordpress.com\/\">Rafael Piccin Torchelsen<\/a><\/li>\n<\/ul>\n","protected":false},"excerpt":{"rendered":"<p>A Linha de Pesquisa Processamento Paralelo e Distribu\u00eddo tem como objeto de pesquisa os sistemas computacionais projetados para processamento paralelo ou distribu\u00eddo. Os esfor\u00e7os de pesquisa focam no desenvolvimento de ambientes de execu\u00e7\u00e3o e&#46;&#46;&#46;<\/p>\n","protected":false},"author":881,"featured_media":0,"parent":118,"menu_order":0,"comment_status":"closed","ping_status":"closed","template":"","meta":{"jetpack_post_was_ever_published":false,"footnotes":""},"class_list":["post-433","page","type-page","status-publish","hentry"],"jetpack_sharing_enabled":true,"jetpack_shortlink":"https:\/\/wp.me\/PaGhNl-6Z","_links":{"self":[{"href":"https:\/\/wp.ufpel.edu.br\/computacao\/wp-json\/wp\/v2\/pages\/433","targetHints":{"allow":["GET"]}}],"collection":[{"href":"https:\/\/wp.ufpel.edu.br\/computacao\/wp-json\/wp\/v2\/pages"}],"about":[{"href":"https:\/\/wp.ufpel.edu.br\/computacao\/wp-json\/wp\/v2\/types\/page"}],"author":[{"embeddable":true,"href":"https:\/\/wp.ufpel.edu.br\/computacao\/wp-json\/wp\/v2\/users\/881"}],"replies":[{"embeddable":true,"href":"https:\/\/wp.ufpel.edu.br\/computacao\/wp-json\/wp\/v2\/comments?post=433"}],"version-history":[{"count":3,"href":"https:\/\/wp.ufpel.edu.br\/computacao\/wp-json\/wp\/v2\/pages\/433\/revisions"}],"predecessor-version":[{"id":7722,"href":"https:\/\/wp.ufpel.edu.br\/computacao\/wp-json\/wp\/v2\/pages\/433\/revisions\/7722"}],"up":[{"embeddable":true,"href":"https:\/\/wp.ufpel.edu.br\/computacao\/wp-json\/wp\/v2\/pages\/118"}],"wp:attachment":[{"href":"https:\/\/wp.ufpel.edu.br\/computacao\/wp-json\/wp\/v2\/media?parent=433"}],"curies":[{"name":"wp","href":"https:\/\/api.w.org\/{rel}","templated":true}]}}