{"id":417,"date":"2019-02-24T09:01:53","date_gmt":"2019-02-24T12:01:53","guid":{"rendered":"https:\/\/wp.ufpel.edu.br\/computacao\/?page_id=417"},"modified":"2026-02-17T16:00:26","modified_gmt":"2026-02-17T19:00:26","slug":"editais-de-ingresso","status":"publish","type":"page","link":"https:\/\/wp.ufpel.edu.br\/computacao\/ppgc\/editais-de-ingresso\/","title":{"rendered":"Editais  de ingresso"},"content":{"rendered":"\n<p><strong>Aluno regular<\/strong><\/p>\n\n\n\n<p>O PPGC seleciona alunos regulares anualmente, com inscri\u00e7\u00f5es tipicamente ocorrendo entre dezembro e janeiro. As sele\u00e7\u00f5es s\u00e3o regradas por editais, divulgados neste site.<\/p>\n\n\n\n<ul class=\"wp-block-list\">\n<li><a href=\"https:\/\/wp.ufpel.edu.br\/computacao\/selecao-de-aluno-regular-2026-1\/\" data-type=\"link\" data-id=\"https:\/\/wp.ufpel.edu.br\/computacao\/selecao-aluno-regular-2026-1-e-2026-2\/\">Edital de sele\u00e7\u00e3o de aluno regular 2026\/1<\/a><\/li>\n\n\n\n<li><a href=\"https:\/\/wp.ufpel.edu.br\/computacao\/ppgc\/editais-de-ingresso\/selecao-aluno-regular-2025-2-com-bolsa\/\">Edtital suplementar de sele\u00e7\u00e3o de aluno\/a regular 2025\/2 com bolsa<\/a><\/li>\n\n\n\n<li><a href=\"https:\/\/wp.ufpel.edu.br\/computacao\/ppgc\/selecao-aluno-regular-2025-1-e-2025-2\/\">Edital de sele\u00e7\u00e3o de aluno regular 2025\/1 e 2025\/2<\/a><\/li>\n\n\n\n<li><a href=\"https:\/\/wp.ufpel.edu.br\/computacao\/ppgc\/editais-de-ingresso\/selecao-aluno-regular-2024-2-com-bolsa\/\">Editais suplementares de sele\u00e7\u00e3o de aluno regular 2024\/2 com bolsa<\/a><\/li>\n\n\n\n<li><a href=\"https:\/\/wp.ufpel.edu.br\/computacao\/ppgc\/editais-de-ingresso\/selecao-aluno-regular-2024-1-e-2024-2\/\">Edital de sele\u00e7\u00e3o de aluno regular 2024\/1 e 2024\/2<\/a><\/li>\n\n\n\n<li><a href=\"https:\/\/wp.ufpel.edu.br\/computacao\/ppgc\/selecao-aluno-regular-2023-2\/\">Edital suplementar de sele\u00e7\u00e3o de aluno regular 2023\/2<\/a><\/li>\n\n\n\n<li><a href=\"https:\/\/wp.ufpel.edu.br\/computacao\/ppgc\/editais-de-ingresso\/selecao-suplementar-aluno-regular-2023-1-e-2023-2\/\">Edital suplementar de sele\u00e7\u00e3o de aluno regular 2023\/1 e 2023\/2<\/a><\/li>\n\n\n\n<li><a href=\"https:\/\/wp.ufpel.edu.br\/computacao\/ppgc\/selecao-aluno-regular-2023-1\/\">Edital de sele\u00e7\u00e3o de aluno regular 2023\/1 e 2023\/2<\/a><\/li>\n\n\n\n<li><a href=\"https:\/\/wp.ufpel.edu.br\/computacao\/ppgc\/selecao-aluno-regular-2022-1\/\">Edital de sele\u00e7\u00e3o de aluno regular 2022\/1 e 2022\/2<\/a><\/li>\n\n\n\n<li><a href=\"https:\/\/wp.ufpel.edu.br\/computacao\/ppgc\/selecao-aluno-regular-2021-1\/\">Edital de sele\u00e7\u00e3o de aluno regular 2021\/1 e 2021\/2<\/a><\/li>\n\n\n\n<li>Edital de sele\u00e7\u00e3o de aluno regular 2020\/1<\/li>\n\n\n\n<li>Edital de sele\u00e7\u00e3o de aluno regular 2019\/1<\/li>\n<\/ul>\n\n\n\n<p><strong>Aluno especial<\/strong><\/p>\n\n\n\n<p>Um pequeno n\u00famero de vagas remanescentes em disciplinas \u00e9 tamb\u00e9m ofertado para alunos especiais. Um aluno especial \u00e9 aquele que n\u00e3o participa regularmente do Programa, mas apenas cursa uma ou duas disciplinas em dado semestre. Editais para alunos especiais s\u00e3o tipicamente divulgados no final de cada semestre, mas dependem de haver vagas dispon\u00edveis.<\/p>\n\n\n\n<ul class=\"wp-block-list\">\n<li><a href=\"https:\/\/wp.ufpel.edu.br\/computacao\/selecao-aluno-especial-2026-1\/\" data-type=\"link\" data-id=\"https:\/\/wp.ufpel.edu.br\/computacao\/selecao-aluno-especial-2026-1\/\">Edital de sele\u00e7\u00e3o de estudante especial 2026\/1<\/a><\/li>\n\n\n\n<li><a href=\"https:\/\/wp.ufpel.edu.br\/computacao\/ppgc\/selecao-estudante-especial-2025-2\" data-type=\"link\" data-id=\"https:\/\/wp.ufpel.edu.br\/computacao\/ppgc\/selecao-estudante-especial-2025-2\">Edital de sele\u00e7\u00e3o de estudante especial 2025\/2<\/a><\/li>\n\n\n\n<li><a href=\"https:\/\/wp.ufpel.edu.br\/computacao\/ppgc\/selecao-estudante-especial-2025-1\/\">Edital de sele\u00e7\u00e3o de estudante especial 2025\/1<\/a><\/li>\n\n\n\n<li><a href=\"https:\/\/wp.ufpel.edu.br\/computacao\/ppgc\/selecao-aluno-especial-2024-2\/\">Edital de sele\u00e7\u00e3o de estudante especial 2024\/2<\/a><\/li>\n\n\n\n<li><a href=\"https:\/\/wp.ufpel.edu.br\/computacao\/ppgc\/selecao-aluno-especial-2024-1\/\">Edital de sele\u00e7\u00e3o de aluno especial 2024\/1<\/a><\/li>\n\n\n\n<li><a href=\"https:\/\/wp.ufpel.edu.br\/computacao\/ppgc\/selecao-aluno-especial-2023-2\/\">Edital de sele\u00e7\u00e3o de aluno especial 2023\/2<\/a><\/li>\n\n\n\n<li><a href=\"https:\/\/wp.ufpel.edu.br\/computacao\/ppgc\/selecao-aluno-especial-2023-1\/\">Edital de sele\u00e7\u00e3o de aluno especial 2023\/1<\/a><\/li>\n\n\n\n<li><a href=\"https:\/\/wp.ufpel.edu.br\/computacao\/ppgc\/selecao-aluno-especial-2022-2\/\">Edital de sele\u00e7\u00e3o de aluno especial 2022\/2<\/a><\/li>\n\n\n\n<li><a href=\"https:\/\/wp.ufpel.edu.br\/computacao\/ppgc\/selecao-aluno-especial-2022-1\/\">Edital de sele\u00e7\u00e3o de aluno especial 2022\/1<\/a><\/li>\n\n\n\n<li><a href=\"https:\/\/wp.ufpel.edu.br\/computacao\/ppgc\/selecao-aluno-especial-2021-2\/\">Edital de sele\u00e7\u00e3o de aluno especial 2021\/2<\/a><\/li>\n\n\n\n<li><a href=\"https:\/\/wp.ufpel.edu.br\/computacao\/ppgc\/selecao-aluno-especial-2021-1\/\">Edital de sele\u00e7\u00e3o de aluno especial 2021\/1<\/a><\/li>\n\n\n\n<li>Edital de sele\u00e7\u00e3o de aluno especial 2020\/1<\/li>\n<\/ul>\n","protected":false},"excerpt":{"rendered":"<p>Aluno regular O PPGC seleciona alunos regulares anualmente, com inscri\u00e7\u00f5es tipicamente ocorrendo entre dezembro e janeiro. As sele\u00e7\u00f5es s\u00e3o regradas por editais, divulgados neste site. Aluno especial Um pequeno n\u00famero de vagas remanescentes em&#46;&#46;&#46;<\/p>\n","protected":false},"author":881,"featured_media":0,"parent":118,"menu_order":0,"comment_status":"closed","ping_status":"closed","template":"","meta":{"jetpack_post_was_ever_published":false,"footnotes":""},"class_list":["post-417","page","type-page","status-publish","hentry"],"jetpack_sharing_enabled":true,"jetpack_shortlink":"https:\/\/wp.me\/PaGhNl-6J","_links":{"self":[{"href":"https:\/\/wp.ufpel.edu.br\/computacao\/wp-json\/wp\/v2\/pages\/417","targetHints":{"allow":["GET"]}}],"collection":[{"href":"https:\/\/wp.ufpel.edu.br\/computacao\/wp-json\/wp\/v2\/pages"}],"about":[{"href":"https:\/\/wp.ufpel.edu.br\/computacao\/wp-json\/wp\/v2\/types\/page"}],"author":[{"embeddable":true,"href":"https:\/\/wp.ufpel.edu.br\/computacao\/wp-json\/wp\/v2\/users\/881"}],"replies":[{"embeddable":true,"href":"https:\/\/wp.ufpel.edu.br\/computacao\/wp-json\/wp\/v2\/comments?post=417"}],"version-history":[{"count":3,"href":"https:\/\/wp.ufpel.edu.br\/computacao\/wp-json\/wp\/v2\/pages\/417\/revisions"}],"predecessor-version":[{"id":8882,"href":"https:\/\/wp.ufpel.edu.br\/computacao\/wp-json\/wp\/v2\/pages\/417\/revisions\/8882"}],"up":[{"embeddable":true,"href":"https:\/\/wp.ufpel.edu.br\/computacao\/wp-json\/wp\/v2\/pages\/118"}],"wp:attachment":[{"href":"https:\/\/wp.ufpel.edu.br\/computacao\/wp-json\/wp\/v2\/media?parent=417"}],"curies":[{"name":"wp","href":"https:\/\/api.w.org\/{rel}","templated":true}]}}