{"id":405,"date":"2019-02-24T08:39:08","date_gmt":"2019-02-24T11:39:08","guid":{"rendered":"https:\/\/wp.ufpel.edu.br\/computacao\/?page_id=405"},"modified":"2019-02-24T08:39:10","modified_gmt":"2019-02-24T11:39:10","slug":"resolucao-07-2018","status":"publish","type":"page","link":"https:\/\/wp.ufpel.edu.br\/computacao\/ppgc\/regimento-e-resolucoes\/resolucao-07-2018\/","title":{"rendered":"Resolu\u00e7\u00e3o 07-2018: Retirada do requisito de forma\u00e7\u00e3o \u201cSemin\u00e1rio de Andamento\u201d para alunos de doutorado com ingresso em 2015\/2 e 2016\/1"},"content":{"rendered":"\n<h2 class=\"wp-block-heading\">Resolu\u00e7\u00e3o 07-2018: Retirada do requisito de forma\u00e7\u00e3o \u201cSemin\u00e1rio de Andamento\u201d para alunos de doutorado com ingresso em 2015\/2 e 2016\/1<\/h2>\n\n\n\n<div class=\"wp-block-file\"><a href=\"https:\/\/wp.ufpel.edu.br\/computacao\/files\/2019\/02\/Resoluc\u0327a\u0303oPPGC07-2018.pdf\">Resoluc\u0327a\u0303o 07-2018<\/a><a href=\"https:\/\/wp.ufpel.edu.br\/computacao\/files\/2019\/02\/Resoluc\u0327a\u0303oPPGC07-2018.pdf\" class=\"wp-block-file__button\" download>Baixar<\/a><\/div>\n","protected":false},"excerpt":{"rendered":"<p>Resolu\u00e7\u00e3o 07-2018: Retirada do requisito de forma\u00e7\u00e3o \u201cSemin\u00e1rio de Andamento\u201d para alunos de doutorado com ingresso em 2015\/2 e 2016\/1<\/p>\n","protected":false},"author":881,"featured_media":0,"parent":283,"menu_order":0,"comment_status":"closed","ping_status":"closed","template":"","meta":{"jetpack_post_was_ever_published":false,"footnotes":""},"class_list":["post-405","page","type-page","status-publish","hentry"],"jetpack_sharing_enabled":true,"jetpack_shortlink":"https:\/\/wp.me\/PaGhNl-6x","_links":{"self":[{"href":"https:\/\/wp.ufpel.edu.br\/computacao\/wp-json\/wp\/v2\/pages\/405","targetHints":{"allow":["GET"]}}],"collection":[{"href":"https:\/\/wp.ufpel.edu.br\/computacao\/wp-json\/wp\/v2\/pages"}],"about":[{"href":"https:\/\/wp.ufpel.edu.br\/computacao\/wp-json\/wp\/v2\/types\/page"}],"author":[{"embeddable":true,"href":"https:\/\/wp.ufpel.edu.br\/computacao\/wp-json\/wp\/v2\/users\/881"}],"replies":[{"embeddable":true,"href":"https:\/\/wp.ufpel.edu.br\/computacao\/wp-json\/wp\/v2\/comments?post=405"}],"version-history":[{"count":1,"href":"https:\/\/wp.ufpel.edu.br\/computacao\/wp-json\/wp\/v2\/pages\/405\/revisions"}],"predecessor-version":[{"id":408,"href":"https:\/\/wp.ufpel.edu.br\/computacao\/wp-json\/wp\/v2\/pages\/405\/revisions\/408"}],"up":[{"embeddable":true,"href":"https:\/\/wp.ufpel.edu.br\/computacao\/wp-json\/wp\/v2\/pages\/283"}],"wp:attachment":[{"href":"https:\/\/wp.ufpel.edu.br\/computacao\/wp-json\/wp\/v2\/media?parent=405"}],"curies":[{"name":"wp","href":"https:\/\/api.w.org\/{rel}","templated":true}]}}