{"id":397,"date":"2019-02-24T08:37:03","date_gmt":"2019-02-24T11:37:03","guid":{"rendered":"https:\/\/wp.ufpel.edu.br\/computacao\/?page_id=397"},"modified":"2019-03-08T08:38:09","modified_gmt":"2019-03-08T11:38:09","slug":"resolucao-005-2018","status":"publish","type":"page","link":"https:\/\/wp.ufpel.edu.br\/computacao\/ppgc\/regimento-e-resolucoes\/resolucao-005-2018\/","title":{"rendered":"Resolu\u00e7\u00e3o 05-2018- Dispo\u0303e sobre To\u0301picos Ba\u0301sicos e Disciplinas de Formac\u0327a\u0303o Ba\u0301sica para obtenc\u0327a\u0303o do Ti\u0301tulo de Mestre ou Doutor em Cie\u0302ncia da Computac\u0327a\u0303o"},"content":{"rendered":"\n<h2 class=\"wp-block-heading\">Resolu\u00e7\u00e3o 05-2018- Disp\u00f5e sobre T\u00f3picos B\u00e1sicos e Disciplinas de Forma\u00e7\u00e3o B\u00e1sica para obten\u00e7\u00e3o do T\u00edtulo de Mestre ou Doutor em Ci\u00eancia da Computa\u00e7\u00e3o<\/h2>\n\n\n\n<div class=\"wp-block-file\"><a href=\"https:\/\/wp.ufpel.edu.br\/computacao\/files\/2019\/02\/Resolucao-5-2018.pdf\">Resolu\u00e7\u00e3o 05-2018<\/a><a href=\"https:\/\/wp.ufpel.edu.br\/computacao\/files\/2019\/02\/Resolucao-5-2018.pdf\" class=\"wp-block-file__button\" download>Baixar<\/a><\/div>\n","protected":false},"excerpt":{"rendered":"<p>Resolu\u00e7\u00e3o 05-2018- Disp\u00f5e sobre T\u00f3picos B\u00e1sicos e Disciplinas de Forma\u00e7\u00e3o B\u00e1sica para obten\u00e7\u00e3o do T\u00edtulo de Mestre ou Doutor em Ci\u00eancia da Computa\u00e7\u00e3o<\/p>\n","protected":false},"author":881,"featured_media":0,"parent":283,"menu_order":0,"comment_status":"closed","ping_status":"closed","template":"","meta":{"jetpack_post_was_ever_published":false,"footnotes":""},"class_list":["post-397","page","type-page","status-publish","hentry"],"jetpack_sharing_enabled":true,"jetpack_shortlink":"https:\/\/wp.me\/PaGhNl-6p","_links":{"self":[{"href":"https:\/\/wp.ufpel.edu.br\/computacao\/wp-json\/wp\/v2\/pages\/397","targetHints":{"allow":["GET"]}}],"collection":[{"href":"https:\/\/wp.ufpel.edu.br\/computacao\/wp-json\/wp\/v2\/pages"}],"about":[{"href":"https:\/\/wp.ufpel.edu.br\/computacao\/wp-json\/wp\/v2\/types\/page"}],"author":[{"embeddable":true,"href":"https:\/\/wp.ufpel.edu.br\/computacao\/wp-json\/wp\/v2\/users\/881"}],"replies":[{"embeddable":true,"href":"https:\/\/wp.ufpel.edu.br\/computacao\/wp-json\/wp\/v2\/comments?post=397"}],"version-history":[{"count":2,"href":"https:\/\/wp.ufpel.edu.br\/computacao\/wp-json\/wp\/v2\/pages\/397\/revisions"}],"predecessor-version":[{"id":546,"href":"https:\/\/wp.ufpel.edu.br\/computacao\/wp-json\/wp\/v2\/pages\/397\/revisions\/546"}],"up":[{"embeddable":true,"href":"https:\/\/wp.ufpel.edu.br\/computacao\/wp-json\/wp\/v2\/pages\/283"}],"wp:attachment":[{"href":"https:\/\/wp.ufpel.edu.br\/computacao\/wp-json\/wp\/v2\/media?parent=397"}],"curies":[{"name":"wp","href":"https:\/\/api.w.org\/{rel}","templated":true}]}}