{"id":393,"date":"2019-02-24T08:36:06","date_gmt":"2019-02-24T11:36:06","guid":{"rendered":"https:\/\/wp.ufpel.edu.br\/computacao\/?page_id=393"},"modified":"2019-02-24T08:36:08","modified_gmt":"2019-02-24T11:36:08","slug":"resolucao-04-2018","status":"publish","type":"page","link":"https:\/\/wp.ufpel.edu.br\/computacao\/ppgc\/regimento-e-resolucoes\/resolucao-04-2018\/","title":{"rendered":"Resolu\u00e7\u00e3o 04-2018 \u2013 Dispo\u0303e sobre Aproveitamentos e Equivale\u0302ncias de Disciplinas de Formac\u0327a\u0303o Ba\u0301sica"},"content":{"rendered":"\n<h2 class=\"wp-block-heading\">Resolu\u00e7\u00e3o 04-2018 \u2013 Disp\u00f5e sobre Aproveitamentos e Equival\u00eancias de Disciplinas de Forma\u00e7\u00e3o B\u00e1sica<\/h2>\n\n\n\n<div class=\"wp-block-file\"><a href=\"https:\/\/wp.ufpel.edu.br\/computacao\/files\/2019\/02\/Resolucao-4-2018.pdf\">Resolu\u00e7\u00e3o 04-2018<\/a><a href=\"https:\/\/wp.ufpel.edu.br\/computacao\/files\/2019\/02\/Resolucao-4-2018.pdf\" class=\"wp-block-file__button\" download>Baixar<\/a><\/div>\n","protected":false},"excerpt":{"rendered":"<p>Resolu\u00e7\u00e3o 04-2018 \u2013 Disp\u00f5e sobre Aproveitamentos e Equival\u00eancias de Disciplinas de Forma\u00e7\u00e3o B\u00e1sica<\/p>\n","protected":false},"author":881,"featured_media":0,"parent":283,"menu_order":0,"comment_status":"closed","ping_status":"closed","template":"","meta":{"jetpack_post_was_ever_published":false,"footnotes":""},"class_list":["post-393","page","type-page","status-publish","hentry"],"jetpack_sharing_enabled":true,"jetpack_shortlink":"https:\/\/wp.me\/PaGhNl-6l","_links":{"self":[{"href":"https:\/\/wp.ufpel.edu.br\/computacao\/wp-json\/wp\/v2\/pages\/393","targetHints":{"allow":["GET"]}}],"collection":[{"href":"https:\/\/wp.ufpel.edu.br\/computacao\/wp-json\/wp\/v2\/pages"}],"about":[{"href":"https:\/\/wp.ufpel.edu.br\/computacao\/wp-json\/wp\/v2\/types\/page"}],"author":[{"embeddable":true,"href":"https:\/\/wp.ufpel.edu.br\/computacao\/wp-json\/wp\/v2\/users\/881"}],"replies":[{"embeddable":true,"href":"https:\/\/wp.ufpel.edu.br\/computacao\/wp-json\/wp\/v2\/comments?post=393"}],"version-history":[{"count":1,"href":"https:\/\/wp.ufpel.edu.br\/computacao\/wp-json\/wp\/v2\/pages\/393\/revisions"}],"predecessor-version":[{"id":396,"href":"https:\/\/wp.ufpel.edu.br\/computacao\/wp-json\/wp\/v2\/pages\/393\/revisions\/396"}],"up":[{"embeddable":true,"href":"https:\/\/wp.ufpel.edu.br\/computacao\/wp-json\/wp\/v2\/pages\/283"}],"wp:attachment":[{"href":"https:\/\/wp.ufpel.edu.br\/computacao\/wp-json\/wp\/v2\/media?parent=393"}],"curies":[{"name":"wp","href":"https:\/\/api.w.org\/{rel}","templated":true}]}}