{"id":358,"date":"2019-02-23T22:06:19","date_gmt":"2019-02-24T01:06:19","guid":{"rendered":"https:\/\/wp.ufpel.edu.br\/computacao\/?page_id=358"},"modified":"2019-05-17T11:36:27","modified_gmt":"2019-05-17T14:36:27","slug":"resolucao-02-2016","status":"publish","type":"page","link":"https:\/\/wp.ufpel.edu.br\/computacao\/ppgc\/regimento-e-resolucoes\/resolucao-02-2016\/","title":{"rendered":"Resolu\u00e7\u00e3o 02-2016 \u2013 Atividades Complementares"},"content":{"rendered":"\n<h2 class=\"wp-block-heading\">Resolu\u00e7\u00e3o 02\/2016 \u2013 Atividades Complementares<\/h2>\n\n\n\n<p>O Coordenador do Programa de P\u00f3s-Gradua\u00e7\u00e3o em Computa\u00e7\u00e3o (PPGC), considerando delibera\u00e7\u00e3o do Colegiado do Programa, registrada na Ata 04\/2016, RESOLVE deferir as&nbsp;regras para atribui\u00e7\u00e3o de cr\u00e9ditos a Atividades Complementares.<\/p>\n\n\n\n<div class=\"wp-block-file\"><a href=\"https:\/\/wp.ufpel.edu.br\/computacao\/files\/2019\/02\/Resolucao-002-2016.pdf\">Resolu\u00e7\u00e3o 02-2016<\/a><a href=\"https:\/\/wp.ufpel.edu.br\/computacao\/files\/2019\/02\/Resolucao-002-2016.pdf\" class=\"wp-block-file__button\" download>Baixar<\/a><\/div>\n","protected":false},"excerpt":{"rendered":"<p>Resolu\u00e7\u00e3o 02\/2016 \u2013 Atividades Complementares O Coordenador do Programa de P\u00f3s-Gradua\u00e7\u00e3o em Computa\u00e7\u00e3o (PPGC), considerando delibera\u00e7\u00e3o do Colegiado do Programa, registrada na Ata 04\/2016, RESOLVE deferir as&nbsp;regras para atribui\u00e7\u00e3o de cr\u00e9ditos a Atividades Complementares.<\/p>\n","protected":false},"author":881,"featured_media":0,"parent":283,"menu_order":0,"comment_status":"closed","ping_status":"closed","template":"","meta":{"jetpack_post_was_ever_published":false,"footnotes":""},"class_list":["post-358","page","type-page","status-publish","hentry"],"jetpack_sharing_enabled":true,"jetpack_shortlink":"https:\/\/wp.me\/PaGhNl-5M","_links":{"self":[{"href":"https:\/\/wp.ufpel.edu.br\/computacao\/wp-json\/wp\/v2\/pages\/358","targetHints":{"allow":["GET"]}}],"collection":[{"href":"https:\/\/wp.ufpel.edu.br\/computacao\/wp-json\/wp\/v2\/pages"}],"about":[{"href":"https:\/\/wp.ufpel.edu.br\/computacao\/wp-json\/wp\/v2\/types\/page"}],"author":[{"embeddable":true,"href":"https:\/\/wp.ufpel.edu.br\/computacao\/wp-json\/wp\/v2\/users\/881"}],"replies":[{"embeddable":true,"href":"https:\/\/wp.ufpel.edu.br\/computacao\/wp-json\/wp\/v2\/comments?post=358"}],"version-history":[{"count":3,"href":"https:\/\/wp.ufpel.edu.br\/computacao\/wp-json\/wp\/v2\/pages\/358\/revisions"}],"predecessor-version":[{"id":5211,"href":"https:\/\/wp.ufpel.edu.br\/computacao\/wp-json\/wp\/v2\/pages\/358\/revisions\/5211"}],"up":[{"embeddable":true,"href":"https:\/\/wp.ufpel.edu.br\/computacao\/wp-json\/wp\/v2\/pages\/283"}],"wp:attachment":[{"href":"https:\/\/wp.ufpel.edu.br\/computacao\/wp-json\/wp\/v2\/media?parent=358"}],"curies":[{"name":"wp","href":"https:\/\/api.w.org\/{rel}","templated":true}]}}