{"id":354,"date":"2019-02-23T22:04:03","date_gmt":"2019-02-24T01:04:03","guid":{"rendered":"https:\/\/wp.ufpel.edu.br\/computacao\/?page_id=354"},"modified":"2019-05-17T11:36:49","modified_gmt":"2019-05-17T14:36:49","slug":"resolucao-01-2016","status":"publish","type":"page","link":"https:\/\/wp.ufpel.edu.br\/computacao\/ppgc\/regimento-e-resolucoes\/resolucao-01-2016\/","title":{"rendered":"Resolu\u00e7\u00e3o 01-2016 \u2013 Exame de Qualifica\u00e7\u00e3o"},"content":{"rendered":"\n<h2 class=\"wp-block-heading\">Resolu\u00e7\u00e3o 01\/2016 \u2013 Exame de Qualifica\u00e7\u00e3o<\/h2>\n\n\n\n<p>O Coordenador do Programa de P\u00f3s-Gradua\u00e7\u00e3o em Computa\u00e7\u00e3o (PPGC), considerando delibera\u00e7\u00e3o do Colegiado do Programa, registrada na Ata 04\/2016, RESOLVE deferir as&nbsp;regras para Exame de Qualifica\u00e7\u00e3o do curso de Doutorado em Ci\u00eancia da Computa\u00e7\u00e3o, complementando as especificadas no Regimento.<\/p>\n\n\n\n<div class=\"wp-block-file\"><a href=\"https:\/\/wp.ufpel.edu.br\/computacao\/files\/2019\/02\/Resolucao-001-2016.pdf\">Resolu\u00e7\u00e3o 01\/2016<\/a><a href=\"https:\/\/wp.ufpel.edu.br\/computacao\/files\/2019\/02\/Resolucao-001-2016.pdf\" class=\"wp-block-file__button\" download>Baixar<\/a><\/div>\n","protected":false},"excerpt":{"rendered":"<p>Resolu\u00e7\u00e3o 01\/2016 \u2013 Exame de Qualifica\u00e7\u00e3o O Coordenador do Programa de P\u00f3s-Gradua\u00e7\u00e3o em Computa\u00e7\u00e3o (PPGC), considerando delibera\u00e7\u00e3o do Colegiado do Programa, registrada na Ata 04\/2016, RESOLVE deferir as&nbsp;regras para Exame de Qualifica\u00e7\u00e3o do curso&#46;&#46;&#46;<\/p>\n","protected":false},"author":881,"featured_media":0,"parent":283,"menu_order":0,"comment_status":"closed","ping_status":"closed","template":"","meta":{"jetpack_post_was_ever_published":false,"footnotes":""},"class_list":["post-354","page","type-page","status-publish","hentry"],"jetpack_sharing_enabled":true,"jetpack_shortlink":"https:\/\/wp.me\/PaGhNl-5I","_links":{"self":[{"href":"https:\/\/wp.ufpel.edu.br\/computacao\/wp-json\/wp\/v2\/pages\/354","targetHints":{"allow":["GET"]}}],"collection":[{"href":"https:\/\/wp.ufpel.edu.br\/computacao\/wp-json\/wp\/v2\/pages"}],"about":[{"href":"https:\/\/wp.ufpel.edu.br\/computacao\/wp-json\/wp\/v2\/types\/page"}],"author":[{"embeddable":true,"href":"https:\/\/wp.ufpel.edu.br\/computacao\/wp-json\/wp\/v2\/users\/881"}],"replies":[{"embeddable":true,"href":"https:\/\/wp.ufpel.edu.br\/computacao\/wp-json\/wp\/v2\/comments?post=354"}],"version-history":[{"count":3,"href":"https:\/\/wp.ufpel.edu.br\/computacao\/wp-json\/wp\/v2\/pages\/354\/revisions"}],"predecessor-version":[{"id":5213,"href":"https:\/\/wp.ufpel.edu.br\/computacao\/wp-json\/wp\/v2\/pages\/354\/revisions\/5213"}],"up":[{"embeddable":true,"href":"https:\/\/wp.ufpel.edu.br\/computacao\/wp-json\/wp\/v2\/pages\/283"}],"wp:attachment":[{"href":"https:\/\/wp.ufpel.edu.br\/computacao\/wp-json\/wp\/v2\/media?parent=354"}],"curies":[{"name":"wp","href":"https:\/\/api.w.org\/{rel}","templated":true}]}}