{"id":348,"date":"2019-02-23T21:59:13","date_gmt":"2019-02-24T00:59:13","guid":{"rendered":"https:\/\/wp.ufpel.edu.br\/computacao\/?page_id=348"},"modified":"2019-05-17T11:38:21","modified_gmt":"2019-05-17T14:38:21","slug":"portaria-02-2016","status":"publish","type":"page","link":"https:\/\/wp.ufpel.edu.br\/computacao\/ppgc\/regimento-e-resolucoes\/portaria-02-2016\/","title":{"rendered":"Portaria 02-2016 \u2013 Distribui\u00e7\u00e3o de Bolsas de Mestrado em 2016"},"content":{"rendered":"\n<h2 class=\"wp-block-heading\">Portaria 02\/2016 \u2013 Distribui\u00e7\u00e3o de Bolsas de Mestrado em 2016<\/h2>\n\n\n\n<p>O COORDENADOR DO PROGRAMA DE P\u00d3S- GRADUA\u00c7\u00c3O EM COMPUTA\u00c7\u00c3O DA UNIVERSIDADE FEDERAL DE PELOTAS, no uso de suas atribui\u00e7\u00f5es legais, resolve DEFERIR proposta apresentada pelo Colegiado para distribui\u00e7\u00e3o das bolsas de Mestrado em 2016. A proposta estabelece que as bolsas ser\u00e3o distribu\u00eddas conforme ranqueamento estabelecido na&nbsp;Portaria 02\/2014, com adi\u00e7\u00e3o de que o melhor aluno classificado em cada Linha de Pesquisa ter\u00e1 prioridade na atribui\u00e7\u00e3o de bolsa. As demais bolsas ser\u00e3o distribu\u00eddas conforme o ranqueamento global.<\/p>\n","protected":false},"excerpt":{"rendered":"<p>Portaria 02\/2016 \u2013 Distribui\u00e7\u00e3o de Bolsas de Mestrado em 2016 O COORDENADOR DO PROGRAMA DE P\u00d3S- GRADUA\u00c7\u00c3O EM COMPUTA\u00c7\u00c3O DA UNIVERSIDADE FEDERAL DE PELOTAS, no uso de suas atribui\u00e7\u00f5es legais, resolve DEFERIR proposta apresentada&#46;&#46;&#46;<\/p>\n","protected":false},"author":881,"featured_media":0,"parent":283,"menu_order":0,"comment_status":"closed","ping_status":"closed","template":"","meta":{"jetpack_post_was_ever_published":false,"footnotes":""},"class_list":["post-348","page","type-page","status-publish","hentry"],"jetpack_sharing_enabled":true,"jetpack_shortlink":"https:\/\/wp.me\/PaGhNl-5C","_links":{"self":[{"href":"https:\/\/wp.ufpel.edu.br\/computacao\/wp-json\/wp\/v2\/pages\/348","targetHints":{"allow":["GET"]}}],"collection":[{"href":"https:\/\/wp.ufpel.edu.br\/computacao\/wp-json\/wp\/v2\/pages"}],"about":[{"href":"https:\/\/wp.ufpel.edu.br\/computacao\/wp-json\/wp\/v2\/types\/page"}],"author":[{"embeddable":true,"href":"https:\/\/wp.ufpel.edu.br\/computacao\/wp-json\/wp\/v2\/users\/881"}],"replies":[{"embeddable":true,"href":"https:\/\/wp.ufpel.edu.br\/computacao\/wp-json\/wp\/v2\/comments?post=348"}],"version-history":[{"count":3,"href":"https:\/\/wp.ufpel.edu.br\/computacao\/wp-json\/wp\/v2\/pages\/348\/revisions"}],"predecessor-version":[{"id":5221,"href":"https:\/\/wp.ufpel.edu.br\/computacao\/wp-json\/wp\/v2\/pages\/348\/revisions\/5221"}],"up":[{"embeddable":true,"href":"https:\/\/wp.ufpel.edu.br\/computacao\/wp-json\/wp\/v2\/pages\/283"}],"wp:attachment":[{"href":"https:\/\/wp.ufpel.edu.br\/computacao\/wp-json\/wp\/v2\/media?parent=348"}],"curies":[{"name":"wp","href":"https:\/\/api.w.org\/{rel}","templated":true}]}}