{"id":339,"date":"2019-02-23T21:54:17","date_gmt":"2019-02-24T00:54:17","guid":{"rendered":"https:\/\/wp.ufpel.edu.br\/computacao\/?page_id=339"},"modified":"2019-05-17T11:38:52","modified_gmt":"2019-05-17T14:38:52","slug":"portaria-01-2014","status":"publish","type":"page","link":"https:\/\/wp.ufpel.edu.br\/computacao\/ppgc\/regimento-e-resolucoes\/portaria-01-2014\/","title":{"rendered":"Portaria 01-2014 \u2013 Crit\u00e9rios de Credenciamento de Novos Docentes"},"content":{"rendered":"\n<h2 class=\"wp-block-heading\">Portaria 01\/2014 \u2013 Crit\u00e9rios de Credenciamento de Novos Docentes<\/h2>\n\n\n\n<p>O COLEGIADO DO PROGRAMA DE P\u00d3S- GRADUA\u00c7\u00c3O EM COMPUTA\u00c7\u00c3O DA UNIVERSIDADE FEDERAL DE PELOTAS resolve DEFERIR proposta apresentada pela Comiss\u00e3o de Crit\u00e9rios de Credenciamento que regulamenta o ingresso de novos membros no corpo docente do Programa e descrita abaixo.<\/p>\n\n\n\n<p>Artigo 1\u00ba \u2013 Credenciamento \u00e9 o processo de entrada de membro no corpo docente do Programa que n\u00e3o faz, na data do pedido, parte deste corpo.<\/p>\n\n\n\n<p>Artigo 2\u00ba \u2013 O pedido de credenciamento pode ser feito por qualquer pesquisador, com t\u00edtulo de doutor, a qualquer momento, ao Coordenador do Programa, por meio de uma carta de inten\u00e7\u00f5es que deve conter:<\/p>\n\n\n\n<ol class=\"wp-block-list\"><li>Endere\u00e7o (URL) do Curriculo Lattes atualizado;<\/li><li>Especifica\u00e7\u00e3o das atividades que o candidato deseja e tem potencial para realizar no Programa e as liga\u00e7\u00f5es destas atividades com as diferentes linhas de pesquisa existentes.<\/li><\/ol>\n\n\n\n<p>Artigo 3\u00ba \u2013 O credenciamento de qualquer candidato deve ser aprovado pelo Colegiado do Programa e possui como condi\u00e7\u00e3o necess\u00e1ria que o candidato tenha, nos \u00faltimos 36 meses, contados a partir do m\u00eas de submiss\u00e3o do pedido de credenciamento (inclusive), ter pontua\u00e7\u00e3o em produtividade cient\u00edfica igual ou superior a Pontua\u00e7\u00e3o M\u00ednima estabelecida pelo Programa.<\/p>\n\n\n\n<p>Par\u00e1grafo Primeiro \u2013 a Pontua\u00e7\u00e3o M\u00ednima \u00e9 definida anualmente, at\u00e9 o final do m\u00eas seguinte ao fechamento da \u00faltima Coleta CAPES, pelo Colegiado do Programa e tem como base a produtividade m\u00e9dia do corpo docente permanente nos 36 meses anteriores e os crit\u00e9rios de avalia\u00e7\u00e3o dos Programas de P\u00f3s-Gradua\u00e7\u00e3o pela CAPES.<\/p>\n\n\n\n<p>Par\u00e1grafo Segundo: a Pontua\u00e7\u00e3o M\u00ednima \u00e9 mantida no endere\u00e7o&nbsp;<a href=\"http:\/\/inf.ufpel.edu.br\/ppgc\/indices\">http:\/\/inf.ufpel.edu.br\/ppgc\/indices<\/a>.<\/p>\n\n\n\n<p>Par\u00e1grafo Terceiro \u2013 para fins de c\u00e1lculo da pontua\u00e7\u00e3o em produtividade considera-se patentes obtidas e publica\u00e7\u00f5es em confer\u00eancias e peri\u00f3dicos avaliados pelo Qualis-CAPES no ano do pedido, na \u00e1rea de Ci\u00eancia da Computa\u00e7\u00e3o, por meio da soma das pontua\u00e7\u00f5es das publica\u00e7\u00f5es e patentes individuais, mapeadas da seguinte forma:<\/p>\n\n\n\n<ol class=\"wp-block-list\"><li>Qualis A1 \u2013 100 pontos<\/li><li>Qualis A2 \u2013 85 pontos<\/li><li>Qualis B1 \u2013 70 pontos<\/li><li>Qualis B2 \u2013 50 pontos<\/li><li>Qualis B3 \u2013 20 pontos<\/li><li>Qualis B4 \u2013 10 pontos<\/li><li>Qualis B5 \u2013 5 pontos<\/li><li>Patente Registrada \u2013 70 pontos<\/li><\/ol>\n\n\n\n<p>Par\u00e1grafo Quarto \u2013 produ\u00e7\u00f5es compartilhadas com membros do corpo docente do Programa ter\u00e3o pontua\u00e7\u00e3o dividida pelo n\u00famero de autores no corpo docente e o solicitante.<\/p>\n\n\n\n<p>Artigo 7\u00ba \u2013 o candidato, no caso de aprova\u00e7\u00e3o do seu pedido, poder\u00e1 ser credenciado, a crit\u00e9rio do Colegiado, como Membro Permanente (apenas para servidores da Universidade Federal de Pelotas) ou como Membro Colaborador.<\/p>\n\n\n\n<p>Pelotas, 1\u00ba de Abril de 2014<\/p>\n\n\n\n<p>Felipe de Souza Marques<br>Coordenador do Programa de P\u00f3s-Gradua\u00e7\u00e3o em Computa\u00e7\u00e3o<br>Universidade Federal de Pelotas<\/p>\n","protected":false},"excerpt":{"rendered":"<p>Portaria 01\/2014 \u2013 Crit\u00e9rios de Credenciamento de Novos Docentes O COLEGIADO DO PROGRAMA DE P\u00d3S- GRADUA\u00c7\u00c3O EM COMPUTA\u00c7\u00c3O DA UNIVERSIDADE FEDERAL DE PELOTAS resolve DEFERIR proposta apresentada pela Comiss\u00e3o de Crit\u00e9rios de Credenciamento que&#46;&#46;&#46;<\/p>\n","protected":false},"author":881,"featured_media":0,"parent":283,"menu_order":0,"comment_status":"closed","ping_status":"closed","template":"","meta":{"jetpack_post_was_ever_published":false,"footnotes":""},"class_list":["post-339","page","type-page","status-publish","hentry"],"jetpack_sharing_enabled":true,"jetpack_shortlink":"https:\/\/wp.me\/PaGhNl-5t","_links":{"self":[{"href":"https:\/\/wp.ufpel.edu.br\/computacao\/wp-json\/wp\/v2\/pages\/339","targetHints":{"allow":["GET"]}}],"collection":[{"href":"https:\/\/wp.ufpel.edu.br\/computacao\/wp-json\/wp\/v2\/pages"}],"about":[{"href":"https:\/\/wp.ufpel.edu.br\/computacao\/wp-json\/wp\/v2\/types\/page"}],"author":[{"embeddable":true,"href":"https:\/\/wp.ufpel.edu.br\/computacao\/wp-json\/wp\/v2\/users\/881"}],"replies":[{"embeddable":true,"href":"https:\/\/wp.ufpel.edu.br\/computacao\/wp-json\/wp\/v2\/comments?post=339"}],"version-history":[{"count":2,"href":"https:\/\/wp.ufpel.edu.br\/computacao\/wp-json\/wp\/v2\/pages\/339\/revisions"}],"predecessor-version":[{"id":5224,"href":"https:\/\/wp.ufpel.edu.br\/computacao\/wp-json\/wp\/v2\/pages\/339\/revisions\/5224"}],"up":[{"embeddable":true,"href":"https:\/\/wp.ufpel.edu.br\/computacao\/wp-json\/wp\/v2\/pages\/283"}],"wp:attachment":[{"href":"https:\/\/wp.ufpel.edu.br\/computacao\/wp-json\/wp\/v2\/media?parent=339"}],"curies":[{"name":"wp","href":"https:\/\/api.w.org\/{rel}","templated":true}]}}