{"id":336,"date":"2019-02-23T21:50:16","date_gmt":"2019-02-24T00:50:16","guid":{"rendered":"https:\/\/wp.ufpel.edu.br\/computacao\/?page_id=336"},"modified":"2019-05-17T11:37:09","modified_gmt":"2019-05-17T14:37:09","slug":"portaria-08-2013","status":"publish","type":"page","link":"https:\/\/wp.ufpel.edu.br\/computacao\/ppgc\/regimento-e-resolucoes\/portaria-08-2013\/","title":{"rendered":"Portaria 08-2013 \u2013 Crit\u00e9rios para classifica\u00e7\u00e3o dos candidatos \u00e0s quotas de bolsas do Programa (revogada)"},"content":{"rendered":"\n<h2 class=\"wp-block-heading\">Portaria 08\/2013 \u2013 Crit\u00e9rios para classifica\u00e7\u00e3o dos candidatos \u00e0s quotas de bolsas do Programa (revogada)<\/h2>\n\n\n\n<p><del>O COORDENADOR DO PROGRAMA DE P\u00d3S- GRADUA\u00c7\u00c3O EM COMPUTA\u00c7\u00c3O DA UNIVERSIDADE FEDERAL DE PELOTAS, no uso de suas atribui\u00e7\u00f5es legais, resolve DEFERIR proposta apresentada pela Comiss\u00e3o de Bolsas para classificar os candidatos \u00e0s quotas de bolsas do Programa. A regra \u00e9 a seguinte:<br>O \u00edndice classificat\u00f3rio dos alunos envolve dois componentes:<br>1. Coeficiente de Desempenho Acad\u00eamico (CDA):<br>a)&nbsp;&nbsp;&nbsp; Para os candidatos que s\u00e3o alunos ingressantes no Programa, o CDA consiste na maior nota obtida no Exame POSCOMP em uma das \u00faltimas tr\u00eas edi\u00e7\u00f5es deste Exame ou zero (0) caso o candidato n\u00e3o possua este Exame.<br>b)&nbsp;&nbsp;&nbsp; Para candidatos que sejam alunos regulares e que possuam pelo menos um semestre conclu\u00eddo, o CDA \u00e9 dado pelo Coeficiente de Rendimento do aluno no Curso computado como rege o Regimento do Programa. Para efeito de c\u00e1lculo, o Coeficiente de Rendimento ser\u00e1 multiplicado pela m\u00e9dia geral da edi\u00e7\u00e3o mais recente do POSCOMP e dividido pelo maior Coeficiente de Rendimento ating\u00edvel pelos alunos do Programa (4).<br>2. Publica\u00e7\u00f5es realizadas no ano em curso e nos tr\u00eas anos anteriores, considerando que:<br>a) Publica\u00e7\u00e3o em evento de escopo regional ou publica\u00e7\u00e3o de resumo em n\u00edvel nacional ou de resumos em Sal\u00f5es de Inicia\u00e7\u00e3o Cient\u00edfica: 1 ponto.<br>b) Publica\u00e7\u00e3o de artigo completo em evento nacional: 3 pontos<br>c) Publica\u00e7\u00e3o em evento internacional ou peri\u00f3dico nacional ou internacional: 5 pontos<br>d) Publica\u00e7\u00f5es realizadas em Teoria (Teoria da Computa\u00e7\u00e3o, Algoritmos, M\u00e9todos Matem\u00e1ticos para a Computa\u00e7\u00e3o, etc.) ter\u00e3o suas pontua\u00e7\u00f5es multiplicadas pelo fator 1,3, excetuando-se aquelas indicadas no item 2.a desta Portaria.<br>Os dois componentes s\u00e3o somados, sendo os pedidos que compuserem maiores valores considerados priorit\u00e1rios. Em caso de empate, o crit\u00e9rio de desempate ser\u00e1 dado pela maior pontua\u00e7\u00e3o obtida no item 2.c. Persistindo o empate, ser\u00e1 considerada a maior pontua\u00e7\u00e3o no item 2.b e, em caso de novo empate a maior pontua\u00e7\u00e3o no item 2.a. Como crit\u00e9rio final de desempate, ser\u00e1 considerado priorit\u00e1rio o candidato com maior n\u00famero absoluto de publica\u00e7\u00f5es.<br>&nbsp;<br>Prof. Gerson Geraldo H. Cavalheiro<br>Coordenador do Programa de&nbsp;P\u00f3s-Gradua\u00e7\u00e3o em Computa\u00e7\u00e3o<\/del><\/p>\n","protected":false},"excerpt":{"rendered":"<p>Portaria 08\/2013 \u2013 Crit\u00e9rios para classifica\u00e7\u00e3o dos candidatos \u00e0s quotas de bolsas do Programa (revogada) O COORDENADOR DO PROGRAMA DE P\u00d3S- GRADUA\u00c7\u00c3O EM COMPUTA\u00c7\u00c3O DA UNIVERSIDADE FEDERAL DE PELOTAS, no uso de suas atribui\u00e7\u00f5es&#46;&#46;&#46;<\/p>\n","protected":false},"author":881,"featured_media":0,"parent":283,"menu_order":0,"comment_status":"closed","ping_status":"closed","template":"","meta":{"jetpack_post_was_ever_published":false,"footnotes":""},"class_list":["post-336","page","type-page","status-publish","hentry"],"jetpack_sharing_enabled":true,"jetpack_shortlink":"https:\/\/wp.me\/PaGhNl-5q","_links":{"self":[{"href":"https:\/\/wp.ufpel.edu.br\/computacao\/wp-json\/wp\/v2\/pages\/336","targetHints":{"allow":["GET"]}}],"collection":[{"href":"https:\/\/wp.ufpel.edu.br\/computacao\/wp-json\/wp\/v2\/pages"}],"about":[{"href":"https:\/\/wp.ufpel.edu.br\/computacao\/wp-json\/wp\/v2\/types\/page"}],"author":[{"embeddable":true,"href":"https:\/\/wp.ufpel.edu.br\/computacao\/wp-json\/wp\/v2\/users\/881"}],"replies":[{"embeddable":true,"href":"https:\/\/wp.ufpel.edu.br\/computacao\/wp-json\/wp\/v2\/comments?post=336"}],"version-history":[{"count":3,"href":"https:\/\/wp.ufpel.edu.br\/computacao\/wp-json\/wp\/v2\/pages\/336\/revisions"}],"predecessor-version":[{"id":5215,"href":"https:\/\/wp.ufpel.edu.br\/computacao\/wp-json\/wp\/v2\/pages\/336\/revisions\/5215"}],"up":[{"embeddable":true,"href":"https:\/\/wp.ufpel.edu.br\/computacao\/wp-json\/wp\/v2\/pages\/283"}],"wp:attachment":[{"href":"https:\/\/wp.ufpel.edu.br\/computacao\/wp-json\/wp\/v2\/media?parent=336"}],"curies":[{"name":"wp","href":"https:\/\/api.w.org\/{rel}","templated":true}]}}