{"id":333,"date":"2019-02-23T21:47:33","date_gmt":"2019-02-24T00:47:33","guid":{"rendered":"https:\/\/wp.ufpel.edu.br\/computacao\/?page_id=333"},"modified":"2019-05-17T11:37:20","modified_gmt":"2019-05-17T14:37:20","slug":"portaria-07-2013","status":"publish","type":"page","link":"https:\/\/wp.ufpel.edu.br\/computacao\/ppgc\/regimento-e-resolucoes\/portaria-07-2013\/","title":{"rendered":"Portaria 07-2013 \u2013 Manuten\u00e7\u00e3o de bolsa por alunos que assumem v\u00ednculo empregat\u00edcio"},"content":{"rendered":"\n<h2 class=\"wp-block-heading\">Portaria 07\/2013 \u2013 Manuten\u00e7\u00e3o de bolsa por alunos que assumem v\u00ednculo empregat\u00edcio<\/h2>\n\n\n\n<p>O COORDENADOR DO PROGRAMA DE P\u00d3S- GRADUA\u00c7\u00c3O EM COMPUTA\u00c7\u00c3O DA UNIVERSIDADE FEDERAL DE PELOTAS, no uso de suas atribui\u00e7\u00f5es legais, resolve NORMATIZAR o acolhimento de pedidos de manuten\u00e7\u00e3o de bolsa por alunos bolsistas que assumem v\u00ednculo empregat\u00edcio conforme apresentado pela Comiss\u00e3o de Bolsas. Um aluno bolsista que assume v\u00ednculo empregat\u00edcio poder\u00e1 requerer manuten\u00e7\u00e3o da bolsa caso cumpra um dos dois requisitos seguintes:<\/p>\n\n\n\n<ol class=\"wp-block-list\"><li>O v\u00ednculo estabelecido representa que o aluno bolsista assumiu cargo de professor substituto ou tempor\u00e1rio em institui\u00e7\u00e3o p\u00fablica de ensino ou de tutor ou bolsista na Universidade Aberta do Brasil.<\/li><li>O aluno bolsista ter conclu\u00eddo ao menos um (1) semestre e o v\u00ednculo estabelecido \u00e9 de interesse na pesquisa realizada em seu trabalho de mestrado.<\/li><\/ol>\n\n\n\n<p>O pedido, devidamente justificado, deve ser encaminhado \u00e0 secretaria em um prazo m\u00e1ximo de sete dias corridos a contar da data na qual o v\u00ednculo foi assumido com anu\u00eancia do orientador. A an\u00e1lise do pedido ser\u00e1 feita pela Comiss\u00e3o de Bolsas.<\/p>\n\n\n\n<p>Prof. Gerson Geraldo H. Cavalheiro<br>Coordenador do Programa de&nbsp;P\u00f3s-Gradua\u00e7\u00e3o em Computa\u00e7\u00e3o<\/p>\n","protected":false},"excerpt":{"rendered":"<p>Portaria 07\/2013 \u2013 Manuten\u00e7\u00e3o de bolsa por alunos que assumem v\u00ednculo empregat\u00edcio O COORDENADOR DO PROGRAMA DE P\u00d3S- GRADUA\u00c7\u00c3O EM COMPUTA\u00c7\u00c3O DA UNIVERSIDADE FEDERAL DE PELOTAS, no uso de suas atribui\u00e7\u00f5es legais, resolve NORMATIZAR&#46;&#46;&#46;<\/p>\n","protected":false},"author":881,"featured_media":0,"parent":283,"menu_order":0,"comment_status":"closed","ping_status":"closed","template":"","meta":{"jetpack_post_was_ever_published":false,"footnotes":""},"class_list":["post-333","page","type-page","status-publish","hentry"],"jetpack_sharing_enabled":true,"jetpack_shortlink":"https:\/\/wp.me\/PaGhNl-5n","_links":{"self":[{"href":"https:\/\/wp.ufpel.edu.br\/computacao\/wp-json\/wp\/v2\/pages\/333","targetHints":{"allow":["GET"]}}],"collection":[{"href":"https:\/\/wp.ufpel.edu.br\/computacao\/wp-json\/wp\/v2\/pages"}],"about":[{"href":"https:\/\/wp.ufpel.edu.br\/computacao\/wp-json\/wp\/v2\/types\/page"}],"author":[{"embeddable":true,"href":"https:\/\/wp.ufpel.edu.br\/computacao\/wp-json\/wp\/v2\/users\/881"}],"replies":[{"embeddable":true,"href":"https:\/\/wp.ufpel.edu.br\/computacao\/wp-json\/wp\/v2\/comments?post=333"}],"version-history":[{"count":2,"href":"https:\/\/wp.ufpel.edu.br\/computacao\/wp-json\/wp\/v2\/pages\/333\/revisions"}],"predecessor-version":[{"id":5216,"href":"https:\/\/wp.ufpel.edu.br\/computacao\/wp-json\/wp\/v2\/pages\/333\/revisions\/5216"}],"up":[{"embeddable":true,"href":"https:\/\/wp.ufpel.edu.br\/computacao\/wp-json\/wp\/v2\/pages\/283"}],"wp:attachment":[{"href":"https:\/\/wp.ufpel.edu.br\/computacao\/wp-json\/wp\/v2\/media?parent=333"}],"curies":[{"name":"wp","href":"https:\/\/api.w.org\/{rel}","templated":true}]}}