{"id":330,"date":"2019-02-23T21:45:16","date_gmt":"2019-02-24T00:45:16","guid":{"rendered":"https:\/\/wp.ufpel.edu.br\/computacao\/?page_id=330"},"modified":"2019-05-17T11:37:37","modified_gmt":"2019-05-17T14:37:37","slug":"portaria-06-2013","status":"publish","type":"page","link":"https:\/\/wp.ufpel.edu.br\/computacao\/ppgc\/regimento-e-resolucoes\/portaria-06-2013\/","title":{"rendered":"Portaria 06-2013 \u2013 Crit\u00e9rios de desempenho de alunos bolsistas"},"content":{"rendered":"\n<h2 class=\"wp-block-heading\">Portaria 06\/2013 \u2013 Crit\u00e9rios de desempenho de alunos bolsistas<\/h2>\n\n\n\n<p>O COORDENADOR DO PROGRAMA DE P\u00d3S- GRADUA\u00c7\u00c3O EM COMPUTA\u00c7\u00c3O DA UNIVERSIDADE FEDERAL DE PELOTAS, no uso de suas atribui\u00e7\u00f5es legais, resolve &nbsp;RATIFICAR proposta apresentada pela Comiss\u00e3o de Bolsas da regra para determinar perda do direito a bolsa por parte dos alunos bolsistas do Programa. Os alunos bolsistas ser\u00e3o submetidos a um processo de avalia\u00e7\u00e3o semestral e poder\u00e3o perder o direito a bolsa caso seja observada uma das seguintes situa\u00e7\u00f5es:<\/p>\n\n\n\n<ol class=\"wp-block-list\"><li>For reprovado por conceito ou por infrequ\u00eancia em uma ou mais disciplinas.<\/li><li>For constatada infrequ\u00eancia do aluno bolsista.<\/li><li>Apresentar coeficiente de rendimento inferior \u00e0 3,0.<\/li><li>Tendo terminado o Segundo Semestre, n\u00e3o ter entregue o Trabalho Individual I.<\/li><li>Tendo terminado o Terceiro Semestre, n\u00e3o ter realizado um ou mais dos seguintes requisitos para obten\u00e7\u00e3o do t\u00edtulo: apresenta\u00e7\u00e3o do Semin\u00e1rio de Andamento, conclus\u00e3o da Doc\u00eancia Orientada, obten\u00e7\u00e3o de Certificado de Profici\u00eancia em L\u00edngua Inglesa, n\u00e3o ter conclu\u00eddo os cr\u00e9ditos m\u00ednimos necess\u00e1rios para conclus\u00e3o do curso.<\/li><\/ol>\n\n\n\n<p>Prof. Gerson Geraldo H. Cavalheiro<br>Coordenador do Programa de&nbsp;P\u00f3s-Gradua\u00e7\u00e3o em Computa\u00e7\u00e3o<\/p>\n","protected":false},"excerpt":{"rendered":"<p>Portaria 06\/2013 \u2013 Crit\u00e9rios de desempenho de alunos bolsistas O COORDENADOR DO PROGRAMA DE P\u00d3S- GRADUA\u00c7\u00c3O EM COMPUTA\u00c7\u00c3O DA UNIVERSIDADE FEDERAL DE PELOTAS, no uso de suas atribui\u00e7\u00f5es legais, resolve &nbsp;RATIFICAR proposta apresentada pela&#46;&#46;&#46;<\/p>\n","protected":false},"author":881,"featured_media":0,"parent":283,"menu_order":0,"comment_status":"closed","ping_status":"closed","template":"","meta":{"jetpack_post_was_ever_published":false,"footnotes":""},"class_list":["post-330","page","type-page","status-publish","hentry"],"jetpack_sharing_enabled":true,"jetpack_shortlink":"https:\/\/wp.me\/PaGhNl-5k","_links":{"self":[{"href":"https:\/\/wp.ufpel.edu.br\/computacao\/wp-json\/wp\/v2\/pages\/330","targetHints":{"allow":["GET"]}}],"collection":[{"href":"https:\/\/wp.ufpel.edu.br\/computacao\/wp-json\/wp\/v2\/pages"}],"about":[{"href":"https:\/\/wp.ufpel.edu.br\/computacao\/wp-json\/wp\/v2\/types\/page"}],"author":[{"embeddable":true,"href":"https:\/\/wp.ufpel.edu.br\/computacao\/wp-json\/wp\/v2\/users\/881"}],"replies":[{"embeddable":true,"href":"https:\/\/wp.ufpel.edu.br\/computacao\/wp-json\/wp\/v2\/comments?post=330"}],"version-history":[{"count":2,"href":"https:\/\/wp.ufpel.edu.br\/computacao\/wp-json\/wp\/v2\/pages\/330\/revisions"}],"predecessor-version":[{"id":5217,"href":"https:\/\/wp.ufpel.edu.br\/computacao\/wp-json\/wp\/v2\/pages\/330\/revisions\/5217"}],"up":[{"embeddable":true,"href":"https:\/\/wp.ufpel.edu.br\/computacao\/wp-json\/wp\/v2\/pages\/283"}],"wp:attachment":[{"href":"https:\/\/wp.ufpel.edu.br\/computacao\/wp-json\/wp\/v2\/media?parent=330"}],"curies":[{"name":"wp","href":"https:\/\/api.w.org\/{rel}","templated":true}]}}