{"id":327,"date":"2019-02-23T21:40:28","date_gmt":"2019-02-24T00:40:28","guid":{"rendered":"https:\/\/wp.ufpel.edu.br\/computacao\/?page_id=327"},"modified":"2019-05-17T11:37:49","modified_gmt":"2019-05-17T14:37:49","slug":"portaria-05-2013","status":"publish","type":"page","link":"https:\/\/wp.ufpel.edu.br\/computacao\/ppgc\/regimento-e-resolucoes\/portaria-05-2013\/","title":{"rendered":"Portaria 05-2013 \u2013 Elegibilidade para se candidatar a bolsas"},"content":{"rendered":"\n<p>Portaria 05\/2013 \u2013 Elegibilidade para se candidatar a bolsas<\/p>\n\n\n\n<h2 class=\"wp-block-heading\"><strong>PORTARIA N\u00ba 005 DE 24 DE JANEIRO DE 2013<\/strong><\/h2>\n\n\n\n<p>O COORDENADOR DO PROGRAMA DE P\u00d3S- GRADUA\u00c7\u00c3O EM COMPUTA\u00c7\u00c3O DA UNIVERSIDADE FEDERAL DE PELOTAS, no uso de suas atribui\u00e7\u00f5es legais, resolve REGULAMENTAR as inscri\u00e7\u00f5es ao Processo Seletivo Interno de Distribui\u00e7\u00e3o de Bolsas do Programa segundo proposto pela Comiss\u00e3o de Bolsas. O aluno poder\u00e1 se inscrever ao referido Processo Seletivo, em qualquer momento estando matriculado no Programa, caso cumpra um dos seguintes requisitos:<\/p>\n\n\n\n<ol class=\"wp-block-list\"><li>N\u00e3o possua qualquer tipo de v\u00ednculo empregat\u00edcio ou atividade remunerada.<\/li><li>Possua v\u00ednculo como professor substituto ou tempor\u00e1rio em institui\u00e7\u00e3o de ensino p\u00fablica ou de tutor ou bolsista na Universidade Aberta do Brasil.<\/li><\/ol>\n\n\n\n<p>Prof. Gerson Geraldo H. Cavalheiro<br>Coordenador do Programa de&nbsp;P\u00f3s-Gradua\u00e7\u00e3o em Computa\u00e7\u00e3o<\/p>\n","protected":false},"excerpt":{"rendered":"<p>Portaria 05\/2013 \u2013 Elegibilidade para se candidatar a bolsas PORTARIA N\u00ba 005 DE 24 DE JANEIRO DE 2013 O COORDENADOR DO PROGRAMA DE P\u00d3S- GRADUA\u00c7\u00c3O EM COMPUTA\u00c7\u00c3O DA UNIVERSIDADE FEDERAL DE PELOTAS, no uso&#46;&#46;&#46;<\/p>\n","protected":false},"author":881,"featured_media":0,"parent":283,"menu_order":0,"comment_status":"closed","ping_status":"closed","template":"","meta":{"jetpack_post_was_ever_published":false,"footnotes":""},"class_list":["post-327","page","type-page","status-publish","hentry"],"jetpack_sharing_enabled":true,"jetpack_shortlink":"https:\/\/wp.me\/PaGhNl-5h","_links":{"self":[{"href":"https:\/\/wp.ufpel.edu.br\/computacao\/wp-json\/wp\/v2\/pages\/327","targetHints":{"allow":["GET"]}}],"collection":[{"href":"https:\/\/wp.ufpel.edu.br\/computacao\/wp-json\/wp\/v2\/pages"}],"about":[{"href":"https:\/\/wp.ufpel.edu.br\/computacao\/wp-json\/wp\/v2\/types\/page"}],"author":[{"embeddable":true,"href":"https:\/\/wp.ufpel.edu.br\/computacao\/wp-json\/wp\/v2\/users\/881"}],"replies":[{"embeddable":true,"href":"https:\/\/wp.ufpel.edu.br\/computacao\/wp-json\/wp\/v2\/comments?post=327"}],"version-history":[{"count":2,"href":"https:\/\/wp.ufpel.edu.br\/computacao\/wp-json\/wp\/v2\/pages\/327\/revisions"}],"predecessor-version":[{"id":5218,"href":"https:\/\/wp.ufpel.edu.br\/computacao\/wp-json\/wp\/v2\/pages\/327\/revisions\/5218"}],"up":[{"embeddable":true,"href":"https:\/\/wp.ufpel.edu.br\/computacao\/wp-json\/wp\/v2\/pages\/283"}],"wp:attachment":[{"href":"https:\/\/wp.ufpel.edu.br\/computacao\/wp-json\/wp\/v2\/media?parent=327"}],"curies":[{"name":"wp","href":"https:\/\/api.w.org\/{rel}","templated":true}]}}