{"id":324,"date":"2019-02-23T21:38:33","date_gmt":"2019-02-24T00:38:33","guid":{"rendered":"https:\/\/wp.ufpel.edu.br\/computacao\/?page_id=324"},"modified":"2019-05-17T11:38:00","modified_gmt":"2019-05-17T14:38:00","slug":"portaria-04-2013","status":"publish","type":"page","link":"https:\/\/wp.ufpel.edu.br\/computacao\/ppgc\/regimento-e-resolucoes\/portaria-04-2013\/","title":{"rendered":"Portaria 04-2013 \u2013 Acompanhamento de Presen\u00e7a de Bolsistas"},"content":{"rendered":"\n<h2 class=\"wp-block-heading\"><strong>PORTARIA N\u00ba 004 DE 24 DE JANEIRO DE 2013<\/strong><\/h2>\n\n\n\n<p>O COORDENADOR DO PROGRAMA DE P\u00d3S- GRADUA\u00c7\u00c3O EM COMPUTA\u00c7\u00c3O DA UNIVERSIDADE FEDERAL DE PELOTAS, no uso de suas atribui\u00e7\u00f5es legais, resolve RATIFICAR decis\u00e3o de Colegiado que determina que os alunos que possuem bolsas de quotas do Programa devam informar sua presen\u00e7a em lista pr\u00f3pria na Secretaria do Programa em, pelo menos, quatro dias \u00fateis de cada semana. Em car\u00e1ter eventual, com anu\u00eancia do orientador, o aluno bolsista poder\u00e1 ser dispensado de informar sua presen\u00e7a em um per\u00edodo de tempo determinado.<\/p>\n\n\n\n<p>Prof. Gerson Geraldo H. Cavalheiro<br>Coordenador do Programa de&nbsp;P\u00f3s-Gradua\u00e7\u00e3o em Computa\u00e7\u00e3o<\/p>\n","protected":false},"excerpt":{"rendered":"<p>PORTARIA N\u00ba 004 DE 24 DE JANEIRO DE 2013 O COORDENADOR DO PROGRAMA DE P\u00d3S- GRADUA\u00c7\u00c3O EM COMPUTA\u00c7\u00c3O DA UNIVERSIDADE FEDERAL DE PELOTAS, no uso de suas atribui\u00e7\u00f5es legais, resolve RATIFICAR decis\u00e3o de Colegiado&#46;&#46;&#46;<\/p>\n","protected":false},"author":881,"featured_media":0,"parent":283,"menu_order":0,"comment_status":"closed","ping_status":"closed","template":"","meta":{"jetpack_post_was_ever_published":false,"footnotes":""},"class_list":["post-324","page","type-page","status-publish","hentry"],"jetpack_sharing_enabled":true,"jetpack_shortlink":"https:\/\/wp.me\/PaGhNl-5e","_links":{"self":[{"href":"https:\/\/wp.ufpel.edu.br\/computacao\/wp-json\/wp\/v2\/pages\/324","targetHints":{"allow":["GET"]}}],"collection":[{"href":"https:\/\/wp.ufpel.edu.br\/computacao\/wp-json\/wp\/v2\/pages"}],"about":[{"href":"https:\/\/wp.ufpel.edu.br\/computacao\/wp-json\/wp\/v2\/types\/page"}],"author":[{"embeddable":true,"href":"https:\/\/wp.ufpel.edu.br\/computacao\/wp-json\/wp\/v2\/users\/881"}],"replies":[{"embeddable":true,"href":"https:\/\/wp.ufpel.edu.br\/computacao\/wp-json\/wp\/v2\/comments?post=324"}],"version-history":[{"count":2,"href":"https:\/\/wp.ufpel.edu.br\/computacao\/wp-json\/wp\/v2\/pages\/324\/revisions"}],"predecessor-version":[{"id":5219,"href":"https:\/\/wp.ufpel.edu.br\/computacao\/wp-json\/wp\/v2\/pages\/324\/revisions\/5219"}],"up":[{"embeddable":true,"href":"https:\/\/wp.ufpel.edu.br\/computacao\/wp-json\/wp\/v2\/pages\/283"}],"wp:attachment":[{"href":"https:\/\/wp.ufpel.edu.br\/computacao\/wp-json\/wp\/v2\/media?parent=324"}],"curies":[{"name":"wp","href":"https:\/\/api.w.org\/{rel}","templated":true}]}}