{"id":321,"date":"2019-02-23T21:36:53","date_gmt":"2019-02-24T00:36:53","guid":{"rendered":"https:\/\/wp.ufpel.edu.br\/computacao\/?page_id=321"},"modified":"2019-05-17T11:35:25","modified_gmt":"2019-05-17T14:35:25","slug":"resolucao-04-2012","status":"publish","type":"page","link":"https:\/\/wp.ufpel.edu.br\/computacao\/ppgc\/regimento-e-resolucoes\/resolucao-04-2012\/","title":{"rendered":"Resolu\u00e7\u00e3o 04-2012 \u2013 Dispensa de Doc\u00eancia Orientada"},"content":{"rendered":"\n<h2 class=\"wp-block-heading\">Resolu\u00e7\u00e3o 04-2012 \u2013 Dispensa de Doc\u00eancia Orientada<\/h2>\n\n\n\n<p>O Colegiado do PPGC-UFPel na sua reuni\u00e3o do dia 2 de mar\u00e7o de 2012 decidiu que:<\/p>\n\n\n\n<ol class=\"wp-block-list\"><li>&nbsp;Pedidos de dispensa da atividade obrigat\u00f3ria Doc\u00eancia Orientada ser\u00e3o aceitos caso o aluno solicitante comprove experi\u00eancia m\u00ednima de dois semestres como professor do ensino superior;<\/li><li>&nbsp;Alunos bolsistas do PPGC n\u00e3o ser\u00e3o dispensados desta atividade, mesmo que cumpram o que est\u00e1 estabelecido no item 1 desta resolu\u00e7\u00e3o.<\/li><\/ol>\n","protected":false},"excerpt":{"rendered":"<p>Resolu\u00e7\u00e3o 04-2012 \u2013 Dispensa de Doc\u00eancia Orientada O Colegiado do PPGC-UFPel na sua reuni\u00e3o do dia 2 de mar\u00e7o de 2012 decidiu que: &nbsp;Pedidos de dispensa da atividade obrigat\u00f3ria Doc\u00eancia Orientada ser\u00e3o aceitos caso&#46;&#46;&#46;<\/p>\n","protected":false},"author":881,"featured_media":0,"parent":283,"menu_order":0,"comment_status":"closed","ping_status":"closed","template":"","meta":{"jetpack_post_was_ever_published":false,"footnotes":""},"class_list":["post-321","page","type-page","status-publish","hentry"],"jetpack_sharing_enabled":true,"jetpack_shortlink":"https:\/\/wp.me\/PaGhNl-5b","_links":{"self":[{"href":"https:\/\/wp.ufpel.edu.br\/computacao\/wp-json\/wp\/v2\/pages\/321","targetHints":{"allow":["GET"]}}],"collection":[{"href":"https:\/\/wp.ufpel.edu.br\/computacao\/wp-json\/wp\/v2\/pages"}],"about":[{"href":"https:\/\/wp.ufpel.edu.br\/computacao\/wp-json\/wp\/v2\/types\/page"}],"author":[{"embeddable":true,"href":"https:\/\/wp.ufpel.edu.br\/computacao\/wp-json\/wp\/v2\/users\/881"}],"replies":[{"embeddable":true,"href":"https:\/\/wp.ufpel.edu.br\/computacao\/wp-json\/wp\/v2\/comments?post=321"}],"version-history":[{"count":2,"href":"https:\/\/wp.ufpel.edu.br\/computacao\/wp-json\/wp\/v2\/pages\/321\/revisions"}],"predecessor-version":[{"id":5209,"href":"https:\/\/wp.ufpel.edu.br\/computacao\/wp-json\/wp\/v2\/pages\/321\/revisions\/5209"}],"up":[{"embeddable":true,"href":"https:\/\/wp.ufpel.edu.br\/computacao\/wp-json\/wp\/v2\/pages\/283"}],"wp:attachment":[{"href":"https:\/\/wp.ufpel.edu.br\/computacao\/wp-json\/wp\/v2\/media?parent=321"}],"curies":[{"name":"wp","href":"https:\/\/api.w.org\/{rel}","templated":true}]}}