{"id":318,"date":"2019-02-23T21:35:18","date_gmt":"2019-02-24T00:35:18","guid":{"rendered":"https:\/\/wp.ufpel.edu.br\/computacao\/?page_id=318"},"modified":"2019-05-17T11:36:16","modified_gmt":"2019-05-17T14:36:16","slug":"resolucao-03-2012","status":"publish","type":"page","link":"https:\/\/wp.ufpel.edu.br\/computacao\/ppgc\/regimento-e-resolucoes\/resolucao-03-2012\/","title":{"rendered":"Resolu\u00e7\u00e3o 03-2012 \u2013 Profici\u00eancia em L\u00edngua Inglesa"},"content":{"rendered":"\n<h2 class=\"wp-block-heading\">Resolu\u00e7\u00e3o 03\/2012 \u2013 Profici\u00eancia em L\u00edngua Inglesa<\/h2>\n\n\n\n<p>O Colegiado do PPGC-UFPel na sua reuni\u00e3o do dia 2 de mar\u00e7o de 2012 decidiu que:<\/p>\n\n\n\n<ol class=\"wp-block-list\"><li>Comprovantes de profici\u00eancia expedidos por Universidades ser\u00e3o automaticamente aprovados pelo PPGC-UFPel;<\/li><li>Comprovantes de profici\u00eancia expedidos por outros \u00f3rg\u00e3os ser\u00e3o analisados caso a caso pelo Colegiado do PPGC.<\/li><\/ol>\n","protected":false},"excerpt":{"rendered":"<p>Resolu\u00e7\u00e3o 03\/2012 \u2013 Profici\u00eancia em L\u00edngua Inglesa O Colegiado do PPGC-UFPel na sua reuni\u00e3o do dia 2 de mar\u00e7o de 2012 decidiu que: Comprovantes de profici\u00eancia expedidos por Universidades ser\u00e3o automaticamente aprovados pelo PPGC-UFPel;&#46;&#46;&#46;<\/p>\n","protected":false},"author":881,"featured_media":0,"parent":283,"menu_order":0,"comment_status":"closed","ping_status":"closed","template":"","meta":{"jetpack_post_was_ever_published":false,"footnotes":""},"class_list":["post-318","page","type-page","status-publish","hentry"],"jetpack_sharing_enabled":true,"jetpack_shortlink":"https:\/\/wp.me\/PaGhNl-58","_links":{"self":[{"href":"https:\/\/wp.ufpel.edu.br\/computacao\/wp-json\/wp\/v2\/pages\/318","targetHints":{"allow":["GET"]}}],"collection":[{"href":"https:\/\/wp.ufpel.edu.br\/computacao\/wp-json\/wp\/v2\/pages"}],"about":[{"href":"https:\/\/wp.ufpel.edu.br\/computacao\/wp-json\/wp\/v2\/types\/page"}],"author":[{"embeddable":true,"href":"https:\/\/wp.ufpel.edu.br\/computacao\/wp-json\/wp\/v2\/users\/881"}],"replies":[{"embeddable":true,"href":"https:\/\/wp.ufpel.edu.br\/computacao\/wp-json\/wp\/v2\/comments?post=318"}],"version-history":[{"count":2,"href":"https:\/\/wp.ufpel.edu.br\/computacao\/wp-json\/wp\/v2\/pages\/318\/revisions"}],"predecessor-version":[{"id":5210,"href":"https:\/\/wp.ufpel.edu.br\/computacao\/wp-json\/wp\/v2\/pages\/318\/revisions\/5210"}],"up":[{"embeddable":true,"href":"https:\/\/wp.ufpel.edu.br\/computacao\/wp-json\/wp\/v2\/pages\/283"}],"wp:attachment":[{"href":"https:\/\/wp.ufpel.edu.br\/computacao\/wp-json\/wp\/v2\/media?parent=318"}],"curies":[{"name":"wp","href":"https:\/\/api.w.org\/{rel}","templated":true}]}}