{"id":315,"date":"2019-02-23T21:33:42","date_gmt":"2019-02-24T00:33:42","guid":{"rendered":"https:\/\/wp.ufpel.edu.br\/computacao\/?page_id=315"},"modified":"2019-05-17T11:36:39","modified_gmt":"2019-05-17T14:36:39","slug":"resolucao-02-2012","status":"publish","type":"page","link":"https:\/\/wp.ufpel.edu.br\/computacao\/ppgc\/regimento-e-resolucoes\/resolucao-02-2012\/","title":{"rendered":"Resolu\u00e7\u00e3o 02-2012 \u2013 Controle de Presen\u00e7a para Alunos Bolsistas"},"content":{"rendered":"\n<h2 class=\"wp-block-heading\">Resolu\u00e7\u00e3o 02\/2012 \u2013 Controle de Presen\u00e7a para Alunos Bolsistas<\/h2>\n\n\n\n<p>O Colegiado do PPGC-UFPel na sua reuni\u00e3o do dia 2 de mar\u00e7o de 2012 decidiu que:<\/p>\n\n\n\n<ol class=\"wp-block-list\"><li>Alunos que recebem bolsa do PPGC devem registrar sua presen\u00e7a na UFPel em, no m\u00ednimo,&nbsp;quatro dias da semana;<\/li><li>O livro de presen\u00e7as ficar\u00e1 dispon\u00edvel na secretaria do PPGC de segundas a sextas das 8:00h&nbsp;at\u00e9 as 17:00h;<\/li><li>O aluno bolsista deve enviar justificativa de afastamento para o email da secretaria do PPGC&nbsp;e para seu orientador quando n\u00e3o cumprir este requisito semanal de presen\u00e7a;<\/li><li>A justificativa de aus\u00eancia deve ser enviada, preferencialmente, com uma semana de&nbsp;anteced\u00eancia;<\/li><li>A justificativa s\u00f3 ser\u00e1 aceita se e quando o orientador enviar email para a secretaria aprovando o&nbsp;afastamento do aluno;<\/li><li>O n\u00e3o cumprimento desta resolu\u00e7\u00e3o causar\u00e1 a perda da bolsa.<\/li><\/ol>\n","protected":false},"excerpt":{"rendered":"<p>Resolu\u00e7\u00e3o 02\/2012 \u2013 Controle de Presen\u00e7a para Alunos Bolsistas O Colegiado do PPGC-UFPel na sua reuni\u00e3o do dia 2 de mar\u00e7o de 2012 decidiu que: Alunos que recebem bolsa do PPGC devem registrar sua&#46;&#46;&#46;<\/p>\n","protected":false},"author":881,"featured_media":0,"parent":283,"menu_order":0,"comment_status":"closed","ping_status":"closed","template":"","meta":{"jetpack_post_was_ever_published":false,"footnotes":""},"class_list":["post-315","page","type-page","status-publish","hentry"],"jetpack_sharing_enabled":true,"jetpack_shortlink":"https:\/\/wp.me\/PaGhNl-55","_links":{"self":[{"href":"https:\/\/wp.ufpel.edu.br\/computacao\/wp-json\/wp\/v2\/pages\/315","targetHints":{"allow":["GET"]}}],"collection":[{"href":"https:\/\/wp.ufpel.edu.br\/computacao\/wp-json\/wp\/v2\/pages"}],"about":[{"href":"https:\/\/wp.ufpel.edu.br\/computacao\/wp-json\/wp\/v2\/types\/page"}],"author":[{"embeddable":true,"href":"https:\/\/wp.ufpel.edu.br\/computacao\/wp-json\/wp\/v2\/users\/881"}],"replies":[{"embeddable":true,"href":"https:\/\/wp.ufpel.edu.br\/computacao\/wp-json\/wp\/v2\/comments?post=315"}],"version-history":[{"count":2,"href":"https:\/\/wp.ufpel.edu.br\/computacao\/wp-json\/wp\/v2\/pages\/315\/revisions"}],"predecessor-version":[{"id":5212,"href":"https:\/\/wp.ufpel.edu.br\/computacao\/wp-json\/wp\/v2\/pages\/315\/revisions\/5212"}],"up":[{"embeddable":true,"href":"https:\/\/wp.ufpel.edu.br\/computacao\/wp-json\/wp\/v2\/pages\/283"}],"wp:attachment":[{"href":"https:\/\/wp.ufpel.edu.br\/computacao\/wp-json\/wp\/v2\/media?parent=315"}],"curies":[{"name":"wp","href":"https:\/\/api.w.org\/{rel}","templated":true}]}}