{"id":283,"date":"2019-02-23T21:16:51","date_gmt":"2019-02-24T00:16:51","guid":{"rendered":"https:\/\/wp.ufpel.edu.br\/computacao\/?page_id=283"},"modified":"2025-05-21T10:39:21","modified_gmt":"2025-05-21T13:39:21","slug":"regimento-e-resolucoes","status":"publish","type":"page","link":"https:\/\/wp.ufpel.edu.br\/computacao\/ppgc\/regimento-e-resolucoes\/","title":{"rendered":"Regimento, Resolu\u00e7\u00f5es e Planejamento Estrat\u00e9gico"},"content":{"rendered":"\n<p><strong>Regimento Interno<\/strong><\/p>\n\n\n\n<ul class=\"wp-block-list\">\n<li><a rel=\"noreferrer noopener\" href=\"https:\/\/wp.ufpel.edu.br\/computacao\/files\/2020\/12\/Regimento-PPGC-2020.pdf\" target=\"_blank\">Regimento 2020<\/a><\/li>\n\n\n\n<li><a rel=\"noreferrer noopener\" href=\"https:\/\/wp.ufpel.edu.br\/computacao\/files\/2019\/02\/Regimento-PPGC-2015.pdf\" target=\"_blank\"><span class=\"has-inline-color has-cyan-bluish-gray-color\">Regimento 2015<\/span><\/a><\/li>\n<\/ul>\n\n\n\n<p><strong>Planejamento Estrat\u00e9gico<\/strong><\/p>\n\n\n\n<ul class=\"wp-block-list\">\n<li><a href=\"https:\/\/wp.ufpel.edu.br\/computacao\/files\/2025\/05\/Planejamento-Estrategico-PPGC-UFPel-2025-2028.pdf\">Planejamento Estrat\u00e9gico 2025-2028<\/a><\/li>\n\n\n\n<li><a href=\"https:\/\/wp.ufpel.edu.br\/computacao\/files\/2021\/09\/PLANEJAMENTO-ESTRATEGICO-PPGC-UFPel_-2019-a-2024.pdf\" target=\"_blank\" rel=\"noreferrer noopener\"><mark style=\"background-color:rgba(0, 0, 0, 0)\" class=\"has-inline-color has-cyan-bluish-gray-color\">Planejamento Estrat\u00e9gico 2019-2024<\/mark><\/a><\/li>\n<\/ul>\n\n\n\n<p><strong>Resolu\u00e7\u00f5es em vigor<\/strong><\/p>\n\n\n\n<ul class=\"wp-block-list\">\n<li><a href=\"https:\/\/wp.ufpel.edu.br\/computacao\/files\/2024\/02\/SEI_UFPel-2521018-Resolucao-01-2024-1.pdf\">01\/2024 &#8211; Normas para aloca\u00e7\u00e3o e manuten\u00e7\u00e3o de bolsas<\/a><\/li>\n\n\n\n<li><a href=\"https:\/\/wp.ufpel.edu.br\/computacao\/files\/2023\/11\/SEI_UFPel-2428375-Resolucao-01-2023.pdf\" target=\"_blank\" rel=\"noreferrer noopener\">01\/2023 &#8211; Normas para concess\u00e3o de cr\u00e9ditos ao cumprimento de Atividades Complementares<\/a><\/li>\n\n\n\n<li><a href=\"https:\/\/wp.ufpel.edu.br\/computacao\/files\/2023\/11\/SEI_UFPel-2428420-Resolucao-02-2023.pdf\" target=\"_blank\" rel=\"noreferrer noopener\">02\/2023 &#8211; Regulamenta a produ\u00e7\u00e3o m\u00ednima para solicitar Defesa de Tese de Doutorado<\/a><\/li>\n\n\n\n<li><a href=\"https:\/\/wp.ufpel.edu.br\/computacao\/files\/2021\/05\/SEI_UFPel-1280645-Resolucao-01-2021-Pontuacao.pdf\">01\/2021 &#8211; Normas para a pontua\u00e7\u00e3o da produ\u00e7\u00e3o docente no processo de autoavalia\u00e7\u00e3o<\/a><\/li>\n\n\n\n<li><a href=\"https:\/\/wp.ufpel.edu.br\/computacao\/files\/2021\/05\/SEI_UFPel-1281052-Resolucao-02-2021-Credenciamento.pdf\">02\/2021 &#8211; Normas para credenciamento, habilita\u00e7\u00e3o, descredenciamento, recredenciamento e licenciamento de docentes<\/a><\/li>\n\n\n\n<li><a rel=\"noreferrer noopener\" href=\"https:\/\/wp.ufpel.edu.br\/computacao\/files\/2020\/12\/SEI_UFPel-1142445-Resolucao-Aproveitamentos.pdf\" target=\"_blank\">02\/2020 &#8211; Normas que regem os pedidos de aproveitamento de cr\u00e9ditos e equival\u00eancia de disciplinas<\/a><\/li>\n\n\n\n<li><a rel=\"noreferrer noopener\" href=\"https:\/\/wp.ufpel.edu.br\/computacao\/files\/2021\/01\/SEI_UFPel-1174360-Resolucao_Proficiencia.pdf\" target=\"_blank\">03\/2020 &#8211; Normas que regem o cumprimento do requisito de profici\u00eancia em l\u00edngua inglesa<\/a><\/li>\n\n\n\n<li><a rel=\"noreferrer noopener\" href=\"https:\/\/wp.ufpel.edu.br\/computacao\/files\/2021\/01\/SEI_UFPel-1174370-Resolucao_ExameQualificacao.pdf\" target=\"_blank\">04\/2020 &#8211; Normas para a realiza\u00e7\u00e3o do exame de qualifica\u00e7\u00e3o de doutorado<\/a><\/li>\n\n\n\n<li><a rel=\"noreferrer noopener\" href=\"https:\/\/wp.ufpel.edu.br\/computacao\/files\/2020\/12\/SEI_UFPel-1142549-Resolucao-Seminario-de-Andamento.pdf\" target=\"_blank\">05\/2020 &#8211; Normas para a realiza\u00e7\u00e3o do semin\u00e1rio de andamento<\/a><\/li>\n\n\n\n<li><a rel=\"noreferrer noopener\" href=\"https:\/\/wp.ufpel.edu.br\/computacao\/files\/2020\/12\/SEI_UFPel-1142575-Resolucao-Proposta-de-Dissertacao.pdf\" target=\"_blank\">06\/2020 &#8211; Normas para a apresenta\u00e7\u00e3o da proposta de disserta\u00e7\u00e3o<\/a><\/li>\n\n\n\n<li><a rel=\"noreferrer noopener\" href=\"https:\/\/wp.ufpel.edu.br\/computacao\/files\/2021\/01\/SEI_UFPel-1148870-Resolucao_TopicosBasicos.pdf\" target=\"_blank\">07\/2020 &#8211; Disciplinas obrigat\u00f3rias para comprova\u00e7\u00e3o de conhecimento nos t\u00f3picos b\u00e1sicos de forma\u00e7\u00e3o em computa\u00e7\u00e3o<\/a><\/li>\n\n\n\n<li><a rel=\"noreferrer noopener\" href=\"https:\/\/wp.ufpel.edu.br\/computacao\/files\/2019\/05\/Resoluc%CC%A7a%CC%83o-002-2017-Regulamentac%CC%A7a%CC%83o-das-Disciplinas-de-Projeto-de-Pesquisa-em-Computac%CC%A7a%CC%83o.pdf\" target=\"_blank\">02\/2017 &#8211; Regulamenta\u00e7\u00e3o das disciplinas de projeto de pesquisa em computa\u00e7\u00e3o<\/a><\/li>\n\n\n\n<li><a rel=\"noreferrer noopener\" href=\"https:\/\/wp.ufpel.edu.br\/computacao\/files\/2019\/02\/Resolucao001-2017-EstagioDocencia.pdf\" target=\"_blank\">01\/2017 &#8211; Normas para condu\u00e7\u00e3o do est\u00e1gio doc\u00eancia<\/a><\/li>\n<\/ul>\n\n\n\n<p><strong>Resolu\u00e7\u00f5es revogadas<\/strong><\/p>\n\n\n\n<ul class=\"wp-block-list has-cyan-bluish-gray-color has-text-color\">\n<li><a rel=\"noreferrer noopener\" href=\"https:\/\/wp.ufpel.edu.br\/computacao\/files\/2022\/02\/SEI_UFPel-1579567-Resolucao-01-2022.pdf\" target=\"_blank\"><span class=\"has-inline-color has-cyan-bluish-gray-color\">Resolu\u00e7\u00e3o 01\/2022 &#8211; Normas para aloca\u00e7\u00e3o e manuten\u00e7\u00e3o de bolsas<\/span><\/a><\/li>\n\n\n\n<li><a href=\"https:\/\/wp.ufpel.edu.br\/computacao\/files\/2020\/12\/SEI_UFPel-1117386-Resolucao-bolsas-1.pdf\"><mark style=\"background-color:rgba(0, 0, 0, 0)\" class=\"has-inline-color has-cyan-bluish-gray-color\">Resolu\u00e7\u00e3o 01\/2020 &#8211; Normas para aloca\u00e7\u00e3o e manuten\u00e7\u00e3o de bolsas<\/mark><\/a><\/li>\n\n\n\n<li><a rel=\"noreferrer noopener\" href=\"https:\/\/wp.ufpel.edu.br\/computacao\/ppgc\/regimento-e-resolucoes\/resolucao-03-2019-aprova-as-normas-para-alocac%cc%a7a%cc%83o-e-manutenc%cc%a7a%cc%83o-de-bolsas-de-mestrado-e-doutorado-para-discentes-do-ppgc\/\" target=\"_blank\"><span class=\"has-inline-color has-cyan-bluish-gray-color\">Resolu\u00e7\u00e3o 03-2019 &#8211; Aprova as normas para aloca\u00e7\u00e3o e manuten\u00e7\u00e3o de bolsas de Mestrado e Doutorado para discentes do PPGC<\/span><\/a><\/li>\n\n\n\n<li><a href=\"https:\/\/wp.ufpel.edu.br\/computacao\/ppgc\/regimento-e-resolucoes\/resolucao-02-2019-retirada-do-requisito-de-formac%cc%a7a%cc%83o-seminario-de-andamento-para-alunos-de-doutorado\/\"><span style=\"background-color:rgba(0, 0, 0, 0)\" class=\"has-inline-color has-cyan-bluish-gray-color\">Resolu\u00e7\u00e3o 02-2019 &#8211; Retirada do requisito de forma\u00e7\u00e3o \u201cSemin\u00e1rio de Andamento\u201d para alunos de doutorado<\/span><\/a><\/li>\n\n\n\n<li><a href=\"https:\/\/wp.ufpel.edu.br\/computacao\/files\/2019\/06\/SEI_UFPel-0562401-Resolu%C3%A7%C3%A3o.pdf\"><mark style=\"background-color:rgba(0, 0, 0, 0)\" class=\"has-inline-color has-cyan-bluish-gray-color\">Resolu\u00e7\u00e3o 01\/2019 &#8211; Regulamenta a produ\u00e7\u00e3o m\u00ednima para solicitar defesa de tese de doutorado<\/mark><\/a><\/li>\n\n\n\n<li><a href=\"https:\/\/wp.ufpel.edu.br\/computacao\/ppgc\/regimento-e-resolucoes\/resolucao-07-2018\/\"><span class=\"has-inline-color has-cyan-bluish-gray-color\">Resolu\u00e7\u00e3o 07-2018 &#8211; Retirada do requisito de forma\u00e7\u00e3o \u201cSemin\u00e1rio de Andamento\u201d para alunos de doutorado com ingresso em 2015\/2 e 2016\/1<\/span><\/a><\/li>\n\n\n\n<li><a href=\"https:\/\/wp.ufpel.edu.br\/computacao\/ppgc\/regimento-e-resolucoes\/resolucao-06-2018\/\"><span class=\"has-inline-color has-cyan-bluish-gray-color\">Resolu\u00e7\u00e3o 06-2018 \u2013 Disp\u00f5e sobre a elegibilidade de disciplinas para pedidos de Aproveitamento ou Equival\u00eancia<\/span><\/a><\/li>\n\n\n\n<li><a href=\"https:\/\/wp.ufpel.edu.br\/computacao\/ppgc\/regimento-e-resolucoes\/resolucao-005-2018\/\"><span class=\"has-inline-color has-cyan-bluish-gray-color\">Resolu\u00e7\u00e3o 05-2018 &#8211; Disp\u00f5e sobre T\u00f3picos B\u00e1sicos e Disciplinas de Forma\u00e7\u00e3o B\u00e1sica para obten\u00e7\u00e3o do T\u00edtulo de Mestre ou Doutor em Ci\u00eancia da Computa\u00e7\u00e3o<\/span><\/a><\/li>\n\n\n\n<li><a href=\"https:\/\/wp.ufpel.edu.br\/computacao\/ppgc\/regimento-e-resolucoes\/resolucao-04-2018\/\"><span class=\"has-inline-color has-cyan-bluish-gray-color\">Resolu\u00e7\u00e3o 04-2018 \u2013 Disp\u00f5e sobre Aproveitamentos e Equival\u00eancias de Disciplinas de Forma\u00e7\u00e3o B\u00e1sica<\/span><\/a><\/li>\n\n\n\n<li><a href=\"https:\/\/wp.ufpel.edu.br\/computacao\/ppgc\/regimento-e-resolucoes\/resolucao-03-2018\/\"><span class=\"has-inline-color has-cyan-bluish-gray-color\">Resolu\u00e7\u00e3o 03-2018 \u2013 Disp\u00f5e sobre a elegibilidade na obten\u00e7\u00e3o de cr\u00e9ditos em disciplinas de Forma\u00e7\u00e3o B\u00e1sica<\/span><\/a><\/li>\n\n\n\n<li><a href=\"https:\/\/wp.ufpel.edu.br\/computacao\/ppgc\/regimento-e-resolucoes\/resolucao-02-2018\/\"><span class=\"has-inline-color has-cyan-bluish-gray-color\">Resolu\u00e7\u00e3o 02-2018 \u2013 Disp\u00f5e sobre o Art. 45 do Regimento Interno<\/span><\/a><\/li>\n\n\n\n<li><a href=\"https:\/\/wp.ufpel.edu.br\/computacao\/ppgc\/regimento-e-resolucoes\/resolucao-01-2018\/\"><span class=\"has-inline-color has-cyan-bluish-gray-color\">Resolu\u00e7\u00e3o 01-2018 \u2013 Crit\u00e9rios para Distribui\u00e7\u00e3o de Bolsas<\/span><\/a><\/li>\n\n\n\n<li><a href=\"https:\/\/wp.ufpel.edu.br\/computacao\/ppgc\/regimento-e-resolucoes\/resolucao-02-2017\/\"><span class=\"has-inline-color has-cyan-bluish-gray-color\">Resolu\u00e7\u00e3o 03-2017 \u2013 Normas para Apresenta\u00e7\u00e3o de Proposta de Tese<\/span><\/a><\/li>\n\n\n\n<li><a href=\"https:\/\/wp.ufpel.edu.br\/computacao\/ppgc\/regimento-e-resolucoes\/resolucao-03-2016\/\"><span style=\"background-color:rgba(0, 0, 0, 0)\" class=\"has-inline-color has-cyan-bluish-gray-color\">Resolu\u00e7\u00e3o 03-2016 \u2013 Crit\u00e9rios para Distribui\u00e7\u00e3o de Bolsas<\/span><\/a><\/li>\n\n\n\n<li><a href=\"https:\/\/wp.ufpel.edu.br\/computacao\/ppgc\/regimento-e-resolucoes\/resolucao-02-2016\/\"><mark style=\"background-color:rgba(0, 0, 0, 0)\" class=\"has-inline-color has-cyan-bluish-gray-color\">Resolu\u00e7\u00e3o 02\/2016 \u2013 Atividades Complementares<\/mark><\/a><\/li>\n\n\n\n<li><a href=\"https:\/\/wp.ufpel.edu.br\/computacao\/ppgc\/regimento-e-resolucoes\/resolucao-01-2016\/\"><span class=\"has-inline-color has-cyan-bluish-gray-color\">Resolu\u00e7\u00e3o 01-2016 \u2013 Exame de Qualifica\u00e7\u00e3o<\/span><\/a><\/li>\n\n\n\n<li><a href=\"https:\/\/wp.ufpel.edu.br\/computacao\/ppgc\/regimento-e-resolucoes\/portaria-03-2016\/\"><span class=\"has-inline-color has-cyan-bluish-gray-color\">Portaria 03-2016 \u2013 Crit\u00e9rios Adicionais de Desempate para Distribui\u00e7\u00e3o de Bolsas de Mestrado<\/span><\/a><\/li>\n\n\n\n<li><a href=\"https:\/\/wp.ufpel.edu.br\/computacao\/ppgc\/regimento-e-resolucoes\/portaria-02-2016\/\"><span class=\"has-inline-color has-cyan-bluish-gray-color\">Portaria 02-2016 \u2013 Distribui\u00e7\u00e3o de Bolsas de Mestrado em 2016<\/span><\/a><\/li>\n\n\n\n<li><a href=\"https:\/\/wp.ufpel.edu.br\/computacao\/ppgc\/regimento-e-resolucoes\/portaria-01-2016\/\"><span class=\"has-inline-color has-cyan-bluish-gray-color\">Portaria 01-2016 \u2013 Crit\u00e9rios para classifica\u00e7\u00e3o dos candidatos \u00e0s quotas de bolsas de Doutorado<\/span><\/a><\/li>\n\n\n\n<li><a href=\"https:\/\/wp.ufpel.edu.br\/computacao\/ppgc\/regimento-e-resolucoes\/portaria-02-2014\/\"><span class=\"has-inline-color has-cyan-bluish-gray-color\">Portaria 02-2014 \u2013 Crit\u00e9rios para classifica\u00e7\u00e3o dos candidatos \u00e0s quotas de bolsas do Programa<\/span><\/a><\/li>\n\n\n\n<li><a href=\"https:\/\/wp.ufpel.edu.br\/computacao\/ppgc\/regimento-e-resolucoes\/portaria-01-2014\/\"><span class=\"has-inline-color has-cyan-bluish-gray-color\">Portaria 01-2014 \u2013 Crit\u00e9rios de Credenciamento de Novos Docentes<\/span><\/a><\/li>\n\n\n\n<li><a href=\"https:\/\/wp.ufpel.edu.br\/computacao\/ppgc\/regimento-e-resolucoes\/portaria-08-2013\/\"><span class=\"has-inline-color has-cyan-bluish-gray-color\">Portaria 08-2013 \u2013 Crit\u00e9rios para classifica\u00e7\u00e3o dos candidatos \u00e0s quotas de bolsas do Programa<\/span><\/a><\/li>\n\n\n\n<li><a href=\"https:\/\/wp.ufpel.edu.br\/computacao\/ppgc\/regimento-e-resolucoes\/portaria-07-2013\/\"><span class=\"has-inline-color has-cyan-bluish-gray-color\">Portaria 07-2013 \u2013 Manuten\u00e7\u00e3o de bolsa por alunos que assumem v\u00ednculo empregat\u00edcio<\/span><\/a><\/li>\n\n\n\n<li><a href=\"https:\/\/wp.ufpel.edu.br\/computacao\/ppgc\/regimento-e-resolucoes\/portaria-06-2013\/\"><span class=\"has-inline-color has-cyan-bluish-gray-color\">Portaria 06-2013 \u2013 Crit\u00e9rios de desempenho de alunos bolsistas<\/span><\/a><\/li>\n\n\n\n<li><a href=\"https:\/\/wp.ufpel.edu.br\/computacao\/ppgc\/regimento-e-resolucoes\/portaria-05-2013\/\"><span class=\"has-inline-color has-cyan-bluish-gray-color\">Portaria 05-2013 \u2013 Elegibilidade para se candidatar a bolsas<\/span><\/a><\/li>\n\n\n\n<li><a href=\"https:\/\/wp.ufpel.edu.br\/computacao\/ppgc\/regimento-e-resolucoes\/portaria-04-2013\/\"><span class=\"has-inline-color has-cyan-bluish-gray-color\">Portaria 04-2013 \u2013 Acompanhamento de Presen\u00e7a de Bolsistas<\/span><\/a><\/li>\n\n\n\n<li><a href=\"https:\/\/wp.ufpel.edu.br\/computacao\/ppgc\/regimento-e-resolucoes\/resolucao-04-2012\/\"><span class=\"has-inline-color has-cyan-bluish-gray-color\">Resolu\u00e7\u00e3o 04-2012 \u2013 Dispensa de Doc\u00eancia Orientada<\/span><\/a><\/li>\n\n\n\n<li><a href=\"https:\/\/wp.ufpel.edu.br\/computacao\/ppgc\/regimento-e-resolucoes\/resolucao-03-2012\/\"><span class=\"has-inline-color has-cyan-bluish-gray-color\">Resolu\u00e7\u00e3o 03-2012 \u2013 Profici\u00eancia em L\u00edngua Inglesa<\/span><\/a><\/li>\n\n\n\n<li><a href=\"https:\/\/wp.ufpel.edu.br\/computacao\/ppgc\/regimento-e-resolucoes\/resolucao-02-2012\/\"><span class=\"has-inline-color has-cyan-bluish-gray-color\">Resolu\u00e7\u00e3o 02-2012 \u2013 Controle de Presen\u00e7a para Alunos Bolsistas<\/span><\/a><\/li>\n\n\n\n<li><a href=\"https:\/\/wp.ufpel.edu.br\/computacao\/ppgc\/regimento-e-resolucoes\/resolucao-01-2012\/\"><span class=\"has-inline-color has-cyan-bluish-gray-color\">Resolu\u00e7\u00e3o 01-2012 \u2013 Reaproveitamento de Cr\u00e9ditos<\/span><\/a><\/li>\n<\/ul>\n","protected":false},"excerpt":{"rendered":"<p>Regimento Interno Planejamento Estrat\u00e9gico Resolu\u00e7\u00f5es em vigor Resolu\u00e7\u00f5es revogadas<\/p>\n","protected":false},"author":881,"featured_media":0,"parent":118,"menu_order":0,"comment_status":"closed","ping_status":"closed","template":"","meta":{"jetpack_post_was_ever_published":false,"footnotes":""},"class_list":["post-283","page","type-page","status-publish","hentry"],"jetpack_sharing_enabled":true,"jetpack_shortlink":"https:\/\/wp.me\/PaGhNl-4z","_links":{"self":[{"href":"https:\/\/wp.ufpel.edu.br\/computacao\/wp-json\/wp\/v2\/pages\/283","targetHints":{"allow":["GET"]}}],"collection":[{"href":"https:\/\/wp.ufpel.edu.br\/computacao\/wp-json\/wp\/v2\/pages"}],"about":[{"href":"https:\/\/wp.ufpel.edu.br\/computacao\/wp-json\/wp\/v2\/types\/page"}],"author":[{"embeddable":true,"href":"https:\/\/wp.ufpel.edu.br\/computacao\/wp-json\/wp\/v2\/users\/881"}],"replies":[{"embeddable":true,"href":"https:\/\/wp.ufpel.edu.br\/computacao\/wp-json\/wp\/v2\/comments?post=283"}],"version-history":[{"count":44,"href":"https:\/\/wp.ufpel.edu.br\/computacao\/wp-json\/wp\/v2\/pages\/283\/revisions"}],"predecessor-version":[{"id":8511,"href":"https:\/\/wp.ufpel.edu.br\/computacao\/wp-json\/wp\/v2\/pages\/283\/revisions\/8511"}],"up":[{"embeddable":true,"href":"https:\/\/wp.ufpel.edu.br\/computacao\/wp-json\/wp\/v2\/pages\/118"}],"wp:attachment":[{"href":"https:\/\/wp.ufpel.edu.br\/computacao\/wp-json\/wp\/v2\/media?parent=283"}],"curies":[{"name":"wp","href":"https:\/\/api.w.org\/{rel}","templated":true}]}}