{"id":251,"date":"2019-02-14T11:14:11","date_gmt":"2019-02-14T13:14:11","guid":{"rendered":"https:\/\/wp.ufpel.edu.br\/computacao\/?page_id=251"},"modified":"2019-02-14T11:24:15","modified_gmt":"2019-02-14T13:24:15","slug":"proposta-de-curso","status":"publish","type":"page","link":"https:\/\/wp.ufpel.edu.br\/computacao\/engenharia-de-computacao\/proposta-de-curso\/","title":{"rendered":"Proposta de Curso"},"content":{"rendered":"<p>Engenheiros de Computa\u00e7\u00e3o projetam e desenvolvem software, computadores e sistemas digitais com capacidade de programa\u00e7\u00e3o para aplica\u00e7\u00f5es: na automa\u00e7\u00e3o, melhorando a qualidade, aumentando a velocidade e a seguran\u00e7a da produ\u00e7\u00e3o; nos sistemas embarcados; nas comunica\u00e7\u00f5es digitais; em TV Digital, multim\u00eddia e entretenimento digital, como jogos. Dominam conhecimentos em software, hardware, comunica\u00e7\u00f5es e suas intera\u00e7\u00f5es, com princ\u00edpios e m\u00e9todos da engenharia. Coordenam e supervisionam equipes, estudam a viabilidade t\u00e9cnico-econ\u00f4mica, inovam, executam e fiscalizam processos, projetos e servi\u00e7os t\u00e9cnicos e efetuam vistorias, per\u00edcias e avalia\u00e7\u00f5es emitindo laudos e pareceres t\u00e9cnicos. Em todas as suas atividades, consideram aspectos referentes \u00e0 \u00e9tica, seguran\u00e7a, legisla\u00e7\u00e3o e impactos ambientais.<\/p>\n<p>O profissional formado no curso atua na ind\u00fastria de software e de computadores; setores de tecnologia da informa\u00e7\u00e3o, de telecomunica\u00e7\u00e3o, de planejamento e desenvolvimento de infraestrutura tecnol\u00f3gica e de desenvolvimento de software e hardware em institui\u00e7\u00f5es p\u00fablicas e privadas; empresas que utilizam sistemas embarcados (dispositivos que integram software e hardware). Al\u00e9m dessas, o profissional pode atuar de forma independente empreendendo o seu pr\u00f3prio neg\u00f3cio ou como consultor.<\/p>\n<p>Mais informa\u00e7\u00f5es:<\/p>\n<ul>\n<li><a href=\"https:\/\/wp.ufpel.edu.br\/computacao\/files\/2019\/02\/Projeto-Politico-Pedagogico-Engenharia-de-Computac\u0327a\u0303o-UFPel.pdf\">Projeto Pol\u00edtico-Pedag\u00f3gico do curso de Engenharia de Computac\u0327a\u0303o (2016)<\/a><\/li>\n<\/ul>\n","protected":false},"excerpt":{"rendered":"<p>Engenheiros de Computa\u00e7\u00e3o projetam e desenvolvem software, computadores e sistemas digitais com capacidade de programa\u00e7\u00e3o para aplica\u00e7\u00f5es: na automa\u00e7\u00e3o, melhorando a qualidade, aumentando a velocidade e a seguran\u00e7a da produ\u00e7\u00e3o; nos sistemas embarcados; nas&#46;&#46;&#46;<\/p>\n","protected":false},"author":881,"featured_media":0,"parent":241,"menu_order":0,"comment_status":"closed","ping_status":"closed","template":"","meta":{"jetpack_post_was_ever_published":false,"footnotes":""},"class_list":["post-251","page","type-page","status-publish","hentry"],"jetpack_sharing_enabled":true,"jetpack_shortlink":"https:\/\/wp.me\/PaGhNl-43","_links":{"self":[{"href":"https:\/\/wp.ufpel.edu.br\/computacao\/wp-json\/wp\/v2\/pages\/251","targetHints":{"allow":["GET"]}}],"collection":[{"href":"https:\/\/wp.ufpel.edu.br\/computacao\/wp-json\/wp\/v2\/pages"}],"about":[{"href":"https:\/\/wp.ufpel.edu.br\/computacao\/wp-json\/wp\/v2\/types\/page"}],"author":[{"embeddable":true,"href":"https:\/\/wp.ufpel.edu.br\/computacao\/wp-json\/wp\/v2\/users\/881"}],"replies":[{"embeddable":true,"href":"https:\/\/wp.ufpel.edu.br\/computacao\/wp-json\/wp\/v2\/comments?post=251"}],"version-history":[{"count":1,"href":"https:\/\/wp.ufpel.edu.br\/computacao\/wp-json\/wp\/v2\/pages\/251\/revisions"}],"predecessor-version":[{"id":254,"href":"https:\/\/wp.ufpel.edu.br\/computacao\/wp-json\/wp\/v2\/pages\/251\/revisions\/254"}],"up":[{"embeddable":true,"href":"https:\/\/wp.ufpel.edu.br\/computacao\/wp-json\/wp\/v2\/pages\/241"}],"wp:attachment":[{"href":"https:\/\/wp.ufpel.edu.br\/computacao\/wp-json\/wp\/v2\/media?parent=251"}],"curies":[{"name":"wp","href":"https:\/\/api.w.org\/{rel}","templated":true}]}}