{"id":241,"date":"2019-02-14T11:05:29","date_gmt":"2019-02-14T13:05:29","guid":{"rendered":"https:\/\/wp.ufpel.edu.br\/computacao\/?page_id=241"},"modified":"2019-02-24T09:00:32","modified_gmt":"2019-02-24T12:00:32","slug":"engenharia-de-computacao","status":"publish","type":"page","link":"https:\/\/wp.ufpel.edu.br\/computacao\/engenharia-de-computacao\/","title":{"rendered":"Engenharia de Computa\u00e7\u00e3o"},"content":{"rendered":"<p>Proposto em 2009, o curso de gradua\u00e7\u00e3o em Engenharia de Computa\u00e7\u00e3o da UFPel, lotado no Centro de Desenvolvimento Tecnol\u00f3gico,&nbsp;vem ao encontro dos anseios da comunidade por cursos ligados as engenharias e tecnologia. O curso oferece desde 2010 quarenta (40) vagas anuais, no regime semestral, com dura\u00e7\u00e3o m\u00ednima de dez (10) semestres&nbsp;(turno diurno e integral). Enquadra-se de forma geral no perfil proposto pela Sociedade Brasileira de Computa\u00e7\u00e3o, visando \u00e0 forma\u00e7\u00e3o de profissionais capazes de projetar e desenvolver sistemas computacionais (software, computadores e sistemas digitais).<\/p>\n<p>O curso adota uma \u00eanfase em \u00e1reas que exijam uma forte integra\u00e7\u00e3o entre software e hardware, tais como automa\u00e7\u00e3o industrial, arquitetura de computadores, sistemas digitais, s\u00edntese de circuitos, sistemas embarcados, rob\u00f3tica, processamento digital de sinais, processamento paralelo e distribu\u00eddo. Para tanto, enfatiza \u00e1reas como Circuitos El\u00e9tricos e Eletr\u00f4nicos, Eletr\u00f4nica Digital, Microcontroladores e Sistemas Digitais, diferenciando-se, portanto de outros cursos na \u00e1rea de Computa\u00e7\u00e3o, em particular de cursos de gradua\u00e7\u00e3o em Ci\u00eancia da Computa\u00e7\u00e3o, como o atualmente oferecido pela UFPel.<\/p>\n<p>Enfatiza, ainda, \u00e1reas b\u00e1sicas da Engenharia, propiciando uma forma\u00e7\u00e3o substancial em Matem\u00e1tica e F\u00edsica e capacitando o egresso a aplicar conhecimentos de Computa\u00e7\u00e3o em problemas de engenharia. Incentiva atividades de empreendedorismo em empresas ligadas a tecnologia e estimula a criatividade e a capacidade de colocar id\u00e9ias inovadoras em pr\u00e1tica.<\/p>\n<p>Al\u00e9m das disciplinas obrigat\u00f3rias, um leque de disciplinas eletivas ser\u00e1 oferecido ao aluno para preenchimento dos requisitos de cr\u00e9ditos, permitindo diferentes focos em \u00e1reas de conhecimento espec\u00edficas a partir da escolha de um subconjunto destas disciplinas. Adicionalmente, o curso prev\u00ea disciplinas de integra\u00e7\u00e3o do conhecimento, permitindo que alunos interessados coloquem em pr\u00e1tica o conhecimento adquirido na forma de um projeto aplicado.<\/p>\n<p>Desta forma, o curso oferece uma s\u00f3lida forma\u00e7\u00e3o em Engenharia associada a \u00e1reas de software e hardware, bem como a integra\u00e7\u00e3o entre estas.<\/p>\n","protected":false},"excerpt":{"rendered":"<p>Proposto em 2009, o curso de gradua\u00e7\u00e3o em Engenharia de Computa\u00e7\u00e3o da UFPel, lotado no Centro de Desenvolvimento Tecnol\u00f3gico,&nbsp;vem ao encontro dos anseios da comunidade por cursos ligados as engenharias e tecnologia. O curso&#46;&#46;&#46;<\/p>\n","protected":false},"author":881,"featured_media":0,"parent":0,"menu_order":0,"comment_status":"closed","ping_status":"closed","template":"","meta":{"jetpack_post_was_ever_published":false,"footnotes":""},"class_list":["post-241","page","type-page","status-publish","hentry"],"jetpack_sharing_enabled":true,"jetpack_shortlink":"https:\/\/wp.me\/PaGhNl-3T","_links":{"self":[{"href":"https:\/\/wp.ufpel.edu.br\/computacao\/wp-json\/wp\/v2\/pages\/241","targetHints":{"allow":["GET"]}}],"collection":[{"href":"https:\/\/wp.ufpel.edu.br\/computacao\/wp-json\/wp\/v2\/pages"}],"about":[{"href":"https:\/\/wp.ufpel.edu.br\/computacao\/wp-json\/wp\/v2\/types\/page"}],"author":[{"embeddable":true,"href":"https:\/\/wp.ufpel.edu.br\/computacao\/wp-json\/wp\/v2\/users\/881"}],"replies":[{"embeddable":true,"href":"https:\/\/wp.ufpel.edu.br\/computacao\/wp-json\/wp\/v2\/comments?post=241"}],"version-history":[{"count":2,"href":"https:\/\/wp.ufpel.edu.br\/computacao\/wp-json\/wp\/v2\/pages\/241\/revisions"}],"predecessor-version":[{"id":416,"href":"https:\/\/wp.ufpel.edu.br\/computacao\/wp-json\/wp\/v2\/pages\/241\/revisions\/416"}],"wp:attachment":[{"href":"https:\/\/wp.ufpel.edu.br\/computacao\/wp-json\/wp\/v2\/media?parent=241"}],"curies":[{"name":"wp","href":"https:\/\/api.w.org\/{rel}","templated":true}]}}