{"id":237,"date":"2019-02-11T21:33:45","date_gmt":"2019-02-11T23:33:45","guid":{"rendered":"https:\/\/wp.ufpel.edu.br\/computacao\/?page_id=237"},"modified":"2026-03-23T16:06:27","modified_gmt":"2026-03-23T19:06:27","slug":"localizacao-e-contato","status":"publish","type":"page","link":"https:\/\/wp.ufpel.edu.br\/computacao\/ciencia-da-computacao\/localizacao-e-contato\/","title":{"rendered":"Localiza\u00e7\u00e3o e Contato"},"content":{"rendered":"\n<p><strong>Contatos<\/strong><\/p>\n\n\n\n<ul class=\"wp-block-list\">\n<li>Secretaria da Ci\u00eancia da Computa\u00e7\u00e3o:\n<ul class=\"wp-block-list\">\n<li><a href=\"mailto:secretaria-ccomp@inf.ufpel.edu.br\">secretaria-ccomp@inf.ufpel.edu.br<\/a><\/li>\n\n\n\n<li>(53) 3284-3860<\/li>\n\n\n\n<li>Sala 312B<\/li>\n<\/ul>\n<\/li>\n\n\n\n<li>Secretaria da Engenharia de Computa\u00e7\u00e3o:\n<ul class=\"wp-block-list\">\n<li><a href=\"mailto:secretaria-engcomp@inf.ufpel.edu.br\">secretaria-engcomp@inf.ufpel.edu.br<\/a> <\/li>\n\n\n\n<li>(53) 3284-3860<\/li>\n\n\n\n<li>Sala 312B<\/li>\n<\/ul>\n<\/li>\n\n\n\n<li>Secretaria da P\u00f3s-Gradua\u00e7\u00e3o em Computa\u00e7\u00e3o: <ul><li><a href=\"mailto:secretaria-ppgc@inf.ufpel.edu.br\">secretaria-ppgc@inf.ufpel.edu.br<\/a><\/li><\/ul>\n<ul class=\"wp-block-list\">\n<li>(53) 3284-3860<\/li>\n\n\n\n<li>Sala 312B<\/li>\n<\/ul>\n<\/li>\n\n\n\n<li>Est\u00e1gio:\n<ul class=\"wp-block-list\">\n<li>Ci\u00eancia da Computa\u00e7\u00e3o: <a href=\"mailto:estagiosccomp@inf.ufpel.edu.br\">estagiosccomp@inf.ufpel.edu.br<\/a><\/li>\n\n\n\n<li>Engenharia de Computa\u00e7\u00e3o: <a href=\"mailto:estagiosengcomp@inf.ufpel.edu.br\">estagiosengcomp@inf.ufpel.edu.br<\/a><\/li>\n<\/ul>\n<\/li>\n<\/ul>\n\n\n\n<p><\/p>\n\n\n\n<p><\/p>\n\n\n\n<p><\/p>\n\n\n\n<ul class=\"wp-block-list\">\n<li>Coordena\u00e7\u00e3o:\n<ul class=\"wp-block-list\">\n<li>Ci\u00eancia da Computa\u00e7\u00e3o: \n<ul class=\"wp-block-list\">\n<li>Guilherme Tomaschewski Netto<\/li>\n\n\n\n<li><a href=\"mailto:coord_ccomp@inf.ufpel.edu.br\">coord_ccomp@inf.ufpel.edu.br<\/a><\/li>\n<\/ul>\n<\/li>\n\n\n\n<li>Engenharia de Computa\u00e7\u00e3o: \n<ul class=\"wp-block-list\">\n<li>Marcelo Schiavon Porto<\/li>\n\n\n\n<li><a href=\"mailto:coord_engcomp@inf.ufpel.edu.br\">coord_engcomp@inf.ufpel.edu.br<\/a><\/li>\n<\/ul>\n<\/li>\n\n\n\n<li>P\u00f3s-Gradua\u00e7\u00e3o: \n<ul class=\"wp-block-list\">\n<li>Andr\u00e9 Rauber DuBois<\/li>\n\n\n\n<li><a href=\"mailto:ppgc@inf.ufpel.edu.br\">ppgc@inf.ufpel.edu.br<\/a><\/li>\n<\/ul>\n<\/li>\n<\/ul>\n<\/li>\n<\/ul>\n\n\n\n<p><strong>Localiza\u00e7\u00e3o<\/strong><\/p>\n\n\n\n<p>Computa\u00e7\u00e3o<br>Centro de Desenvolvimento Tecnol\u00f3gico<br>Universidade Federal de Pelotas<br>Campus Anglo, Sala 312B<br>Rua Gomes Carneiro, 1.<br>Centro<br>CEP 96010-610<br>Pelotas, RS &#8211; Brasil<\/p>\n","protected":false},"excerpt":{"rendered":"<p>Contatos Localiza\u00e7\u00e3o<\/p>\n","protected":false},"author":881,"featured_media":0,"parent":181,"menu_order":0,"comment_status":"closed","ping_status":"closed","template":"","meta":{"jetpack_post_was_ever_published":false,"footnotes":""},"class_list":["post-237","page","type-page","status-publish","hentry"],"jetpack_sharing_enabled":true,"jetpack_shortlink":"https:\/\/wp.me\/PaGhNl-3P","_links":{"self":[{"href":"https:\/\/wp.ufpel.edu.br\/computacao\/wp-json\/wp\/v2\/pages\/237","targetHints":{"allow":["GET"]}}],"collection":[{"href":"https:\/\/wp.ufpel.edu.br\/computacao\/wp-json\/wp\/v2\/pages"}],"about":[{"href":"https:\/\/wp.ufpel.edu.br\/computacao\/wp-json\/wp\/v2\/types\/page"}],"author":[{"embeddable":true,"href":"https:\/\/wp.ufpel.edu.br\/computacao\/wp-json\/wp\/v2\/users\/881"}],"replies":[{"embeddable":true,"href":"https:\/\/wp.ufpel.edu.br\/computacao\/wp-json\/wp\/v2\/comments?post=237"}],"version-history":[{"count":2,"href":"https:\/\/wp.ufpel.edu.br\/computacao\/wp-json\/wp\/v2\/pages\/237\/revisions"}],"predecessor-version":[{"id":278,"href":"https:\/\/wp.ufpel.edu.br\/computacao\/wp-json\/wp\/v2\/pages\/237\/revisions\/278"}],"up":[{"embeddable":true,"href":"https:\/\/wp.ufpel.edu.br\/computacao\/wp-json\/wp\/v2\/pages\/181"}],"wp:attachment":[{"href":"https:\/\/wp.ufpel.edu.br\/computacao\/wp-json\/wp\/v2\/media?parent=237"}],"curies":[{"name":"wp","href":"https:\/\/api.w.org\/{rel}","templated":true}]}}