{"id":214,"date":"2019-02-08T11:34:42","date_gmt":"2019-02-08T13:34:42","guid":{"rendered":"https:\/\/wp.ufpel.edu.br\/computacao\/?page_id=214"},"modified":"2019-02-08T11:37:46","modified_gmt":"2019-02-08T13:37:46","slug":"proposta-de-curso","status":"publish","type":"page","link":"https:\/\/wp.ufpel.edu.br\/computacao\/ciencia-da-computacao\/proposta-de-curso\/","title":{"rendered":"Proposta de Curso"},"content":{"rendered":"<p>O Curso de Bacharelado em Ci\u00eancia da Computa\u00e7\u00e3o est\u00e1 vinculado ao Centro de Desenvolvimento Tecnol\u00f3gico da UFPel. Criado em 1992, iniciou suas atividades com o nome de Bacharelado em Inform\u00e1tica em 1994, tendo recebido a atual denomina\u00e7\u00e3o em 2001. O curso foi reconhecido junto ao MEC, conforme a Portaria 2.159, de 22 de dezembro de 2000. No final de 2007, o Curso foi avaliado pelo MEC\/INEP tendo recebido conceito 4 (de um m\u00e1ximo de 5).<\/p>\n<p><strong>Objetivos<\/strong><br \/>\nO objetivo do curso \u00e9 preparar profissionais de n\u00edvel superior capacitados a utilizar as modernas tecnologias da \u00e1rea de inform\u00e1tica e interagir com as demais \u00e1reas na orienta\u00e7\u00e3o sobre a melhor aplica\u00e7\u00e3o destas tecnologias. Al\u00e9m de fornecer ao estudante uma forte base cient\u00edfica, o que o habilita a continuar estudos avan\u00e7ados em n\u00edvel de p\u00f3s-gradua\u00e7\u00e3o, pretende, tamb\u00e9m prepar\u00e1-lo, realisticamente, para o mercado de trabalho regional e nacional.<\/p>\n<p><strong>Titula\u00e7\u00e3o<\/strong><br \/>\nBacharel em Ci\u00eancia da Computa\u00e7\u00e3o.<\/p>\n<p><strong>Dura\u00e7\u00e3o do Curso<\/strong><br \/>\nM\u00ednima: 8 Semestres;<br \/>\nNormal: 10 Semestres.<\/p>\n<p><strong>Perfil<\/strong><br \/>\nO profissional formado pelo Curso de Bacharelado em Ci\u00eancia da Computa\u00e7\u00e3o da UFPel estar\u00e1 capacitado a contribuir para a evolu\u00e7\u00e3o do conhecimento cient\u00edfico e tecnol\u00f3gico, sempre pautado pelos princ\u00edpios \u00e9ticos que regem a sociedade e, mais especificamente, a \u00e1rea de computa\u00e7\u00e3o. As atividades do profissional formado pelo Curso englobam: (a) a investiga\u00e7\u00e3o e desenvolvimento de conhecimento te\u00f3rico na \u00e1rea de computa\u00e7\u00e3o; (b) a an\u00e1lise e modelagem de problemas do ponto de vista computacional; e (c) o projeto e implementa\u00e7\u00e3o de sistemas de computa\u00e7\u00e3o.<\/p>\n<p>Assim, espera-se que os egressos, de acordo com a especificidade de forma\u00e7\u00e3o escolhida, tenham as seguintes habilidades e capacidades:<\/p>\n<ul>\n<li>Possuir uma s\u00f3lida base te\u00f3rica, que permita entender os principais conceitos da ci\u00eancia da computa\u00e7\u00e3o e assimilar as novas tecnologias, mantendo-se atualizado frente \u00e0 evolu\u00e7\u00e3o tecnol\u00f3gica da \u00e1rea e aplicando-os na solu\u00e7\u00e3o de problemas, sejam relacionados com os fundamentos ou com as aplica\u00e7\u00f5es da computa\u00e7\u00e3o;<\/li>\n<li>Participar do desenvolvimento de novas tecnologias, utilizando diferentes fontes de informa\u00e7\u00e3o e variados recursos tecnol\u00f3gicos;<\/li>\n<li>Contribuir com projetos de pesquisa para a constru\u00e7\u00e3o de novos conhecimentos cient\u00edficos, sempre avaliando os seus impactos para a sociedade;<\/li>\n<li>Aplicar seus conhecimentos de forma independente e inovadora, acompanhando a evolu\u00e7\u00e3o da \u00e1rea;<\/li>\n<li>Ser um empreendedor, possibilitando a gera\u00e7\u00e3o de novas iniciativas propulsoras do desenvolvimento individual e coletivo, na comunidade em que vive;<\/li>\n<li>Ser capaz de projetar e implementar sistemas de computa\u00e7\u00e3o complexos usando conhecimentos adquiridos no Curso e conhecimentos obtidos atrav\u00e9s da cont\u00ednua e necess\u00e1ria atualiza\u00e7\u00e3o profissional;<\/li>\n<li>Ser capaz de modelar e especificar os problemas do mundo real, usando m\u00e9todos e t\u00e9cnicas estudadas no Curso;<\/li>\n<li>Respeitar os princ\u00edpios \u00e9ticos da \u00e1rea de computa\u00e7\u00e3o;<\/li>\n<li>Trabalhar individualmente e em equipe, na solu\u00e7\u00e3o de problemas computacionais de qualquer natureza;<\/li>\n<li>Ter a consci\u00eancia e a prepara\u00e7\u00e3o para lidar com as dimens\u00f5es humanas e \u00e9ticas dos conhecimentos e das rela\u00e7\u00f5es sociais.<\/li>\n<\/ul>\n<p>Mais informa\u00e7\u00f5es:<\/p>\n<ul>\n<li><a href=\"https:\/\/wp.ufpel.edu.br\/computacao\/files\/2019\/02\/ppc_v6_cc.pdf\" target=\"_blank\" rel=\"noopener\">Projeto Pol\u00edtico Pedag\u00f3gico do Curso (PPC vers\u00e3o 6, 2015)<\/a><\/li>\n<\/ul>\n<p>&nbsp;<\/p>\n","protected":false},"excerpt":{"rendered":"<p>O Curso de Bacharelado em Ci\u00eancia da Computa\u00e7\u00e3o est\u00e1 vinculado ao Centro de Desenvolvimento Tecnol\u00f3gico da UFPel. Criado em 1992, iniciou suas atividades com o nome de Bacharelado em Inform\u00e1tica em 1994, tendo recebido&#46;&#46;&#46;<\/p>\n","protected":false},"author":881,"featured_media":0,"parent":181,"menu_order":0,"comment_status":"closed","ping_status":"closed","template":"","meta":{"jetpack_post_was_ever_published":false,"footnotes":""},"class_list":["post-214","page","type-page","status-publish","hentry"],"jetpack_sharing_enabled":true,"jetpack_shortlink":"https:\/\/wp.me\/PaGhNl-3s","_links":{"self":[{"href":"https:\/\/wp.ufpel.edu.br\/computacao\/wp-json\/wp\/v2\/pages\/214","targetHints":{"allow":["GET"]}}],"collection":[{"href":"https:\/\/wp.ufpel.edu.br\/computacao\/wp-json\/wp\/v2\/pages"}],"about":[{"href":"https:\/\/wp.ufpel.edu.br\/computacao\/wp-json\/wp\/v2\/types\/page"}],"author":[{"embeddable":true,"href":"https:\/\/wp.ufpel.edu.br\/computacao\/wp-json\/wp\/v2\/users\/881"}],"replies":[{"embeddable":true,"href":"https:\/\/wp.ufpel.edu.br\/computacao\/wp-json\/wp\/v2\/comments?post=214"}],"version-history":[{"count":2,"href":"https:\/\/wp.ufpel.edu.br\/computacao\/wp-json\/wp\/v2\/pages\/214\/revisions"}],"predecessor-version":[{"id":219,"href":"https:\/\/wp.ufpel.edu.br\/computacao\/wp-json\/wp\/v2\/pages\/214\/revisions\/219"}],"up":[{"embeddable":true,"href":"https:\/\/wp.ufpel.edu.br\/computacao\/wp-json\/wp\/v2\/pages\/181"}],"wp:attachment":[{"href":"https:\/\/wp.ufpel.edu.br\/computacao\/wp-json\/wp\/v2\/media?parent=214"}],"curies":[{"name":"wp","href":"https:\/\/api.w.org\/{rel}","templated":true}]}}