{"id":206,"date":"2019-02-08T11:16:17","date_gmt":"2019-02-08T13:16:17","guid":{"rendered":"https:\/\/wp.ufpel.edu.br\/computacao\/?page_id=206"},"modified":"2019-02-08T11:17:25","modified_gmt":"2019-02-08T13:17:25","slug":"historia","status":"publish","type":"page","link":"https:\/\/wp.ufpel.edu.br\/computacao\/ciencia-da-computacao\/historia\/","title":{"rendered":"Hist\u00f3ria"},"content":{"rendered":"<p>O Curso de Ci\u00eancia da Computa\u00e7\u00e3o na\u00a0<a href=\"http:\/\/www.ufpel.edu.br\/\">UFPel<\/a>\u00a0foi criado em 1992, com o nome de Bacharelado em Inform\u00e1tica e teve seu primeiro ingresso em 1994, sob coordena\u00e7\u00e3o do Prof. Gil Carlos Rodrigues Medeiros, com 30 vagas. O curso foi bem recebido pela comunidade, apresentando mais de 13 candidatos por vaga no seu primeiro vestibular.<\/p>\n<p>J\u00e1 em 1994, foi institu\u00eddo o <a href=\"https:\/\/wp.ufpel.edu.br\/computacao\/graduacao\/diretorio-academico\/\">Diret\u00f3rio Acad\u00eamico Blaise Pascal<\/a>, entidade respons\u00e1vel por representar os docentes do curso. Em 1995, a primeira Semana Acad\u00eamica do Curso de Bacharelado em Inform\u00e1tica foi executada e os alunos marcaram presen\u00e7a no Congresso da Sociedade Brasileira de Computa\u00e7\u00e3o, em Canela-RS. \u00a0No mesmo ano, o curso foi contemplado com seu primeiro laborat\u00f3rio de ensino e pesquisa, financiado pelo CNPq.\u00a0No ano de 1998, ocorreu a formatura da primeira turma do curso.<\/p>\n<p>A mudan\u00e7a para o nome atual, Bacharelado em Ci\u00eancia da Computa\u00e7\u00e3o, ocorreu em 2001 e em 2004 a cria\u00e7\u00e3o do Departamento de Inform\u00e1tica, junto ao Instituto de F\u00edsica e Matem\u00e1tica, trouxe maior representatividade da \u00e1rea de Computa\u00e7\u00e3o \u00e0 Universidade, refor\u00e7ando o curso e permitindo a contrata\u00e7\u00e3o de novos docentes.<\/p>\n<p>Um crescimento mais expressivo ocorreu em 2008, com a ades\u00e3o da \u00e1rea ao\u00a0Programa de Reestrututura\u00e7\u00e3o e Expans\u00e3o das Universidades das Universidades Federais\u00a0(REUNI). O curso passou a oferecer 45 vagas a cada semestre, efetivamente\u00a0triplicando\u00a0a oferta de vagas em rela\u00e7\u00e3o ao in\u00edcio do curso.<\/p>\n<p>Em 2010, o curso foi transferido do Instituto de F\u00edsica e Matem\u00e1tica para o Centro de Desenvolvimento Tecnol\u00f3gico, extinguindo-se o Departamento de Inform\u00e1tica. O mesmo ano viu o in\u00edcio do curso irm\u00e3o de\u00a0<a title=\"Engenharia de Computa\u00e7\u00e3o \u2013 Home\" href=\"http:\/\/inf.ufpel.edu.br\/site\/?page_id=76\">Engenharia de Computa\u00e7\u00e3o<\/a>\u00a0e a cria\u00e7\u00e3o do\u00a0<a title=\"PPGC \u2013 Home\" href=\"http:\/\/inf.ufpel.edu.br\/site\/?page_id=37\">Programa de P\u00f3s-Gradua\u00e7\u00e3o em Computa\u00e7\u00e3o<\/a>, ambos vindo a contribuir para a qualifica\u00e7\u00e3o e expans\u00e3o da \u00e1rea na Universidade.<\/p>\n<p><strong>Coordenadores de curso<\/strong><\/p>\n<div>\n<ul id=\"internal-source-marker_0.8329685239586979\">\n<li>Prof. Gil Carlos Rodrigues Medeiros (1994-2001)<\/li>\n<li>Profa. Fl\u00e1via Braga de Azambuja (2001-2006)<\/li>\n<li>Prof. Carlos Ant\u00f4nio Pereira Campani (2006-2008)<\/li>\n<li>Prof. Lucas Ferrari de Oliveira (2008-2009)<\/li>\n<li>Prof. Paulo Roberto Ferreira Jr. (2009-2013)<\/li>\n<li>Prof. Mauricio Pilla\u00a0(2013-2015)<\/li>\n<li>Profa. Luciana Foss (2015-2016)<\/li>\n<li>Profa. Tatiana Aires Tavares (2017-atual)<\/li>\n<\/ul>\n<\/div>\n","protected":false},"excerpt":{"rendered":"<p>O Curso de Ci\u00eancia da Computa\u00e7\u00e3o na\u00a0UFPel\u00a0foi criado em 1992, com o nome de Bacharelado em Inform\u00e1tica e teve seu primeiro ingresso em 1994, sob coordena\u00e7\u00e3o do Prof. Gil Carlos Rodrigues Medeiros, com 30&#46;&#46;&#46;<\/p>\n","protected":false},"author":881,"featured_media":0,"parent":181,"menu_order":0,"comment_status":"closed","ping_status":"closed","template":"","meta":{"jetpack_post_was_ever_published":false,"footnotes":""},"class_list":["post-206","page","type-page","status-publish","hentry"],"jetpack_sharing_enabled":true,"jetpack_shortlink":"https:\/\/wp.me\/PaGhNl-3k","_links":{"self":[{"href":"https:\/\/wp.ufpel.edu.br\/computacao\/wp-json\/wp\/v2\/pages\/206","targetHints":{"allow":["GET"]}}],"collection":[{"href":"https:\/\/wp.ufpel.edu.br\/computacao\/wp-json\/wp\/v2\/pages"}],"about":[{"href":"https:\/\/wp.ufpel.edu.br\/computacao\/wp-json\/wp\/v2\/types\/page"}],"author":[{"embeddable":true,"href":"https:\/\/wp.ufpel.edu.br\/computacao\/wp-json\/wp\/v2\/users\/881"}],"replies":[{"embeddable":true,"href":"https:\/\/wp.ufpel.edu.br\/computacao\/wp-json\/wp\/v2\/comments?post=206"}],"version-history":[{"count":1,"href":"https:\/\/wp.ufpel.edu.br\/computacao\/wp-json\/wp\/v2\/pages\/206\/revisions"}],"predecessor-version":[{"id":208,"href":"https:\/\/wp.ufpel.edu.br\/computacao\/wp-json\/wp\/v2\/pages\/206\/revisions\/208"}],"up":[{"embeddable":true,"href":"https:\/\/wp.ufpel.edu.br\/computacao\/wp-json\/wp\/v2\/pages\/181"}],"wp:attachment":[{"href":"https:\/\/wp.ufpel.edu.br\/computacao\/wp-json\/wp\/v2\/media?parent=206"}],"curies":[{"name":"wp","href":"https:\/\/api.w.org\/{rel}","templated":true}]}}