{"id":184,"date":"2019-02-05T11:08:29","date_gmt":"2019-02-05T13:08:29","guid":{"rendered":"https:\/\/wp.ufpel.edu.br\/computacao\/?page_id=184"},"modified":"2019-05-07T14:19:59","modified_gmt":"2019-05-07T17:19:59","slug":"informes","status":"publish","type":"page","link":"https:\/\/wp.ufpel.edu.br\/computacao\/ciencia-da-computacao\/informes\/","title":{"rendered":"Informes Ci\u00eancia da Computa\u00e7\u00e3o"},"content":{"rendered":"<ul class=\"lcp_catlist\" id=\"lcp_instance_0\">N\u00e3o h\u00e1 informes.<\/ul>\n","protected":false},"excerpt":{"rendered":"","protected":false},"author":881,"featured_media":0,"parent":181,"menu_order":0,"comment_status":"closed","ping_status":"closed","template":"","meta":{"jetpack_post_was_ever_published":false,"footnotes":""},"class_list":["post-184","page","type-page","status-publish","hentry"],"jetpack_sharing_enabled":true,"jetpack_shortlink":"https:\/\/wp.me\/PaGhNl-2Y","_links":{"self":[{"href":"https:\/\/wp.ufpel.edu.br\/computacao\/wp-json\/wp\/v2\/pages\/184","targetHints":{"allow":["GET"]}}],"collection":[{"href":"https:\/\/wp.ufpel.edu.br\/computacao\/wp-json\/wp\/v2\/pages"}],"about":[{"href":"https:\/\/wp.ufpel.edu.br\/computacao\/wp-json\/wp\/v2\/types\/page"}],"author":[{"embeddable":true,"href":"https:\/\/wp.ufpel.edu.br\/computacao\/wp-json\/wp\/v2\/users\/881"}],"replies":[{"embeddable":true,"href":"https:\/\/wp.ufpel.edu.br\/computacao\/wp-json\/wp\/v2\/comments?post=184"}],"version-history":[{"count":12,"href":"https:\/\/wp.ufpel.edu.br\/computacao\/wp-json\/wp\/v2\/pages\/184\/revisions"}],"predecessor-version":[{"id":5179,"href":"https:\/\/wp.ufpel.edu.br\/computacao\/wp-json\/wp\/v2\/pages\/184\/revisions\/5179"}],"up":[{"embeddable":true,"href":"https:\/\/wp.ufpel.edu.br\/computacao\/wp-json\/wp\/v2\/pages\/181"}],"wp:attachment":[{"href":"https:\/\/wp.ufpel.edu.br\/computacao\/wp-json\/wp\/v2\/media?parent=184"}],"curies":[{"name":"wp","href":"https:\/\/api.w.org\/{rel}","templated":true}]}}