{"id":181,"date":"2019-02-05T11:05:35","date_gmt":"2019-02-05T13:05:35","guid":{"rendered":"https:\/\/wp.ufpel.edu.br\/computacao\/?page_id=181"},"modified":"2019-02-24T08:59:17","modified_gmt":"2019-02-24T11:59:17","slug":"ciencia-da-computacao","status":"publish","type":"page","link":"https:\/\/wp.ufpel.edu.br\/computacao\/ciencia-da-computacao\/","title":{"rendered":"Ci\u00eancia da Computa\u00e7\u00e3o"},"content":{"rendered":"<p>O curso de bacharelado em Ci\u00eancia da Computa\u00e7\u00e3o \u00e9 um dos mais tradicionais cursos de Computa\u00e7\u00e3o no Rio Grande do Sul. Criado em 1994, na \u00e9poca com o nome de Inform\u00e1tica, hoje est\u00e1 ligado ao Centro de Desenvolvimento Tecnol\u00f3gico e conta com quase 400 alunos matriculados e dois ingresso anuais com 40 vagas cada. A dura\u00e7\u00e3o m\u00ednima \u00e9 de 8 semestres (4 anos) e a t\u00edpica de 10 semestres (5 anos).<\/p>\n","protected":false},"excerpt":{"rendered":"<p>O curso de bacharelado em Ci\u00eancia da Computa\u00e7\u00e3o \u00e9 um dos mais tradicionais cursos de Computa\u00e7\u00e3o no Rio Grande do Sul. Criado em 1994, na \u00e9poca com o nome de Inform\u00e1tica, hoje est\u00e1 ligado&#46;&#46;&#46;<\/p>\n","protected":false},"author":881,"featured_media":0,"parent":0,"menu_order":0,"comment_status":"closed","ping_status":"closed","template":"","meta":{"jetpack_post_was_ever_published":false,"footnotes":""},"class_list":["post-181","page","type-page","status-publish","hentry"],"jetpack_sharing_enabled":true,"jetpack_shortlink":"https:\/\/wp.me\/PaGhNl-2V","_links":{"self":[{"href":"https:\/\/wp.ufpel.edu.br\/computacao\/wp-json\/wp\/v2\/pages\/181","targetHints":{"allow":["GET"]}}],"collection":[{"href":"https:\/\/wp.ufpel.edu.br\/computacao\/wp-json\/wp\/v2\/pages"}],"about":[{"href":"https:\/\/wp.ufpel.edu.br\/computacao\/wp-json\/wp\/v2\/types\/page"}],"author":[{"embeddable":true,"href":"https:\/\/wp.ufpel.edu.br\/computacao\/wp-json\/wp\/v2\/users\/881"}],"replies":[{"embeddable":true,"href":"https:\/\/wp.ufpel.edu.br\/computacao\/wp-json\/wp\/v2\/comments?post=181"}],"version-history":[{"count":3,"href":"https:\/\/wp.ufpel.edu.br\/computacao\/wp-json\/wp\/v2\/pages\/181\/revisions"}],"predecessor-version":[{"id":229,"href":"https:\/\/wp.ufpel.edu.br\/computacao\/wp-json\/wp\/v2\/pages\/181\/revisions\/229"}],"wp:attachment":[{"href":"https:\/\/wp.ufpel.edu.br\/computacao\/wp-json\/wp\/v2\/media?parent=181"}],"curies":[{"name":"wp","href":"https:\/\/api.w.org\/{rel}","templated":true}]}}