{"id":18,"date":"2019-01-30T06:36:47","date_gmt":"2019-01-30T08:36:47","guid":{"rendered":"https:\/\/wp.ufpel.edu.br\/computacao\/?page_id=18"},"modified":"2019-02-04T20:59:56","modified_gmt":"2019-02-04T22:59:56","slug":"sobre-a-computacao-ufpel","status":"publish","type":"page","link":"https:\/\/wp.ufpel.edu.br\/computacao\/sobre-a-computacao-ufpel\/","title":{"rendered":"Sobre a Computa\u00e7\u00e3o-UFPel"},"content":{"rendered":"<p>A Computa\u00e7\u00e3o-UFPel \u00e9 uma entidade abstrata que agrega e\u00a0representa a \u00e1rea acad\u00eamica de conhecimento denominada Computa\u00e7\u00e3o dentro da Universidade Federal de Pelotas. \u00c9 primariamente composta pelos professores e funcion\u00e1rios ligados aos cursos de\u00a0Ci\u00eancia da Computa\u00e7\u00e3o,\u00a0Engenharia de Computa\u00e7\u00e3o\u00a0e ao\u00a0Programa de P\u00f3s-Gradua\u00e7\u00e3o em Computa\u00e7\u00e3o, lotados no Centro de Desenvolvimento Tecnol\u00f3gico (<a href=\"http:\/\/cdtec.ufpel.edu.br\/\">CDTec<\/a>).<\/p>\n","protected":false},"excerpt":{"rendered":"<p>A Computa\u00e7\u00e3o-UFPel \u00e9 uma entidade abstrata que agrega e\u00a0representa a \u00e1rea acad\u00eamica de conhecimento denominada Computa\u00e7\u00e3o dentro da Universidade Federal de Pelotas. \u00c9 primariamente composta pelos professores e funcion\u00e1rios ligados aos cursos de\u00a0Ci\u00eancia da&#46;&#46;&#46;<\/p>\n","protected":false},"author":881,"featured_media":0,"parent":0,"menu_order":0,"comment_status":"closed","ping_status":"closed","template":"","meta":{"jetpack_post_was_ever_published":false,"footnotes":""},"class_list":["post-18","page","type-page","status-publish","hentry"],"jetpack_sharing_enabled":true,"jetpack_shortlink":"https:\/\/wp.me\/PaGhNl-i","_links":{"self":[{"href":"https:\/\/wp.ufpel.edu.br\/computacao\/wp-json\/wp\/v2\/pages\/18","targetHints":{"allow":["GET"]}}],"collection":[{"href":"https:\/\/wp.ufpel.edu.br\/computacao\/wp-json\/wp\/v2\/pages"}],"about":[{"href":"https:\/\/wp.ufpel.edu.br\/computacao\/wp-json\/wp\/v2\/types\/page"}],"author":[{"embeddable":true,"href":"https:\/\/wp.ufpel.edu.br\/computacao\/wp-json\/wp\/v2\/users\/881"}],"replies":[{"embeddable":true,"href":"https:\/\/wp.ufpel.edu.br\/computacao\/wp-json\/wp\/v2\/comments?post=18"}],"version-history":[{"count":2,"href":"https:\/\/wp.ufpel.edu.br\/computacao\/wp-json\/wp\/v2\/pages\/18\/revisions"}],"predecessor-version":[{"id":80,"href":"https:\/\/wp.ufpel.edu.br\/computacao\/wp-json\/wp\/v2\/pages\/18\/revisions\/80"}],"wp:attachment":[{"href":"https:\/\/wp.ufpel.edu.br\/computacao\/wp-json\/wp\/v2\/media?parent=18"}],"curies":[{"name":"wp","href":"https:\/\/api.w.org\/{rel}","templated":true}]}}