{"id":159,"date":"2019-02-05T09:34:44","date_gmt":"2019-02-05T11:34:44","guid":{"rendered":"https:\/\/wp.ufpel.edu.br\/computacao\/?page_id=159"},"modified":"2025-11-07T10:24:01","modified_gmt":"2025-11-07T13:24:01","slug":"grupos","status":"publish","type":"page","link":"https:\/\/wp.ufpel.edu.br\/computacao\/pesquisa\/grupos\/","title":{"rendered":"Grupos de Pesquisa"},"content":{"rendered":"<p>A Computa\u00e7\u00e3o-UFPel possui diversos grupos de pesquisa em atua\u00e7\u00e3o. S\u00e3o eles:<\/p>\n<ul>\n<li><a href=\"https:\/\/wp.ufpel.edu.br\/gaci\/\">Grupo de Arquiteturas e Circuitos Integrados (GACI)\u00a0<\/a><\/li>\n<li><a href=\"https:\/\/wp.ufpel.edu.br\/gaia\/\">Grupo de Aplica\u00e7\u00f5es em Intelig\u00eancia Artificial (GAIA)<\/a><\/li>\n<li><a href=\"http:\/\/dgp.cnpq.br\/dgp\/espelhogrupo\/217501\">Grupo de Engenharia de Sistemas Ciberf\u00edsicos<\/a><\/li>\n<li><a href=\"https:\/\/wp.ufpel.edu.br\/gepesc\/\">Grupo de Ensino, Pesquisa e Extens\u00e3o em Seguran\u00e7a Cibern\u00e9tica (GEPESC)<\/a><\/li>\n<li><a href=\"https:\/\/wp.ufpel.edu.br\/datalab\">Grupo de Estudos em Ci\u00eancia de Dados (Datalab)<\/a><\/li>\n<li><a href=\"https:\/\/wp.ufpel.edu.br\/gaspln\/\">Grupo de Pesquisa em An\u00e1lise de Sentimento e Processamento da L\u00edngua Natural (GASLN)<\/a><\/li>\n<li><a href=\"https:\/\/wp.ufpel.edu.br\/vitech\/pt\/\">Grupo de Pesquisa em Tecnologia de V\u00eddeos (ViTech)<\/a><\/li>\n<li><a href=\"http:\/\/lups.ufpel.edu.br\/\">Laborat\u00f3rio de Sistemas Ub\u00edquos e Paralelos (LUPS)<\/a><\/li>\n<\/ul>\n","protected":false},"excerpt":{"rendered":"<p>A Computa\u00e7\u00e3o-UFPel possui diversos grupos de pesquisa em atua\u00e7\u00e3o. S\u00e3o eles: Grupo de Arquiteturas e Circuitos Integrados (GACI)\u00a0 Grupo de Aplica\u00e7\u00f5es em Intelig\u00eancia Artificial (GAIA) Grupo de Engenharia de Sistemas Ciberf\u00edsicos Grupo de Ensino,&#46;&#46;&#46;<\/p>\n","protected":false},"author":881,"featured_media":0,"parent":148,"menu_order":0,"comment_status":"closed","ping_status":"closed","template":"","meta":{"jetpack_post_was_ever_published":false,"footnotes":""},"class_list":["post-159","page","type-page","status-publish","hentry"],"jetpack_sharing_enabled":true,"jetpack_shortlink":"https:\/\/wp.me\/PaGhNl-2z","_links":{"self":[{"href":"https:\/\/wp.ufpel.edu.br\/computacao\/wp-json\/wp\/v2\/pages\/159","targetHints":{"allow":["GET"]}}],"collection":[{"href":"https:\/\/wp.ufpel.edu.br\/computacao\/wp-json\/wp\/v2\/pages"}],"about":[{"href":"https:\/\/wp.ufpel.edu.br\/computacao\/wp-json\/wp\/v2\/types\/page"}],"author":[{"embeddable":true,"href":"https:\/\/wp.ufpel.edu.br\/computacao\/wp-json\/wp\/v2\/users\/881"}],"replies":[{"embeddable":true,"href":"https:\/\/wp.ufpel.edu.br\/computacao\/wp-json\/wp\/v2\/comments?post=159"}],"version-history":[{"count":3,"href":"https:\/\/wp.ufpel.edu.br\/computacao\/wp-json\/wp\/v2\/pages\/159\/revisions"}],"predecessor-version":[{"id":8829,"href":"https:\/\/wp.ufpel.edu.br\/computacao\/wp-json\/wp\/v2\/pages\/159\/revisions\/8829"}],"up":[{"embeddable":true,"href":"https:\/\/wp.ufpel.edu.br\/computacao\/wp-json\/wp\/v2\/pages\/148"}],"wp:attachment":[{"href":"https:\/\/wp.ufpel.edu.br\/computacao\/wp-json\/wp\/v2\/media?parent=159"}],"curies":[{"name":"wp","href":"https:\/\/api.w.org\/{rel}","templated":true}]}}