{"id":118,"date":"2019-02-04T22:21:39","date_gmt":"2019-02-05T00:21:39","guid":{"rendered":"https:\/\/wp.ufpel.edu.br\/computacao\/?page_id=118"},"modified":"2026-02-02T21:02:35","modified_gmt":"2026-02-03T00:02:35","slug":"ppgc","status":"publish","type":"page","link":"https:\/\/wp.ufpel.edu.br\/computacao\/ppgc\/","title":{"rendered":"Programa de P\u00f3s-Gradua\u00e7\u00e3o em Computa\u00e7\u00e3o"},"content":{"rendered":"\n<p>O Programa de P\u00f3s-Gradua\u00e7\u00e3o em Computa\u00e7\u00e3o (PPGC) da UFPel, vinculado ao Centro de Desenvolvimento Tecnol\u00f3gico (CDTec), oferece programas de <strong>Mestrado<\/strong> <strong>e Doutorado<\/strong> <strong>em Ci\u00eancia da Computa\u00e7\u00e3o<\/strong>, proporcionando uma ampla gama de oportunidades por meio de suas cinco linhas distintas de pesquisa. O PPGC obteve sua acredita\u00e7\u00e3o pela CAPES em novembro de 2010, no n\u00edvel de mestrado, seguido pelo n\u00edvel de doutorado em 2015. Notavelmente, alcan\u00e7ou a<strong> nota 6<\/strong> na mais recente avalia\u00e7\u00e3o da CAPES, destacando seu compromisso com a excel\u00eancia acad\u00eamica e avan\u00e7os no campo da Computa\u00e7\u00e3o.<\/p>\n\n\n\n<p><strong>Coordena\u00e7\u00e3o (2025-2027)<\/strong><\/p>\n\n\n\n<p>Coordenador: Andr\u00e9 Rauber Du Bois<br>Coordenador adjunto: Luciano Volcan Agostini<\/p>\n\n\n\n<p><strong>Coordena\u00e7\u00f5es anteriores<\/strong><\/p>\n\n\n\n<p>2023-2025: Guilherme Ribeiro Corr\u00eaa \/ Andr\u00e9 Rauber Du Bois<br>2021-2023: Bruno Zatt \/ Guilherme Ribeiro Corr\u00eaa<br>2019-2021: Marcelo Schiavon Porto \/ Bruno Zatt<br>2017-2019: Gerson Geraldo Homrich Cavalheiro \/ Marcelo Schiavon Porto<br>2015-2017: Ricardo Matsumura Araujo \/ Bruno Zatt<br>2013-2015: Felipe de Souza Marques \/ Ricardo Matsumura Araujo<br>2010-2013: Gerson Geraldo Homrich Cavalheiro \/ Luciano Volcan Agostini<\/p>\n","protected":false},"excerpt":{"rendered":"<p>O Programa de P\u00f3s-Gradua\u00e7\u00e3o em Computa\u00e7\u00e3o (PPGC) da UFPel, vinculado ao Centro de Desenvolvimento Tecnol\u00f3gico (CDTec), oferece programas de Mestrado e Doutorado em Ci\u00eancia da Computa\u00e7\u00e3o, proporcionando uma ampla gama de oportunidades por meio&#46;&#46;&#46;<\/p>\n","protected":false},"author":881,"featured_media":0,"parent":0,"menu_order":0,"comment_status":"closed","ping_status":"closed","template":"","meta":{"jetpack_post_was_ever_published":false,"footnotes":""},"class_list":["post-118","page","type-page","status-publish","hentry"],"jetpack_sharing_enabled":true,"jetpack_shortlink":"https:\/\/wp.me\/PaGhNl-1U","_links":{"self":[{"href":"https:\/\/wp.ufpel.edu.br\/computacao\/wp-json\/wp\/v2\/pages\/118","targetHints":{"allow":["GET"]}}],"collection":[{"href":"https:\/\/wp.ufpel.edu.br\/computacao\/wp-json\/wp\/v2\/pages"}],"about":[{"href":"https:\/\/wp.ufpel.edu.br\/computacao\/wp-json\/wp\/v2\/types\/page"}],"author":[{"embeddable":true,"href":"https:\/\/wp.ufpel.edu.br\/computacao\/wp-json\/wp\/v2\/users\/881"}],"replies":[{"embeddable":true,"href":"https:\/\/wp.ufpel.edu.br\/computacao\/wp-json\/wp\/v2\/comments?post=118"}],"version-history":[{"count":3,"href":"https:\/\/wp.ufpel.edu.br\/computacao\/wp-json\/wp\/v2\/pages\/118\/revisions"}],"predecessor-version":[{"id":8868,"href":"https:\/\/wp.ufpel.edu.br\/computacao\/wp-json\/wp\/v2\/pages\/118\/revisions\/8868"}],"wp:attachment":[{"href":"https:\/\/wp.ufpel.edu.br\/computacao\/wp-json\/wp\/v2\/media?parent=118"}],"curies":[{"name":"wp","href":"https:\/\/api.w.org\/{rel}","templated":true}]}}